{"id":15079,"date":"2024-12-20T16:29:12","date_gmt":"2024-12-20T16:29:12","guid":{"rendered":"https:\/\/pararepublique.com\/?post_type=product&#038;p=15079"},"modified":"2024-12-20T16:29:12","modified_gmt":"2024-12-20T16:29:12","slug":"parfum-coffret-prada-luna-rossa","status":"publish","type":"product","link":"https:\/\/pararepublique.com\/index.php\/product\/parfum-coffret-prada-luna-rossa\/","title":{"rendered":"PARFUM COFFRET PRADA LUNA ROSSA"},"content":{"rendered":"<ul>\n<li class=\"product-info__description\"><strong>Contenu du Coffret :<\/strong> Eau de Toilette &#8211; Prada Luna Rossa Carbon, 100 ml + Mini Eau de Toilette &#8211; Prada Luna Rossa Carbon, 2&#215;10 ml.\n<p>Le parfum persistant de Luna Rossa Carbon de Prada vous procurera une sensation agr\u00e9able et un regain d&rsquo;\u00e9nergie. Cette fragrance d\u00e9voile des notes foug\u00e8res riches qui marient parfaitement les nuances naturelles et urbaines. Le parfum est construit autour de contrastes \u2014 doux et amer, noir et blanc, intense et l\u00e9ger. Cela d\u00e9crit parfaitement son caract\u00e8re, tout comme la nature multifacette d&rsquo;une personne. Le coffret est pr\u00e9sent\u00e9 dans une bo\u00eete cadeau attrayante.<\/p>\n<p><strong>Eau de Toilette Prada Luna Rossa Carbon<\/strong><\/p>\n<p><strong>Notes de t\u00eate<\/strong> : elles tournent autour du motif frais de la bergamote et du caract\u00e8re \u00e9pic\u00e9 du poivre.<\/p>\n<p><strong>Notes de c\u0153ur<\/strong> : elles introduisent une touche aquatique l\u00e9g\u00e8re et l&rsquo;aura riche du charbon. L&rsquo;aura parfum\u00e9e de la lavande contraste avec les nuances d&rsquo;asphalte et de terre, cr\u00e9ant une tra\u00een\u00e9e incroyable.<\/p>\n<p><strong>Notes de fond<\/strong> : elles incarnent le solo multifacette de l&rsquo;ambroxan et la riche r\u00e9sonance du patchouli.<\/li>\n<\/ul>\n","protected":false},"excerpt":{"rendered":"<p><strong>Type de produits:<\/strong> coffrets<br \/>\n<strong>Famille Olfactive:<\/strong> foug\u00e8re<br \/>\n<strong>Notes de t\u00eate:<\/strong> Bergamote, Poivre<br \/>\n<strong>Notes de c\u0153ur:<\/strong> Asphalte, Charbon, Lavande, Notes aqueuses, Notes de terres<br \/>\n<strong>Notes de fond:<\/strong> Ambroxan, Patchouli<br \/>\n<strong>Date de sortie:<\/strong> 2017<br \/>\n<strong>Composition:<\/strong> eau de toilette, mini<br \/>\n<strong>Collection:<\/strong> luna rossa<br \/>\n<strong>Pour qui:<\/strong> pour hommes<br \/>\n<strong>Classification:<\/strong> luxe<\/p>\n","protected":false},"featured_media":15080,"comment_status":"open","ping_status":"closed","template":"","meta":{"inline_featured_image":false,"_monsterinsights_skip_tracking":false,"_monsterinsights_sitenote_active":false,"_monsterinsights_sitenote_note":"","_monsterinsights_sitenote_category":0,"_joinchat":[]},"product_cat":[106],"product_tag":[],"class_list":{"0":"post-15079","1":"product","2":"type-product","3":"status-publish","4":"has-post-thumbnail","6":"product_cat-parfumerie","8":"first","9":"instock","10":"shipping-taxable","11":"purchasable","12":"product-type-simple","13":"add-to-wishlist-after_add_to_cart"},"aioseo_notices":[],"_links":{"self":[{"href":"https:\/\/pararepublique.com\/index.php\/wp-json\/wp\/v2\/product\/15079","targetHints":{"allow":["GET"]}}],"collection":[{"href":"https:\/\/pararepublique.com\/index.php\/wp-json\/wp\/v2\/product"}],"about":[{"href":"https:\/\/pararepublique.com\/index.php\/wp-json\/wp\/v2\/types\/product"}],"replies":[{"embeddable":true,"href":"https:\/\/pararepublique.com\/index.php\/wp-json\/wp\/v2\/comments?post=15079"}],"version-history":[{"count":2,"href":"https:\/\/pararepublique.com\/index.php\/wp-json\/wp\/v2\/product\/15079\/revisions"}],"predecessor-version":[{"id":15082,"href":"https:\/\/pararepublique.com\/index.php\/wp-json\/wp\/v2\/product\/15079\/revisions\/15082"}],"wp:featuredmedia":[{"embeddable":true,"href":"https:\/\/pararepublique.com\/index.php\/wp-json\/wp\/v2\/media\/15080"}],"wp:attachment":[{"href":"https:\/\/pararepublique.com\/index.php\/wp-json\/wp\/v2\/media?parent=15079"}],"wp:term":[{"taxonomy":"product_cat","embeddable":true,"href":"https:\/\/pararepublique.com\/index.php\/wp-json\/wp\/v2\/product_cat?post=15079"},{"taxonomy":"product_tag","embeddable":true,"href":"https:\/\/pararepublique.com\/index.php\/wp-json\/wp\/v2\/product_tag?post=15079"}],"curies":[{"name":"wp","href":"https:\/\/api.w.org\/{rel}","templated":true}]}}