{"id":15083,"date":"2024-12-20T16:32:06","date_gmt":"2024-12-20T16:32:06","guid":{"rendered":"https:\/\/pararepublique.com\/?post_type=product&#038;p=15083"},"modified":"2024-12-20T16:32:06","modified_gmt":"2024-12-20T16:32:06","slug":"parfum-coffret-rodriguez","status":"publish","type":"product","link":"https:\/\/pararepublique.com\/index.php\/product\/parfum-coffret-rodriguez\/","title":{"rendered":"PARFUM COFFRET RODRIGUEZ"},"content":{"rendered":"<div id=\"collapse-product-description\" class=\"c-list-tab\">\n<div>\n<p>Coffret cadeau eau de toilette Narciso Rodriguez For Her. Pour la f\u00eate des m\u00e8res, Narciso Rodriguez a collabor\u00e9 avec un artiste pour c\u00e9l\u00e9brer les fleurs et cr\u00e9er un coffret unique.<\/p>\n<p>Ce coffret comprend<\/p>\n<p>&#8211; 1 pour elle eau de toilette 100ml<\/p>\n<p>&#8211; 1 pour elle lotion corporelle 50ml<\/p>\n<p>&#8211; 1 pour elle eau de toilette sac \u00e0 main 10ml<\/p>\n<p>Le parfum iconique pour elle de Narciso Rodriguez<\/p>\n<p>Premier parfum cr\u00e9\u00e9 par Narciso Rodriguez, l&rsquo;eau de toilette for her rend hommage \u00e0 l&rsquo;\u00e9l\u00e9gance intemporelle et \u00e0 la beaut\u00e9 sans \u00e2ge de la femme moderne.<\/p>\n<p>Centr\u00e9 sur un c\u0153ur unique de musc &#8211; la signature iconique de Narciso Rodriguez &#8211; ce parfum contemporain musqu\u00e9 et chypr\u00e9 raconte l&rsquo;histoire d&rsquo;une f\u00e9minit\u00e9 intemporelle.<\/p>\n<p>Un parfum chypre musc \u00e9l\u00e9gant et moderne<\/p>\n<p>Son eau de toilette est compos\u00e9 d&rsquo;une subtile harmonie d&rsquo;accords olfactifs autour d&rsquo;un c\u0153ur de musc raffin\u00e9.<\/p>\n<p>Les notes florales de fleurs d&rsquo;osmanthus se m\u00ealent pour animer les facettes les plus rayonnantes du musc.<\/p>\n<p>Avec une douceur a\u00e9rienne, les ar\u00f4mes riches et cr\u00e9meux de l&rsquo;ambre et de la vanille transforment le musc en une douce \u00e9treinte.<\/p>\n<p>En fond, les notes bois\u00e9es de patchouli intensifient le parfum et l&rsquo;enveloppent d&rsquo;une douceur soyeuse.<\/p>\n<p>Une bo\u00eete cadeau 100% carton, une bo\u00eete cadeau plus consciente<\/p>\n<p>Les bo\u00eetes cadeaux 100% carton, nous vous encourageons \u00e0 donner une seconde vie \u00e0 vos bo\u00eetes cadeaux en les r\u00e9utilisant ou en les recyclant*.<\/p>\n<p>*Les directives en mati\u00e8re de recyclage peuvent varier d&rsquo;un endroit \u00e0 l&rsquo;autre.<\/p>\n<\/div>\n<\/div>\n","protected":false},"excerpt":{"rendered":"<p>Les notes florales de fleurs d&rsquo;osmanthus se m\u00ealent pour animer les facettes les plus rayonnantes du musc.<\/p>\n","protected":false},"featured_media":15084,"comment_status":"open","ping_status":"closed","template":"","meta":{"inline_featured_image":false,"_monsterinsights_skip_tracking":false,"_monsterinsights_sitenote_active":false,"_monsterinsights_sitenote_note":"","_monsterinsights_sitenote_category":0,"_joinchat":[]},"product_cat":[106],"product_tag":[],"class_list":{"0":"post-15083","1":"product","2":"type-product","3":"status-publish","4":"has-post-thumbnail","6":"product_cat-parfumerie","8":"first","9":"instock","10":"shipping-taxable","11":"purchasable","12":"product-type-simple","13":"add-to-wishlist-after_add_to_cart"},"aioseo_notices":[],"_links":{"self":[{"href":"https:\/\/pararepublique.com\/index.php\/wp-json\/wp\/v2\/product\/15083","targetHints":{"allow":["GET"]}}],"collection":[{"href":"https:\/\/pararepublique.com\/index.php\/wp-json\/wp\/v2\/product"}],"about":[{"href":"https:\/\/pararepublique.com\/index.php\/wp-json\/wp\/v2\/types\/product"}],"replies":[{"embeddable":true,"href":"https:\/\/pararepublique.com\/index.php\/wp-json\/wp\/v2\/comments?post=15083"}],"version-history":[{"count":1,"href":"https:\/\/pararepublique.com\/index.php\/wp-json\/wp\/v2\/product\/15083\/revisions"}],"predecessor-version":[{"id":15085,"href":"https:\/\/pararepublique.com\/index.php\/wp-json\/wp\/v2\/product\/15083\/revisions\/15085"}],"wp:featuredmedia":[{"embeddable":true,"href":"https:\/\/pararepublique.com\/index.php\/wp-json\/wp\/v2\/media\/15084"}],"wp:attachment":[{"href":"https:\/\/pararepublique.com\/index.php\/wp-json\/wp\/v2\/media?parent=15083"}],"wp:term":[{"taxonomy":"product_cat","embeddable":true,"href":"https:\/\/pararepublique.com\/index.php\/wp-json\/wp\/v2\/product_cat?post=15083"},{"taxonomy":"product_tag","embeddable":true,"href":"https:\/\/pararepublique.com\/index.php\/wp-json\/wp\/v2\/product_tag?post=15083"}],"curies":[{"name":"wp","href":"https:\/\/api.w.org\/{rel}","templated":true}]}}