{"id":15093,"date":"2024-12-20T16:38:52","date_gmt":"2024-12-20T16:38:52","guid":{"rendered":"https:\/\/pararepublique.com\/?post_type=product&#038;p=15093"},"modified":"2024-12-20T16:38:52","modified_gmt":"2024-12-20T16:38:52","slug":"parfum-diesel-fuel-75ml","status":"publish","type":"product","link":"https:\/\/pararepublique.com\/index.php\/product\/parfum-diesel-fuel-75ml\/","title":{"rendered":"PARFUM DIESEL FUEL 75ML"},"content":{"rendered":"<p>Fuel For Life Unlimited est un parfum floral fruit\u00e9 bois\u00e9, \u00e9voquant l&rsquo;\u00e9l\u00e9gance et le raffinement des \u00ab\u00a0Ann\u00e9es Folles\u00a0\u00bb dans un parfum. Tel un battement de coeur emball\u00e9, le liquide pr\u00e9cieux pulse et r\u00e9sonne sur la peau. En le respirant, une seule envie vous envahit : saisir chaque seconde comme si c&rsquo;\u00e9tait la derni\u00e8re&#8230; Exclusivement pour elles, absolument effervescent, d\u00e9finitivement sensuel, Fuel For Life Unlimited explose l&rsquo;\u00e9chelle volcanique de la f\u00e9minit\u00e9. Il puise son inspiration aupr\u00e8s de celles qui pr\u00e9f\u00e8rent l&rsquo;ivresse \u00e0 la sobri\u00e9t\u00e9, l&rsquo;instant pr\u00e9sent au lendemain, l&rsquo;insolence \u00e0 la soumission. Sublimant les ann\u00e9es folles, Fuel For Life Unlimited est cr\u00e9\u00e9 pour celles d\u00e9sirant : Un plaisir illimit\u00e9 ! Un pouvoir illimit\u00e9 ! Une exp\u00e9rience illimit\u00e9e ! Un sex-appeal illimit\u00e9 ! Gourmand mais jamais r\u00e9gressif, Fuel For Life Unlimited signe son empreinte d&rsquo;une r\u00e9glisse omnipr\u00e9sente, de la t\u00eate jusqu&rsquo;au coeur du parfum. Anis\u00e9e, tendrement sucr\u00e9e, cette friandise r\u00e9tro teint\u00e9e de violette donne au sillage le go\u00fbt de l&rsquo;audace. C&rsquo;est un parfum festif, \u00e9nergisant et souriant aussi dor\u00e9 qu&rsquo;un fruit au soleil, promesse de r\u00e9jouissances&#8230; &#8230; \u00e0 utiliser avec pr\u00e9caution&#8230; Un flacon pr\u00e9cieux et f\u00e9minin habill\u00e9 d&rsquo;une r\u00e9sille noire et or. Plong\u00e9 dans un bain de quartz fum\u00e9, le flacon est marqu\u00e9 \u00e0 chaud d&rsquo;une inscription tout en carats et se pare d&rsquo;un sautoir en m\u00e9tal dor\u00e9, d\u00e9tail chic d&rsquo;une allure sophistiqu\u00e9e.<\/p>\n","protected":false},"excerpt":{"rendered":"<p>Fuel For Life Unlimited est un parfum floral fruit\u00e9 bois\u00e9, \u00e9voquant l&rsquo;\u00e9l\u00e9gance et le raffinement des \u00ab\u00a0Ann\u00e9es Folles\u00a0\u00bb dans un parfum. Tel un battement de coeur emball\u00e9, le liquide pr\u00e9cieux pulse et r\u00e9sonne sur la peau.<\/p>\n","protected":false},"featured_media":15094,"comment_status":"open","ping_status":"closed","template":"","meta":{"inline_featured_image":false,"_monsterinsights_skip_tracking":false,"_monsterinsights_sitenote_active":false,"_monsterinsights_sitenote_note":"","_monsterinsights_sitenote_category":0,"_joinchat":[]},"product_cat":[106],"product_tag":[],"class_list":{"0":"post-15093","1":"product","2":"type-product","3":"status-publish","4":"has-post-thumbnail","6":"product_cat-parfumerie","8":"first","9":"instock","10":"shipping-taxable","11":"purchasable","12":"product-type-simple","13":"add-to-wishlist-after_add_to_cart"},"aioseo_notices":[],"_links":{"self":[{"href":"https:\/\/pararepublique.com\/index.php\/wp-json\/wp\/v2\/product\/15093","targetHints":{"allow":["GET"]}}],"collection":[{"href":"https:\/\/pararepublique.com\/index.php\/wp-json\/wp\/v2\/product"}],"about":[{"href":"https:\/\/pararepublique.com\/index.php\/wp-json\/wp\/v2\/types\/product"}],"replies":[{"embeddable":true,"href":"https:\/\/pararepublique.com\/index.php\/wp-json\/wp\/v2\/comments?post=15093"}],"version-history":[{"count":1,"href":"https:\/\/pararepublique.com\/index.php\/wp-json\/wp\/v2\/product\/15093\/revisions"}],"predecessor-version":[{"id":15095,"href":"https:\/\/pararepublique.com\/index.php\/wp-json\/wp\/v2\/product\/15093\/revisions\/15095"}],"wp:featuredmedia":[{"embeddable":true,"href":"https:\/\/pararepublique.com\/index.php\/wp-json\/wp\/v2\/media\/15094"}],"wp:attachment":[{"href":"https:\/\/pararepublique.com\/index.php\/wp-json\/wp\/v2\/media?parent=15093"}],"wp:term":[{"taxonomy":"product_cat","embeddable":true,"href":"https:\/\/pararepublique.com\/index.php\/wp-json\/wp\/v2\/product_cat?post=15093"},{"taxonomy":"product_tag","embeddable":true,"href":"https:\/\/pararepublique.com\/index.php\/wp-json\/wp\/v2\/product_tag?post=15093"}],"curies":[{"name":"wp","href":"https:\/\/api.w.org\/{rel}","templated":true}]}}