{"id":15096,"date":"2024-12-22T17:39:44","date_gmt":"2024-12-22T17:39:44","guid":{"rendered":"https:\/\/pararepublique.com\/?post_type=product&#038;p=15096"},"modified":"2024-12-22T17:39:45","modified_gmt":"2024-12-22T17:39:45","slug":"parfum-diesel-fuel-for-life-denim-collection-50ml","status":"publish","type":"product","link":"https:\/\/pararepublique.com\/index.php\/product\/parfum-diesel-fuel-for-life-denim-collection-50ml\/","title":{"rendered":"PARFUM DIESEL FUEL FOR LIFE DENIM COLLECTION 50ML"},"content":{"rendered":"<p><b>Fuel for Life Denim Collection Homme<\/b> de <b>Diesel<\/b> est un parfum Aromatique Foug\u00e8re pour homme. <b>Fuel for Life Denim Collection Homme<\/b> a \u00e9t\u00e9 lanc\u00e9 en 2011. La note de t\u00eate est Agrumes; les notes de coeur sont Framboise et Lavande; la note de fond est Notes bois\u00e9es.<\/p>\n","protected":false},"excerpt":{"rendered":"<p>Le parfum par Diesel, un \u00e9lixir sexy et \u00e9nerg\u00e9tique. Fuel For Life un parfum qui s\u2019adresse \u00e0 ceux qui veulent se sentir intens\u00e9ment vivants et vivre leur vie avec passion et \u00e9nergie. Un nouveau parfum de la marque Diesel Denim Collection combinant des notes fra\u00eeches et sexy. Cette eau de toilette pour femme habill\u00e9e en jeans est un \u201cmust-have\u201d.<br \/>\nContenance 50ml<\/p>\n","protected":false},"featured_media":15097,"comment_status":"open","ping_status":"closed","template":"","meta":{"inline_featured_image":false,"_monsterinsights_skip_tracking":false,"_monsterinsights_sitenote_active":false,"_monsterinsights_sitenote_note":"","_monsterinsights_sitenote_category":0,"_joinchat":[]},"product_cat":[106],"product_tag":[],"class_list":{"0":"post-15096","1":"product","2":"type-product","3":"status-publish","4":"has-post-thumbnail","6":"product_cat-parfumerie","8":"first","9":"instock","10":"shipping-taxable","11":"purchasable","12":"product-type-simple","13":"add-to-wishlist-after_add_to_cart"},"aioseo_notices":[],"_links":{"self":[{"href":"https:\/\/pararepublique.com\/index.php\/wp-json\/wp\/v2\/product\/15096","targetHints":{"allow":["GET"]}}],"collection":[{"href":"https:\/\/pararepublique.com\/index.php\/wp-json\/wp\/v2\/product"}],"about":[{"href":"https:\/\/pararepublique.com\/index.php\/wp-json\/wp\/v2\/types\/product"}],"replies":[{"embeddable":true,"href":"https:\/\/pararepublique.com\/index.php\/wp-json\/wp\/v2\/comments?post=15096"}],"version-history":[{"count":1,"href":"https:\/\/pararepublique.com\/index.php\/wp-json\/wp\/v2\/product\/15096\/revisions"}],"predecessor-version":[{"id":15098,"href":"https:\/\/pararepublique.com\/index.php\/wp-json\/wp\/v2\/product\/15096\/revisions\/15098"}],"wp:featuredmedia":[{"embeddable":true,"href":"https:\/\/pararepublique.com\/index.php\/wp-json\/wp\/v2\/media\/15097"}],"wp:attachment":[{"href":"https:\/\/pararepublique.com\/index.php\/wp-json\/wp\/v2\/media?parent=15096"}],"wp:term":[{"taxonomy":"product_cat","embeddable":true,"href":"https:\/\/pararepublique.com\/index.php\/wp-json\/wp\/v2\/product_cat?post=15096"},{"taxonomy":"product_tag","embeddable":true,"href":"https:\/\/pararepublique.com\/index.php\/wp-json\/wp\/v2\/product_tag?post=15096"}],"curies":[{"name":"wp","href":"https:\/\/api.w.org\/{rel}","templated":true}]}}