{"id":15110,"date":"2024-12-22T18:07:02","date_gmt":"2024-12-22T18:07:02","guid":{"rendered":"https:\/\/pararepublique.com\/?post_type=product&#038;p=15110"},"modified":"2024-12-22T18:07:03","modified_gmt":"2024-12-22T18:07:03","slug":"parfum-dolce-et-gabana","status":"publish","type":"product","link":"https:\/\/pararepublique.com\/index.php\/product\/parfum-dolce-et-gabana\/","title":{"rendered":"PARFUM DOLCE ET  GABANA"},"content":{"rendered":"<p>La fragrance Dolce&amp;Gabbana Devotion Eau de Parfum est un voyage sensoriel, s\u00e9duisant et rassurant, capable d\u2019\u00e9voquer les valeurs positives ch\u00e8res \u00e0 Dolce&amp;Gabbana, symbolis\u00e9es par le sceau du C\u0153ur Sacr\u00e9. Une cr\u00e9ation olfactive aux contrastes exquis, aux notes de c\u0153ur lumineuses et aux notes de fond sensuelles.<\/p>\n<p>&nbsp;<\/p>\n","protected":false},"excerpt":{"rendered":"<p>Avec ses frises prononc\u00e9es, le C\u0153ur Sacr\u00e9 orne le flacon de Devotion Eau de Parfum. Un symbole d\u2019amour universel sous toutes ses formes et nuances.<\/p>\n","protected":false},"featured_media":15112,"comment_status":"open","ping_status":"closed","template":"","meta":{"inline_featured_image":false,"_monsterinsights_skip_tracking":false,"_monsterinsights_sitenote_active":false,"_monsterinsights_sitenote_note":"","_monsterinsights_sitenote_category":0,"_joinchat":[]},"product_cat":[106],"product_tag":[],"class_list":{"0":"post-15110","1":"product","2":"type-product","3":"status-publish","4":"has-post-thumbnail","6":"product_cat-parfumerie","8":"first","9":"instock","10":"shipping-taxable","11":"purchasable","12":"product-type-simple","13":"add-to-wishlist-after_add_to_cart"},"aioseo_notices":[],"_links":{"self":[{"href":"https:\/\/pararepublique.com\/index.php\/wp-json\/wp\/v2\/product\/15110","targetHints":{"allow":["GET"]}}],"collection":[{"href":"https:\/\/pararepublique.com\/index.php\/wp-json\/wp\/v2\/product"}],"about":[{"href":"https:\/\/pararepublique.com\/index.php\/wp-json\/wp\/v2\/types\/product"}],"replies":[{"embeddable":true,"href":"https:\/\/pararepublique.com\/index.php\/wp-json\/wp\/v2\/comments?post=15110"}],"version-history":[{"count":1,"href":"https:\/\/pararepublique.com\/index.php\/wp-json\/wp\/v2\/product\/15110\/revisions"}],"predecessor-version":[{"id":15113,"href":"https:\/\/pararepublique.com\/index.php\/wp-json\/wp\/v2\/product\/15110\/revisions\/15113"}],"wp:featuredmedia":[{"embeddable":true,"href":"https:\/\/pararepublique.com\/index.php\/wp-json\/wp\/v2\/media\/15112"}],"wp:attachment":[{"href":"https:\/\/pararepublique.com\/index.php\/wp-json\/wp\/v2\/media?parent=15110"}],"wp:term":[{"taxonomy":"product_cat","embeddable":true,"href":"https:\/\/pararepublique.com\/index.php\/wp-json\/wp\/v2\/product_cat?post=15110"},{"taxonomy":"product_tag","embeddable":true,"href":"https:\/\/pararepublique.com\/index.php\/wp-json\/wp\/v2\/product_tag?post=15110"}],"curies":[{"name":"wp","href":"https:\/\/api.w.org\/{rel}","templated":true}]}}