{"id":15126,"date":"2024-12-22T18:30:37","date_gmt":"2024-12-22T18:30:37","guid":{"rendered":"https:\/\/pararepublique.com\/?post_type=product&#038;p=15126"},"modified":"2024-12-22T18:30:38","modified_gmt":"2024-12-22T18:30:38","slug":"parfum-dolce-the-one-pour-homme","status":"publish","type":"product","link":"https:\/\/pararepublique.com\/index.php\/product\/parfum-dolce-the-one-pour-homme\/","title":{"rendered":"PARFUM DOLCE THE ONE POUR HOMME"},"content":{"rendered":"<p>Laissez-vous surprendre par le parfum de marque\u00a0<strong>Parfum Homme Dolce &amp; Gabbana EDP The One For Men 150 ml<\/strong>\u00a0et laissez un souvenir imp\u00e9rissable de votre passage en portant ce\u00a0<strong>parfum homme<\/strong><strong>\u00a0<\/strong><strong>100 % authentique<\/strong>. Sa composition unique exalte un parfum \u00e0 votre image. D\u00e9couvrez sans plus tarder nos produits\u00a0<strong>Dolce &amp; Gabbana 100 % authentiques<\/strong>\u00a0!<\/p>\n","protected":false},"excerpt":{"rendered":"<p><strong>Histoire du parfum<\/strong><br \/>\nLe parfum Dolce &amp; Gabbana The One Gold a vu le jour en\u00a02021. Sa composition olfactive sensuelle, \u00e9l\u00e9gante et incroyablement f\u00e9minine est l\u2019\u0153uvre de la parfumeuse Violaine Collas. Ce parfum est pr\u00e9sent\u00e9 dans un flacon dor\u00e9 de luxe, dot\u00e9 des lignes g\u00e9om\u00e9triques et pr\u00e9cises qui caract\u00e9risent la collection The One.<\/p>\n","protected":false},"featured_media":15127,"comment_status":"open","ping_status":"closed","template":"","meta":{"inline_featured_image":false,"_monsterinsights_skip_tracking":false,"_monsterinsights_sitenote_active":false,"_monsterinsights_sitenote_note":"","_monsterinsights_sitenote_category":0,"_joinchat":[]},"product_cat":[106],"product_tag":[],"class_list":{"0":"post-15126","1":"product","2":"type-product","3":"status-publish","4":"has-post-thumbnail","6":"product_cat-parfumerie","8":"first","9":"instock","10":"shipping-taxable","11":"product-type-simple","12":"add-to-wishlist-after_add_to_cart"},"aioseo_notices":[],"_links":{"self":[{"href":"https:\/\/pararepublique.com\/index.php\/wp-json\/wp\/v2\/product\/15126","targetHints":{"allow":["GET"]}}],"collection":[{"href":"https:\/\/pararepublique.com\/index.php\/wp-json\/wp\/v2\/product"}],"about":[{"href":"https:\/\/pararepublique.com\/index.php\/wp-json\/wp\/v2\/types\/product"}],"replies":[{"embeddable":true,"href":"https:\/\/pararepublique.com\/index.php\/wp-json\/wp\/v2\/comments?post=15126"}],"version-history":[{"count":2,"href":"https:\/\/pararepublique.com\/index.php\/wp-json\/wp\/v2\/product\/15126\/revisions"}],"predecessor-version":[{"id":15129,"href":"https:\/\/pararepublique.com\/index.php\/wp-json\/wp\/v2\/product\/15126\/revisions\/15129"}],"wp:featuredmedia":[{"embeddable":true,"href":"https:\/\/pararepublique.com\/index.php\/wp-json\/wp\/v2\/media\/15127"}],"wp:attachment":[{"href":"https:\/\/pararepublique.com\/index.php\/wp-json\/wp\/v2\/media?parent=15126"}],"wp:term":[{"taxonomy":"product_cat","embeddable":true,"href":"https:\/\/pararepublique.com\/index.php\/wp-json\/wp\/v2\/product_cat?post=15126"},{"taxonomy":"product_tag","embeddable":true,"href":"https:\/\/pararepublique.com\/index.php\/wp-json\/wp\/v2\/product_tag?post=15126"}],"curies":[{"name":"wp","href":"https:\/\/api.w.org\/{rel}","templated":true}]}}