{"id":15130,"date":"2024-12-22T18:38:43","date_gmt":"2024-12-22T18:38:43","guid":{"rendered":"https:\/\/pararepublique.com\/?post_type=product&#038;p=15130"},"modified":"2024-12-22T18:38:43","modified_gmt":"2024-12-22T18:38:43","slug":"parfum-dunhill-icon-absolue","status":"publish","type":"product","link":"https:\/\/pararepublique.com\/index.php\/product\/parfum-dunhill-icon-absolue\/","title":{"rendered":"PARFUM DUNHILL ICON ABSOLUE"},"content":{"rendered":"<p><strong>Dunhill Icon Absolute Cologne<\/strong> par Alfred Dunhill, <strong>Dunhill Icon Absolute<\/strong> d&rsquo;Alfred Dunhill est un parfum moderne qui incarne l&rsquo;\u00e9l\u00e9gance intemporelle de la masculinit\u00e9. La bergamote et le poivre noir \u00e9veillent les sens avec une touche d&rsquo;\u00e9pices citronn\u00e9es, \u00e0 la fois naturelles et captivantes. Des notes de jasmin, de safran et de rose noire s&rsquo;associent pour former un bouquet floral qui apporte une l\u00e9g\u00e8ret\u00e9 raffin\u00e9e et une virilit\u00e9 affirm\u00e9e. Les notes de fond, avec l&rsquo;oud, la feuille de tabac et le cuir, cr\u00e9ent un terrain sophistiqu\u00e9 o\u00f9 tous les ar\u00f4mes se rencontrent harmonieusement.<\/p>\n<p>&nbsp;<\/p>\n","protected":false},"excerpt":{"rendered":"<p>Alfred Dunhill est une maison classique dont l&rsquo;ascension vers le statut d&rsquo;ic\u00f4ne de la mode a commenc\u00e9 en 1893 en tant que fabricant de selles. Depuis, elle s&rsquo;est r\u00e9invent\u00e9e comme un pr\u00e9curseur de l&rsquo;industrie de la mode, contribuant \u00e0 d\u00e9finir l&rsquo;ar\u00f4me masculin par excellence.<\/p>\n","protected":false},"featured_media":15131,"comment_status":"open","ping_status":"closed","template":"","meta":{"inline_featured_image":false,"_monsterinsights_skip_tracking":false,"_monsterinsights_sitenote_active":false,"_monsterinsights_sitenote_note":"","_monsterinsights_sitenote_category":0,"_joinchat":[]},"product_cat":[106],"product_tag":[],"class_list":{"0":"post-15130","1":"product","2":"type-product","3":"status-publish","4":"has-post-thumbnail","6":"product_cat-parfumerie","8":"first","9":"instock","10":"shipping-taxable","11":"purchasable","12":"product-type-simple","13":"add-to-wishlist-after_add_to_cart"},"aioseo_notices":[],"_links":{"self":[{"href":"https:\/\/pararepublique.com\/index.php\/wp-json\/wp\/v2\/product\/15130","targetHints":{"allow":["GET"]}}],"collection":[{"href":"https:\/\/pararepublique.com\/index.php\/wp-json\/wp\/v2\/product"}],"about":[{"href":"https:\/\/pararepublique.com\/index.php\/wp-json\/wp\/v2\/types\/product"}],"replies":[{"embeddable":true,"href":"https:\/\/pararepublique.com\/index.php\/wp-json\/wp\/v2\/comments?post=15130"}],"version-history":[{"count":1,"href":"https:\/\/pararepublique.com\/index.php\/wp-json\/wp\/v2\/product\/15130\/revisions"}],"predecessor-version":[{"id":15132,"href":"https:\/\/pararepublique.com\/index.php\/wp-json\/wp\/v2\/product\/15130\/revisions\/15132"}],"wp:featuredmedia":[{"embeddable":true,"href":"https:\/\/pararepublique.com\/index.php\/wp-json\/wp\/v2\/media\/15131"}],"wp:attachment":[{"href":"https:\/\/pararepublique.com\/index.php\/wp-json\/wp\/v2\/media?parent=15130"}],"wp:term":[{"taxonomy":"product_cat","embeddable":true,"href":"https:\/\/pararepublique.com\/index.php\/wp-json\/wp\/v2\/product_cat?post=15130"},{"taxonomy":"product_tag","embeddable":true,"href":"https:\/\/pararepublique.com\/index.php\/wp-json\/wp\/v2\/product_tag?post=15130"}],"curies":[{"name":"wp","href":"https:\/\/api.w.org\/{rel}","templated":true}]}}