{"id":15133,"date":"2024-12-22T18:42:42","date_gmt":"2024-12-22T18:42:42","guid":{"rendered":"https:\/\/pararepublique.com\/?post_type=product&#038;p=15133"},"modified":"2024-12-22T18:42:43","modified_gmt":"2024-12-22T18:42:43","slug":"parfum-eau-de-cologne-imperiale","status":"publish","type":"product","link":"https:\/\/pararepublique.com\/index.php\/product\/parfum-eau-de-cologne-imperiale\/","title":{"rendered":"PARFUM EAU DE COLOGNE IMPERIALE"},"content":{"rendered":"<p>Cr\u00e9\u00e9e en 1853 par Pierre-Fran\u00e7ois-Pascal Guerlain, L&rsquo;Eau de Cologne Imp\u00e9riale est la toute premi\u00e8re Eau de Cologne Guerlain. Compos\u00e9e sp\u00e9cialement pour l&rsquo;Imp\u00e9ratrice Eug\u00e9nie, \u00e9pouse de Napol\u00e9on III, elle valut \u00e0 son cr\u00e9ateur le titre de \u00ab\u00a0Parfumeur brevet\u00e9 de sa Majest\u00e9\u00a0\u00bb. L&rsquo;Imp\u00e9ratrice en garda l&rsquo;exclusivit\u00e9 quelques ann\u00e9es avant de donner son accord \u00e0 sa commercialisation. Elle porte sur son \u00e9tiquette le symbole de l&rsquo;Empire, affichant les armoiries choisies par Napol\u00e9on; l&rsquo;aigle, la couronne imp\u00e9riale et le sceptre. Son flacon, constell\u00e9 de 69 abeilles symboles de l&rsquo;Empire, est caract\u00e9ristique de la famille des Eaux de Guerlain. Il peut \u00eatre personnalis\u00e9 sur commande, d\u00e9cor\u00e9 \u00e0 la main \u00e0 l&rsquo;or fin et sign\u00e9 de d&rsquo;initiales.<\/p>\n","protected":false},"excerpt":{"rendered":"<p>Toute simple au d\u00e9part avec ses notes hesp\u00e9rid\u00e9es qui filtrent avec le romarin, puis la magie du N\u00e9roli vient adoucir ce bouquet d&rsquo;agrumes. Cette eau de cologne blanche cr\u00e9\u00e9e pour l&rsquo;imp\u00e9ratrice Eug\u00e9nie valut \u00e0 Pierre-Fran\u00e7ois-Pascal Guerlain son titre de Fournisseur Officiel de la cour imp\u00e9riale.<\/p>\n","protected":false},"featured_media":15134,"comment_status":"open","ping_status":"closed","template":"","meta":{"inline_featured_image":false,"_monsterinsights_skip_tracking":false,"_monsterinsights_sitenote_active":false,"_monsterinsights_sitenote_note":"","_monsterinsights_sitenote_category":0,"_joinchat":[]},"product_cat":[106],"product_tag":[],"class_list":{"0":"post-15133","1":"product","2":"type-product","3":"status-publish","4":"has-post-thumbnail","6":"product_cat-parfumerie","8":"first","9":"instock","10":"shipping-taxable","11":"purchasable","12":"product-type-simple","13":"add-to-wishlist-after_add_to_cart"},"aioseo_notices":[],"_links":{"self":[{"href":"https:\/\/pararepublique.com\/index.php\/wp-json\/wp\/v2\/product\/15133","targetHints":{"allow":["GET"]}}],"collection":[{"href":"https:\/\/pararepublique.com\/index.php\/wp-json\/wp\/v2\/product"}],"about":[{"href":"https:\/\/pararepublique.com\/index.php\/wp-json\/wp\/v2\/types\/product"}],"replies":[{"embeddable":true,"href":"https:\/\/pararepublique.com\/index.php\/wp-json\/wp\/v2\/comments?post=15133"}],"version-history":[{"count":2,"href":"https:\/\/pararepublique.com\/index.php\/wp-json\/wp\/v2\/product\/15133\/revisions"}],"predecessor-version":[{"id":15136,"href":"https:\/\/pararepublique.com\/index.php\/wp-json\/wp\/v2\/product\/15133\/revisions\/15136"}],"wp:featuredmedia":[{"embeddable":true,"href":"https:\/\/pararepublique.com\/index.php\/wp-json\/wp\/v2\/media\/15134"}],"wp:attachment":[{"href":"https:\/\/pararepublique.com\/index.php\/wp-json\/wp\/v2\/media?parent=15133"}],"wp:term":[{"taxonomy":"product_cat","embeddable":true,"href":"https:\/\/pararepublique.com\/index.php\/wp-json\/wp\/v2\/product_cat?post=15133"},{"taxonomy":"product_tag","embeddable":true,"href":"https:\/\/pararepublique.com\/index.php\/wp-json\/wp\/v2\/product_tag?post=15133"}],"curies":[{"name":"wp","href":"https:\/\/api.w.org\/{rel}","templated":true}]}}