{"id":15137,"date":"2024-12-22T18:45:08","date_gmt":"2024-12-22T18:45:08","guid":{"rendered":"https:\/\/pararepublique.com\/?post_type=product&#038;p=15137"},"modified":"2024-12-22T18:45:08","modified_gmt":"2024-12-22T18:45:08","slug":"parfum-eau-des-merveilles","status":"publish","type":"product","link":"https:\/\/pararepublique.com\/index.php\/product\/parfum-eau-des-merveilles\/","title":{"rendered":"PARFUM EAU DES MERVEILLES"},"content":{"rendered":"<p>De la surprise \u00e0 la magie et de la magie \u00e0 l\u2019enchantement, l\u2019Eau des Merveilles nous m\u00e8ne par le bout du nez sur un nuage de fantaisie. Roman multi-facett\u00e9 construit sur un accord ambr\u00e9 bois\u00e9 qui r\u00e9sonne jusque dans les notes de t\u00eate, la fragrance, cr\u00e9\u00e9e en 2004 par Ralph Schwieger et Nathalie Feisthauer, r\u00e9ussit le pari d\u2019une f\u00e9minit\u00e9 scintillante sans fleurs apparentes.<\/p>\n<p>&nbsp;<\/p>\n","protected":false},"excerpt":{"rendered":"<p>\u00ab Le parfum de l\u2019enchantement. Un bois d\u2019ambre au f\u00e9minin surprenant et magique. \u00bb Jean-Claude Ellena.<\/p>\n<p>L\u2019eau de parfum \u00c9lixir des Merveilles, gourmande et charnelle.<\/p>\n","protected":false},"featured_media":15138,"comment_status":"open","ping_status":"closed","template":"","meta":{"inline_featured_image":false,"_monsterinsights_skip_tracking":false,"_monsterinsights_sitenote_active":false,"_monsterinsights_sitenote_note":"","_monsterinsights_sitenote_category":0,"_joinchat":[]},"product_cat":[106],"product_tag":[],"class_list":{"0":"post-15137","1":"product","2":"type-product","3":"status-publish","4":"has-post-thumbnail","6":"product_cat-parfumerie","8":"first","9":"instock","10":"shipping-taxable","11":"purchasable","12":"product-type-simple","13":"add-to-wishlist-after_add_to_cart"},"aioseo_notices":[],"_links":{"self":[{"href":"https:\/\/pararepublique.com\/index.php\/wp-json\/wp\/v2\/product\/15137","targetHints":{"allow":["GET"]}}],"collection":[{"href":"https:\/\/pararepublique.com\/index.php\/wp-json\/wp\/v2\/product"}],"about":[{"href":"https:\/\/pararepublique.com\/index.php\/wp-json\/wp\/v2\/types\/product"}],"replies":[{"embeddable":true,"href":"https:\/\/pararepublique.com\/index.php\/wp-json\/wp\/v2\/comments?post=15137"}],"version-history":[{"count":1,"href":"https:\/\/pararepublique.com\/index.php\/wp-json\/wp\/v2\/product\/15137\/revisions"}],"predecessor-version":[{"id":15139,"href":"https:\/\/pararepublique.com\/index.php\/wp-json\/wp\/v2\/product\/15137\/revisions\/15139"}],"wp:featuredmedia":[{"embeddable":true,"href":"https:\/\/pararepublique.com\/index.php\/wp-json\/wp\/v2\/media\/15138"}],"wp:attachment":[{"href":"https:\/\/pararepublique.com\/index.php\/wp-json\/wp\/v2\/media?parent=15137"}],"wp:term":[{"taxonomy":"product_cat","embeddable":true,"href":"https:\/\/pararepublique.com\/index.php\/wp-json\/wp\/v2\/product_cat?post=15137"},{"taxonomy":"product_tag","embeddable":true,"href":"https:\/\/pararepublique.com\/index.php\/wp-json\/wp\/v2\/product_tag?post=15137"}],"curies":[{"name":"wp","href":"https:\/\/api.w.org\/{rel}","templated":true}]}}