{"id":15144,"date":"2024-12-22T18:57:55","date_gmt":"2024-12-22T18:57:55","guid":{"rendered":"https:\/\/pararepublique.com\/?post_type=product&#038;p=15144"},"modified":"2024-12-22T18:57:56","modified_gmt":"2024-12-22T18:57:56","slug":"parfum-1881-lumieres-dete","status":"publish","type":"product","link":"https:\/\/pararepublique.com\/index.php\/product\/parfum-1881-lumieres-dete\/","title":{"rendered":"PARFUM 1881 LUMIERES D\u2019ETE"},"content":{"rendered":"","protected":false},"excerpt":{"rendered":"<p><b>Cerruti 1881 Lumieres d&rsquo;Ete<\/b> de <b>Cerruti<\/b> est un parfum Chypr\u00e9 Floral pour femme. <b>Cerruti 1881 Lumieres d&rsquo;Ete<\/b> a \u00e9t\u00e9 lanc\u00e9 en 2007. Le nez derri\u00e8re ce parfum est Natalie Gracia-Cetto. Les notes de t\u00eate sont Mandarine, P\u00eache et Bergamote; les notes de coeur sont Rose, Pivoine et Magnolia; les notes de fond sont Patchouli et Musc blanc.<\/p>\n","protected":false},"featured_media":15145,"comment_status":"open","ping_status":"closed","template":"","meta":{"inline_featured_image":false,"_monsterinsights_skip_tracking":false,"_monsterinsights_sitenote_active":false,"_monsterinsights_sitenote_note":"","_monsterinsights_sitenote_category":0,"_joinchat":[]},"product_cat":[106],"product_tag":[],"class_list":{"0":"post-15144","1":"product","2":"type-product","3":"status-publish","4":"has-post-thumbnail","6":"product_cat-parfumerie","8":"first","9":"instock","10":"shipping-taxable","11":"purchasable","12":"product-type-simple","13":"add-to-wishlist-after_add_to_cart"},"aioseo_notices":[],"_links":{"self":[{"href":"https:\/\/pararepublique.com\/index.php\/wp-json\/wp\/v2\/product\/15144","targetHints":{"allow":["GET"]}}],"collection":[{"href":"https:\/\/pararepublique.com\/index.php\/wp-json\/wp\/v2\/product"}],"about":[{"href":"https:\/\/pararepublique.com\/index.php\/wp-json\/wp\/v2\/types\/product"}],"replies":[{"embeddable":true,"href":"https:\/\/pararepublique.com\/index.php\/wp-json\/wp\/v2\/comments?post=15144"}],"version-history":[{"count":1,"href":"https:\/\/pararepublique.com\/index.php\/wp-json\/wp\/v2\/product\/15144\/revisions"}],"predecessor-version":[{"id":15146,"href":"https:\/\/pararepublique.com\/index.php\/wp-json\/wp\/v2\/product\/15144\/revisions\/15146"}],"wp:featuredmedia":[{"embeddable":true,"href":"https:\/\/pararepublique.com\/index.php\/wp-json\/wp\/v2\/media\/15145"}],"wp:attachment":[{"href":"https:\/\/pararepublique.com\/index.php\/wp-json\/wp\/v2\/media?parent=15144"}],"wp:term":[{"taxonomy":"product_cat","embeddable":true,"href":"https:\/\/pararepublique.com\/index.php\/wp-json\/wp\/v2\/product_cat?post=15144"},{"taxonomy":"product_tag","embeddable":true,"href":"https:\/\/pararepublique.com\/index.php\/wp-json\/wp\/v2\/product_tag?post=15144"}],"curies":[{"name":"wp","href":"https:\/\/api.w.org\/{rel}","templated":true}]}}