{"id":15150,"date":"2024-12-22T19:04:14","date_gmt":"2024-12-22T19:04:14","guid":{"rendered":"https:\/\/pararepublique.com\/?post_type=product&#038;p=15150"},"modified":"2024-12-22T19:04:14","modified_gmt":"2024-12-22T19:04:14","slug":"parfum-plaisir-vanille-gourmandise-110ml","status":"publish","type":"product","link":"https:\/\/pararepublique.com\/index.php\/product\/parfum-plaisir-vanille-gourmandise-110ml\/","title":{"rendered":"PARFUM PLAISIR VANILLE GOURMANDISE 110ML"},"content":{"rendered":"<div id=\"tab-description\" class=\"c-product__tabs-panel  woocommerce-Tabs-panel woocommerce-Tabs-panel--description panel entry-content wc-tab  current visible\" role=\"tabpanel\" aria-labelledby=\"tab-title-description\">\n<p>INFORMATIONS COMPL\u00c9MENTAIRES<\/p>\n<p>Flacon verre vaporisateur<br \/>\nContenance 110ml<br \/>\nPour toujours plus de petits plaisirs, d\u00e9couvrez notre large gamme d\u2019Eaux de toilette color\u00e9es \u00e0 collectionner sans limite !<\/p>\n<p>NOS ENGAGEMENTS<br \/>\n<img decoding=\"async\" class=\"emoji\" role=\"img\" draggable=\"false\" src=\"https:\/\/s.w.org\/images\/core\/emoji\/15.0.3\/svg\/1f4cd.svg\" alt=\"\ud83d\udccd\" \/> Concoct\u00e9e en France : pens\u00e9e, con\u00e7ue et fabriqu\u00e9e pr\u00e8s de Toulouse, dans notre PME familiale.<\/p>\n<p><img decoding=\"async\" class=\"emoji\" role=\"img\" draggable=\"false\" src=\"https:\/\/s.w.org\/images\/core\/emoji\/15.0.3\/svg\/2728.svg\" alt=\"\u2728\" \/> Fragrance addictive : un parfum gourmand et envoutant, \u00e0 croquer !<\/p>\n<\/div>\n","protected":false},"excerpt":{"rendered":"<p>Fruit\u00e9e, intense, gourmande !<br \/>\nUne Eau de toilette chaleureuse et envoutante qui r\u00e9v\u00e8le toute l\u2019intensit\u00e9 de la Vanille. Un rendez-vous gourmand o\u00f9 se m\u00ealent la tendresse du Caramel \u00e0 la sensualit\u00e9 de notes vanill\u00e9es !<\/p>\n","protected":false},"featured_media":15151,"comment_status":"open","ping_status":"closed","template":"","meta":{"inline_featured_image":false,"_monsterinsights_skip_tracking":false,"_monsterinsights_sitenote_active":false,"_monsterinsights_sitenote_note":"","_monsterinsights_sitenote_category":0,"_joinchat":[]},"product_cat":[106],"product_tag":[],"class_list":{"0":"post-15150","1":"product","2":"type-product","3":"status-publish","4":"has-post-thumbnail","6":"product_cat-parfumerie","8":"first","9":"instock","10":"shipping-taxable","11":"purchasable","12":"product-type-simple","13":"add-to-wishlist-after_add_to_cart"},"aioseo_notices":[],"_links":{"self":[{"href":"https:\/\/pararepublique.com\/index.php\/wp-json\/wp\/v2\/product\/15150","targetHints":{"allow":["GET"]}}],"collection":[{"href":"https:\/\/pararepublique.com\/index.php\/wp-json\/wp\/v2\/product"}],"about":[{"href":"https:\/\/pararepublique.com\/index.php\/wp-json\/wp\/v2\/types\/product"}],"replies":[{"embeddable":true,"href":"https:\/\/pararepublique.com\/index.php\/wp-json\/wp\/v2\/comments?post=15150"}],"version-history":[{"count":1,"href":"https:\/\/pararepublique.com\/index.php\/wp-json\/wp\/v2\/product\/15150\/revisions"}],"predecessor-version":[{"id":15152,"href":"https:\/\/pararepublique.com\/index.php\/wp-json\/wp\/v2\/product\/15150\/revisions\/15152"}],"wp:featuredmedia":[{"embeddable":true,"href":"https:\/\/pararepublique.com\/index.php\/wp-json\/wp\/v2\/media\/15151"}],"wp:attachment":[{"href":"https:\/\/pararepublique.com\/index.php\/wp-json\/wp\/v2\/media?parent=15150"}],"wp:term":[{"taxonomy":"product_cat","embeddable":true,"href":"https:\/\/pararepublique.com\/index.php\/wp-json\/wp\/v2\/product_cat?post=15150"},{"taxonomy":"product_tag","embeddable":true,"href":"https:\/\/pararepublique.com\/index.php\/wp-json\/wp\/v2\/product_tag?post=15150"}],"curies":[{"name":"wp","href":"https:\/\/api.w.org\/{rel}","templated":true}]}}