{"id":15160,"date":"2024-12-22T19:20:36","date_gmt":"2024-12-22T19:20:36","guid":{"rendered":"https:\/\/pararepublique.com\/?post_type=product&#038;p=15160"},"modified":"2024-12-22T19:20:36","modified_gmt":"2024-12-22T19:20:36","slug":"parfum-212-men-pop","status":"publish","type":"product","link":"https:\/\/pararepublique.com\/index.php\/product\/parfum-212-men-pop\/","title":{"rendered":"PARFUM 212 MEN POP"},"content":{"rendered":"<p><strong>Carolina Herrera 212 Pop! Men<\/strong><\/p>\n<p>Le parfum <strong>212 Pop! Men<\/strong> de la c\u00e9l\u00e8bre marque Carolina Herrera est con\u00e7u pour les hommes modernes, confiants et tr\u00e8s styl\u00e9s. Ce nouveau parfum, lanc\u00e9 en 2011, est id\u00e9al pour cr\u00e9er une ambiance parfaite lors d\u2019un magnifique \u00e9t\u00e9 ensoleill\u00e9. La fra\u00eecheur \u00e9clatante et lumineuse de cette fragrance incarne un ar\u00f4me moderne, vif et rafra\u00eechissant, bas\u00e9 sur des notes de menthe et de glace.<\/p>\n<p>Le parfum est enrichi par la douceur de la mandarine et des accents de menthe, avec un fond compos\u00e9 de nuances bois\u00e9es intenses. Les notes vibrantes se d\u00e9voilent \u00e0 travers des accords de mojito, m\u00ealant une fra\u00eecheur glac\u00e9e et menthol\u00e9e. La composition olfactive inclut des notes de menthe bleue, des accords aquatiques, du musc, du mojito, de la mandarine et des notes bois\u00e9es.<\/p>\n<p>&nbsp;<\/p>\n","protected":false},"excerpt":{"rendered":"<p><strong>Composition du parfum :<\/strong> menthe, accords aquatiques, musc, mojito, mandarine et bois.<\/p>\n","protected":false},"featured_media":15161,"comment_status":"open","ping_status":"closed","template":"","meta":{"inline_featured_image":false,"_monsterinsights_skip_tracking":false,"_monsterinsights_sitenote_active":false,"_monsterinsights_sitenote_note":"","_monsterinsights_sitenote_category":0,"_joinchat":[]},"product_cat":[106],"product_tag":[],"class_list":{"0":"post-15160","1":"product","2":"type-product","3":"status-publish","4":"has-post-thumbnail","6":"product_cat-parfumerie","8":"first","9":"instock","10":"shipping-taxable","11":"purchasable","12":"product-type-simple","13":"add-to-wishlist-after_add_to_cart"},"aioseo_notices":[],"_links":{"self":[{"href":"https:\/\/pararepublique.com\/index.php\/wp-json\/wp\/v2\/product\/15160","targetHints":{"allow":["GET"]}}],"collection":[{"href":"https:\/\/pararepublique.com\/index.php\/wp-json\/wp\/v2\/product"}],"about":[{"href":"https:\/\/pararepublique.com\/index.php\/wp-json\/wp\/v2\/types\/product"}],"replies":[{"embeddable":true,"href":"https:\/\/pararepublique.com\/index.php\/wp-json\/wp\/v2\/comments?post=15160"}],"version-history":[{"count":2,"href":"https:\/\/pararepublique.com\/index.php\/wp-json\/wp\/v2\/product\/15160\/revisions"}],"predecessor-version":[{"id":15163,"href":"https:\/\/pararepublique.com\/index.php\/wp-json\/wp\/v2\/product\/15160\/revisions\/15163"}],"wp:featuredmedia":[{"embeddable":true,"href":"https:\/\/pararepublique.com\/index.php\/wp-json\/wp\/v2\/media\/15161"}],"wp:attachment":[{"href":"https:\/\/pararepublique.com\/index.php\/wp-json\/wp\/v2\/media?parent=15160"}],"wp:term":[{"taxonomy":"product_cat","embeddable":true,"href":"https:\/\/pararepublique.com\/index.php\/wp-json\/wp\/v2\/product_cat?post=15160"},{"taxonomy":"product_tag","embeddable":true,"href":"https:\/\/pararepublique.com\/index.php\/wp-json\/wp\/v2\/product_tag?post=15160"}],"curies":[{"name":"wp","href":"https:\/\/api.w.org\/{rel}","templated":true}]}}