{"id":15164,"date":"2024-12-22T19:23:15","date_gmt":"2024-12-22T19:23:15","guid":{"rendered":"https:\/\/pararepublique.com\/?post_type=product&#038;p=15164"},"modified":"2024-12-22T19:23:16","modified_gmt":"2024-12-22T19:23:16","slug":"parfum-212-vip-men-50ml","status":"publish","type":"product","link":"https:\/\/pararepublique.com\/index.php\/product\/parfum-212-vip-men-50ml\/","title":{"rendered":"PARFUM 212 VIP MEN 50ML"},"content":{"rendered":"<p>L\u2019eau de parfum <b>\u00a0212 VIP Black<\/b> est une nouvelle d\u00e9finition de l\u2019\u00e9nergie explosive con\u00e7ue pour d\u00e9fier, inspirer et conqu\u00e9rir la f\u00eate !<\/p>\n<p>C\u2019est un parfum pour les hommes qui aiment osez et ayez tous les regards et toutes les attentions.<\/p>\n","protected":false},"excerpt":{"rendered":"<p>Ce parfum associe l\u2019Absinthe \u00e0 la douce Lavande, pour se terminer par un musc s\u00e9duisant dans un flacon au format monolithique et un d\u00e9grad\u00e9 de noir<\/p>\n","protected":false},"featured_media":15165,"comment_status":"open","ping_status":"closed","template":"","meta":{"inline_featured_image":false,"_monsterinsights_skip_tracking":false,"_monsterinsights_sitenote_active":false,"_monsterinsights_sitenote_note":"","_monsterinsights_sitenote_category":0,"_joinchat":[]},"product_cat":[106],"product_tag":[],"class_list":{"0":"post-15164","1":"product","2":"type-product","3":"status-publish","4":"has-post-thumbnail","6":"product_cat-parfumerie","8":"first","9":"instock","10":"shipping-taxable","11":"purchasable","12":"product-type-simple","13":"add-to-wishlist-after_add_to_cart"},"aioseo_notices":[],"_links":{"self":[{"href":"https:\/\/pararepublique.com\/index.php\/wp-json\/wp\/v2\/product\/15164","targetHints":{"allow":["GET"]}}],"collection":[{"href":"https:\/\/pararepublique.com\/index.php\/wp-json\/wp\/v2\/product"}],"about":[{"href":"https:\/\/pararepublique.com\/index.php\/wp-json\/wp\/v2\/types\/product"}],"replies":[{"embeddable":true,"href":"https:\/\/pararepublique.com\/index.php\/wp-json\/wp\/v2\/comments?post=15164"}],"version-history":[{"count":2,"href":"https:\/\/pararepublique.com\/index.php\/wp-json\/wp\/v2\/product\/15164\/revisions"}],"predecessor-version":[{"id":15167,"href":"https:\/\/pararepublique.com\/index.php\/wp-json\/wp\/v2\/product\/15164\/revisions\/15167"}],"wp:featuredmedia":[{"embeddable":true,"href":"https:\/\/pararepublique.com\/index.php\/wp-json\/wp\/v2\/media\/15165"}],"wp:attachment":[{"href":"https:\/\/pararepublique.com\/index.php\/wp-json\/wp\/v2\/media?parent=15164"}],"wp:term":[{"taxonomy":"product_cat","embeddable":true,"href":"https:\/\/pararepublique.com\/index.php\/wp-json\/wp\/v2\/product_cat?post=15164"},{"taxonomy":"product_tag","embeddable":true,"href":"https:\/\/pararepublique.com\/index.php\/wp-json\/wp\/v2\/product_tag?post=15164"}],"curies":[{"name":"wp","href":"https:\/\/api.w.org\/{rel}","templated":true}]}}