{"id":15168,"date":"2024-12-22T19:30:09","date_gmt":"2024-12-22T19:30:09","guid":{"rendered":"https:\/\/pararepublique.com\/?post_type=product&#038;p=15168"},"modified":"2024-12-22T19:30:09","modified_gmt":"2024-12-22T19:30:09","slug":"parfum-apparition-homme-50ml","status":"publish","type":"product","link":"https:\/\/pararepublique.com\/index.php\/product\/parfum-apparition-homme-50ml\/","title":{"rendered":"PARFUM APPARITION HOMME 50ML"},"content":{"rendered":"<p><strong>Emanuel Ungaro Apparition Homme For Men Eau De Toilette<\/strong> est une fragrance captivante con\u00e7ue pour l\u2019homme moderne, confiant et sophistiqu\u00e9. Ce parfum exquis fait partie de la c\u00e9l\u00e8bre collection Emanuel Ungaro, reconnue pour son \u00e9l\u00e9gance intemporelle et son savoir-faire impeccable.<\/p>\n<p>La fragrance <strong>Apparition Homme<\/strong> s\u2019ouvre sur une bouff\u00e9e rafra\u00eechissante de bergamote, mandarine et cardamome, offrant des notes de t\u00eate vibrantes et vivifiantes. Au fur et \u00e0 mesure que le parfum \u00e9volue, son c\u0153ur d\u00e9voile un m\u00e9lange riche de lavande, de g\u00e9ranium et de muscade, apportant une chaleur et une sensualit\u00e9 subtiles. Enfin, les notes de fond de c\u00e8dre, v\u00e9tiver et musc forment une base masculine et durable.<\/p>\n<p>Parfait pour une utilisation de jour comme de soir, <strong>Emanuel Ungaro Apparition Homme<\/strong> met en valeur le charme et le charisme naturels de celui qui le porte. Son ar\u00f4me distinctif flotte dans l&rsquo;air, laissant une empreinte d&rsquo;\u00e9l\u00e9gance partout o\u00f9 vous allez. Ce parfum est un v\u00e9ritable hommage \u00e0 l&rsquo;art de la parfumerie, \u00e9labor\u00e9 avec pr\u00e9cision et souci du d\u00e9tail.<\/p>\n<p>Le flacon \u00e9l\u00e9gant et sophistiqu\u00e9 refl\u00e8te l\u2019essence m\u00eame du parfum. Son design minimaliste aux lignes \u00e9pur\u00e9es ajoute une touche de modernit\u00e9, en faisant un ajout styl\u00e9 \u00e0 toute collection. Que vous cherchiez \u00e0 sublimer votre style personnel ou \u00e0 offrir un cadeau m\u00e9morable \u00e0 quelqu\u2019un de sp\u00e9cial, <strong>Emanuel Ungaro Apparition Homme<\/strong> est un choix intemporel.<\/p>\n<p>D\u00e9couvrez l\u2019attrait et la sophistication de <strong>Emanuel Ungaro Apparition Homme For Men Eau De Toilette<\/strong>. Embrassez l\u2019essence de la masculinit\u00e9 avec cette fragrance captivante qui c\u00e9l\u00e8bre le charme unique de l\u2019homme moderne.<\/p>\n","protected":false},"excerpt":{"rendered":"<p data-pm-slice=\"1 1 []\">Composition<\/p>\n<p>notes de t\u00eate : anis, mandarine, rhubarbe<\/p>\n<p>notes de c\u0153ur : th\u00e9, poivre<\/p>\n<p>notes de fond : r\u00e9glisse, v\u00e9tiver<\/p>\n<p>Type de parfum aromatique, bois\u00e9<\/p>\n","protected":false},"featured_media":15169,"comment_status":"open","ping_status":"closed","template":"","meta":{"inline_featured_image":false,"_monsterinsights_skip_tracking":false,"_monsterinsights_sitenote_active":false,"_monsterinsights_sitenote_note":"","_monsterinsights_sitenote_category":0,"_joinchat":[]},"product_cat":[106],"product_tag":[],"class_list":{"0":"post-15168","1":"product","2":"type-product","3":"status-publish","4":"has-post-thumbnail","6":"product_cat-parfumerie","8":"first","9":"instock","10":"shipping-taxable","11":"purchasable","12":"product-type-simple","13":"add-to-wishlist-after_add_to_cart"},"aioseo_notices":[],"_links":{"self":[{"href":"https:\/\/pararepublique.com\/index.php\/wp-json\/wp\/v2\/product\/15168","targetHints":{"allow":["GET"]}}],"collection":[{"href":"https:\/\/pararepublique.com\/index.php\/wp-json\/wp\/v2\/product"}],"about":[{"href":"https:\/\/pararepublique.com\/index.php\/wp-json\/wp\/v2\/types\/product"}],"replies":[{"embeddable":true,"href":"https:\/\/pararepublique.com\/index.php\/wp-json\/wp\/v2\/comments?post=15168"}],"version-history":[{"count":2,"href":"https:\/\/pararepublique.com\/index.php\/wp-json\/wp\/v2\/product\/15168\/revisions"}],"predecessor-version":[{"id":15171,"href":"https:\/\/pararepublique.com\/index.php\/wp-json\/wp\/v2\/product\/15168\/revisions\/15171"}],"wp:featuredmedia":[{"embeddable":true,"href":"https:\/\/pararepublique.com\/index.php\/wp-json\/wp\/v2\/media\/15169"}],"wp:attachment":[{"href":"https:\/\/pararepublique.com\/index.php\/wp-json\/wp\/v2\/media?parent=15168"}],"wp:term":[{"taxonomy":"product_cat","embeddable":true,"href":"https:\/\/pararepublique.com\/index.php\/wp-json\/wp\/v2\/product_cat?post=15168"},{"taxonomy":"product_tag","embeddable":true,"href":"https:\/\/pararepublique.com\/index.php\/wp-json\/wp\/v2\/product_tag?post=15168"}],"curies":[{"name":"wp","href":"https:\/\/api.w.org\/{rel}","templated":true}]}}