{"id":15172,"date":"2024-12-22T19:38:30","date_gmt":"2024-12-22T19:38:30","guid":{"rendered":"https:\/\/pararepublique.com\/?post_type=product&#038;p=15172"},"modified":"2024-12-22T19:38:30","modified_gmt":"2024-12-22T19:38:30","slug":"parfum-aqua-allegoria-edt-vap-125ml","status":"publish","type":"product","link":"https:\/\/pararepublique.com\/index.php\/product\/parfum-aqua-allegoria-edt-vap-125ml\/","title":{"rendered":"PARFUM AQUA ALLEGORIA EDT VAP 125ML"},"content":{"rendered":"<p data-pm-slice=\"1 1 []\">La collection de parfums Aqua Allegoria c\u00e9l\u00e8bre les merveilles du Monde. Chaque cr\u00e9ation rend hommage \u00e0 la beaut\u00e9 de la nature et nous plonge \u00e0 la d\u00e9couverte de mati\u00e8res premi\u00e8res et de notes d&rsquo;exception, sublim\u00e9es par nos parfumeurs-explorateurs.<\/p>\n<p>D\u00e9couvrez Mandarine Basilic, la pulpe juteuse et acidul\u00e9e de la mandarine transcend\u00e9e par la fra\u00eecheur aromatique du basilic puis \u00e9nergis\u00e9e par le th\u00e9 vert sur fond de notes bois\u00e9es.<\/p>\n<p>\u00ab Mandarine Basilic est une cr\u00e9ation joyeuse autour du plus fruit\u00e9 des agrumes : la mandarine. Elle forme un duo p\u00e9tillant inattendu avec le basilic. \u00bb &#8211; Thierry Wasser, Ma\u00eetre Parfumeur Guerlain<\/p>\n<p>&nbsp;<\/p>\n<p>&nbsp;<\/p>\n","protected":false},"excerpt":{"rendered":"<p>V\u00e9ritable symbole de l&rsquo;engagement de Guerlain pour la plan\u00e8te, les parfums Aqua Allegoria sont compos\u00e9s jusqu&rsquo;\u00e0 95% d&rsquo;origine naturelle(1). L&rsquo;alcool de betterave fran\u00e7aise contenu dans leurs formules est issu de fili\u00e8re engag\u00e9e pour une agriculture responsable.<\/p>\n<h2 class=\"sMgpOzd o_waQ4x---typography-11-runningText o_waQ4x---priority-7-primary _HOcyB D0x9d0 sxbtulv\" aria-hidden=\"false\" data-hook=\"info-section-title\">125ml eau de toilette<\/h2>\n","protected":false},"featured_media":15173,"comment_status":"open","ping_status":"closed","template":"","meta":{"inline_featured_image":false,"_monsterinsights_skip_tracking":false,"_monsterinsights_sitenote_active":false,"_monsterinsights_sitenote_note":"","_monsterinsights_sitenote_category":0,"_joinchat":[]},"product_cat":[106],"product_tag":[],"class_list":{"0":"post-15172","1":"product","2":"type-product","3":"status-publish","4":"has-post-thumbnail","6":"product_cat-parfumerie","8":"first","9":"instock","10":"shipping-taxable","11":"purchasable","12":"product-type-simple","13":"add-to-wishlist-after_add_to_cart"},"aioseo_notices":[],"_links":{"self":[{"href":"https:\/\/pararepublique.com\/index.php\/wp-json\/wp\/v2\/product\/15172","targetHints":{"allow":["GET"]}}],"collection":[{"href":"https:\/\/pararepublique.com\/index.php\/wp-json\/wp\/v2\/product"}],"about":[{"href":"https:\/\/pararepublique.com\/index.php\/wp-json\/wp\/v2\/types\/product"}],"replies":[{"embeddable":true,"href":"https:\/\/pararepublique.com\/index.php\/wp-json\/wp\/v2\/comments?post=15172"}],"version-history":[{"count":2,"href":"https:\/\/pararepublique.com\/index.php\/wp-json\/wp\/v2\/product\/15172\/revisions"}],"predecessor-version":[{"id":15175,"href":"https:\/\/pararepublique.com\/index.php\/wp-json\/wp\/v2\/product\/15172\/revisions\/15175"}],"wp:featuredmedia":[{"embeddable":true,"href":"https:\/\/pararepublique.com\/index.php\/wp-json\/wp\/v2\/media\/15173"}],"wp:attachment":[{"href":"https:\/\/pararepublique.com\/index.php\/wp-json\/wp\/v2\/media?parent=15172"}],"wp:term":[{"taxonomy":"product_cat","embeddable":true,"href":"https:\/\/pararepublique.com\/index.php\/wp-json\/wp\/v2\/product_cat?post=15172"},{"taxonomy":"product_tag","embeddable":true,"href":"https:\/\/pararepublique.com\/index.php\/wp-json\/wp\/v2\/product_tag?post=15172"}],"curies":[{"name":"wp","href":"https:\/\/api.w.org\/{rel}","templated":true}]}}