{"id":15180,"date":"2024-12-22T19:50:09","date_gmt":"2024-12-22T19:50:09","guid":{"rendered":"https:\/\/pararepublique.com\/?post_type=product&#038;p=15180"},"modified":"2024-12-22T19:50:09","modified_gmt":"2024-12-22T19:50:09","slug":"parfum-aqua-allegoria-herba-fresca","status":"publish","type":"product","link":"https:\/\/pararepublique.com\/index.php\/product\/parfum-aqua-allegoria-herba-fresca\/","title":{"rendered":"PARFUM AQUA ALLEGORIA HERBA FRESCA"},"content":{"rendered":"<p>Avec sa r\u00e9sille dor\u00e9e, son flacon, pur et raffin\u00e9, est un hommage au c\u00e9l\u00e8bre flacon Abeille.<\/p>\n<p>Notes olfactives<\/p>\n<p>notes de t\u00eate : herbe coup\u00e9e, citron<\/p>\n<p>notes de coeur : th\u00e9 vert, menthe cr\u00e9pue<\/p>\n","protected":false},"excerpt":{"rendered":"<p data-pm-slice=\"1 1 []\">Herba Fresca est une Eau de Toilette spontan\u00e9e et naturelle, une invitation \u00e0 marcher pieds nus dans l&rsquo;herbe coup\u00e9e mouill\u00e9e de ros\u00e9e.<\/p>\n<p>&nbsp;<\/p>\n","protected":false},"featured_media":15181,"comment_status":"open","ping_status":"closed","template":"","meta":{"inline_featured_image":false,"_monsterinsights_skip_tracking":false,"_monsterinsights_sitenote_active":false,"_monsterinsights_sitenote_note":"","_monsterinsights_sitenote_category":0,"_joinchat":[]},"product_cat":[106],"product_tag":[],"class_list":{"0":"post-15180","1":"product","2":"type-product","3":"status-publish","4":"has-post-thumbnail","6":"product_cat-parfumerie","8":"first","9":"instock","10":"shipping-taxable","11":"purchasable","12":"product-type-simple","13":"add-to-wishlist-after_add_to_cart"},"aioseo_notices":[],"_links":{"self":[{"href":"https:\/\/pararepublique.com\/index.php\/wp-json\/wp\/v2\/product\/15180","targetHints":{"allow":["GET"]}}],"collection":[{"href":"https:\/\/pararepublique.com\/index.php\/wp-json\/wp\/v2\/product"}],"about":[{"href":"https:\/\/pararepublique.com\/index.php\/wp-json\/wp\/v2\/types\/product"}],"replies":[{"embeddable":true,"href":"https:\/\/pararepublique.com\/index.php\/wp-json\/wp\/v2\/comments?post=15180"}],"version-history":[{"count":1,"href":"https:\/\/pararepublique.com\/index.php\/wp-json\/wp\/v2\/product\/15180\/revisions"}],"predecessor-version":[{"id":15182,"href":"https:\/\/pararepublique.com\/index.php\/wp-json\/wp\/v2\/product\/15180\/revisions\/15182"}],"wp:featuredmedia":[{"embeddable":true,"href":"https:\/\/pararepublique.com\/index.php\/wp-json\/wp\/v2\/media\/15181"}],"wp:attachment":[{"href":"https:\/\/pararepublique.com\/index.php\/wp-json\/wp\/v2\/media?parent=15180"}],"wp:term":[{"taxonomy":"product_cat","embeddable":true,"href":"https:\/\/pararepublique.com\/index.php\/wp-json\/wp\/v2\/product_cat?post=15180"},{"taxonomy":"product_tag","embeddable":true,"href":"https:\/\/pararepublique.com\/index.php\/wp-json\/wp\/v2\/product_tag?post=15180"}],"curies":[{"name":"wp","href":"https:\/\/api.w.org\/{rel}","templated":true}]}}