{"id":15186,"date":"2024-12-22T20:04:33","date_gmt":"2024-12-22T20:04:33","guid":{"rendered":"https:\/\/pararepublique.com\/?post_type=product&#038;p=15186"},"modified":"2024-12-22T20:04:33","modified_gmt":"2024-12-22T20:04:33","slug":"parfum-aqua-allegoria-mandarine","status":"publish","type":"product","link":"https:\/\/pararepublique.com\/index.php\/product\/parfum-aqua-allegoria-mandarine\/","title":{"rendered":"PARFUM AQUA ALLEGORIA MANDARINE"},"content":{"rendered":"<p>Votre parfum Aqua Allegoria est contenu dans un flacon d\u00e9vissable, remplissable, recyclable et fabriqu\u00e9 en France \u00e0 partir de 15% de verre recycl\u00e9. La recharge 200 ml permet de prolonger la dur\u00e9e d&rsquo;utilisation du flacon Aqua Allegoria sans compromis sur la qualit\u00e9. Le vaporisateur se d\u00e9visse manuellement pour pouvoir remplir \u00e0 nouveau le flacon gr\u00e2ce \u00e0 un format recharge facile d&rsquo;utilisation, b\u00e9n\u00e9ficiant d&rsquo;un syst\u00e8me anti-goutte. Elle ne peut \u00eatre utilis\u00e9e seule et est uniquement compatible avec les flacons 75 ml rechargeables.<\/p>\n","protected":false},"excerpt":{"rendered":"<p>Votre parfum Aqua Allegoria est contenu dans un flacon d\u00e9vissable, remplissable, recyclable et fabriqu\u00e9 en France \u00e0 partir de 15% de verre recycl\u00e9<\/p>\n","protected":false},"featured_media":15187,"comment_status":"open","ping_status":"closed","template":"","meta":{"inline_featured_image":false,"_monsterinsights_skip_tracking":false,"_monsterinsights_sitenote_active":false,"_monsterinsights_sitenote_note":"","_monsterinsights_sitenote_category":0,"_joinchat":[]},"product_cat":[106],"product_tag":[],"class_list":{"0":"post-15186","1":"product","2":"type-product","3":"status-publish","4":"has-post-thumbnail","6":"product_cat-parfumerie","8":"first","9":"instock","10":"shipping-taxable","11":"purchasable","12":"product-type-simple","13":"add-to-wishlist-after_add_to_cart"},"aioseo_notices":[],"_links":{"self":[{"href":"https:\/\/pararepublique.com\/index.php\/wp-json\/wp\/v2\/product\/15186","targetHints":{"allow":["GET"]}}],"collection":[{"href":"https:\/\/pararepublique.com\/index.php\/wp-json\/wp\/v2\/product"}],"about":[{"href":"https:\/\/pararepublique.com\/index.php\/wp-json\/wp\/v2\/types\/product"}],"replies":[{"embeddable":true,"href":"https:\/\/pararepublique.com\/index.php\/wp-json\/wp\/v2\/comments?post=15186"}],"version-history":[{"count":1,"href":"https:\/\/pararepublique.com\/index.php\/wp-json\/wp\/v2\/product\/15186\/revisions"}],"predecessor-version":[{"id":15188,"href":"https:\/\/pararepublique.com\/index.php\/wp-json\/wp\/v2\/product\/15186\/revisions\/15188"}],"wp:featuredmedia":[{"embeddable":true,"href":"https:\/\/pararepublique.com\/index.php\/wp-json\/wp\/v2\/media\/15187"}],"wp:attachment":[{"href":"https:\/\/pararepublique.com\/index.php\/wp-json\/wp\/v2\/media?parent=15186"}],"wp:term":[{"taxonomy":"product_cat","embeddable":true,"href":"https:\/\/pararepublique.com\/index.php\/wp-json\/wp\/v2\/product_cat?post=15186"},{"taxonomy":"product_tag","embeddable":true,"href":"https:\/\/pararepublique.com\/index.php\/wp-json\/wp\/v2\/product_tag?post=15186"}],"curies":[{"name":"wp","href":"https:\/\/api.w.org\/{rel}","templated":true}]}}