{"id":15189,"date":"2024-12-22T20:13:04","date_gmt":"2024-12-22T20:13:04","guid":{"rendered":"https:\/\/pararepublique.com\/?post_type=product&#038;p=15189"},"modified":"2024-12-22T20:13:05","modified_gmt":"2024-12-22T20:13:05","slug":"parfum-aqua-allegoria-rosa-palisandro","status":"publish","type":"product","link":"https:\/\/pararepublique.com\/index.php\/product\/parfum-aqua-allegoria-rosa-palisandro\/","title":{"rendered":"PARFUM AQUA ALLEGORIA ROSA PALISANDRO"},"content":{"rendered":"<p>La collection de parfums Aqua Allegoria c\u00e9l\u00e8bre les merveilles du Monde. Chaque cr\u00e9ation rend hommage \u00e0 la beaut\u00e9 de la nature et nous plonge \u00e0 la d\u00e9couverte de mati\u00e8res premi\u00e8res et de notes d&rsquo;exception, sublim\u00e9es par nos parfumeurs-explorateurs.<\/p>\n<p>D\u00e9couvrez Rosa Palissandro Forte, la fra\u00eecheur \u00e9pic\u00e9e du bois de rose rencontre \u00e0 la fois la d\u00e9licatesse de la rose et l&rsquo;intensit\u00e9 du patchouli. L&rsquo;alliance de la fleur et du bois pour un parfum entre force et raffinement.<\/p>\n<p>\u00ab Rosa Palissandro Forte, c&rsquo;est un hommage \u00e0 la beaut\u00e9 du bois de rose. Un bois frais aux tonalit\u00e9s florales et \u00e9pic\u00e9es, qui se marie \u00e0 l&rsquo;intensit\u00e9 du patchouli et du santal, entour\u00e9s d&rsquo;une \u00e9l\u00e9gante liane de roses. \u00bb &#8211; Delphine Jelk, Parfumeure Guerlain<\/p>\n<p>Aqua Allegoria Forte, la collection intense, est un voyage chaleureux et enveloppant au coeur des merveilles du monde : des Eaux de Parfum c\u00e9l\u00e9brant l&rsquo;intense beaut\u00e9 de la nature, r\u00e9v\u00e9l\u00e9e par les rayons dor\u00e9s d&rsquo;un soleil couchant.<\/p>\n<p>V\u00e9ritable symbole de l&rsquo;engagement de Guerlain pour la plan\u00e8te, les parfums Aqua Allegoria Forte sont compos\u00e9s de plus de 90% d&rsquo;origine naturelle*. L&rsquo;alcool de betterave fran\u00e7aise contenu dans leurs formules est issu de fili\u00e8re engag\u00e9e pour une agriculture responsable.<\/p>\n<p>La recharge 200 mL permet de prolonger la dur\u00e9e d&rsquo;utilisation du flacon Aqua Allegoria sans compromis sur la qualit\u00e9. Le vaporisateur se d\u00e9visse manuellement pour pouvoir remplir \u00e0 nouveau le flacon gr\u00e2ce \u00e0 une recharge facile d&rsquo;utilisation, b\u00e9n\u00e9ficiant d&rsquo;un syst\u00e8me anti-goutte. Elle ne peut \u00eatre utilis\u00e9e seule et est uniquement compatible avec les flacons 125 mL et 75 mL rechargeables.<\/p>\n","protected":false},"excerpt":{"rendered":"<p>D\u00e9couvrez Rosa Palissandro Forte, la fra\u00eecheur \u00e9pic\u00e9e du bois de rose rencontre \u00e0 la fois la d\u00e9licatesse de la rose et l&rsquo;intensit\u00e9 du patchouli. L&rsquo;alliance de la fleur et du bois pour un parfum entre force et raffinement.<\/p>\n","protected":false},"featured_media":15190,"comment_status":"open","ping_status":"closed","template":"","meta":{"inline_featured_image":false,"_monsterinsights_skip_tracking":false,"_monsterinsights_sitenote_active":false,"_monsterinsights_sitenote_note":"","_monsterinsights_sitenote_category":0,"_joinchat":[]},"product_cat":[106],"product_tag":[],"class_list":{"0":"post-15189","1":"product","2":"type-product","3":"status-publish","4":"has-post-thumbnail","6":"product_cat-parfumerie","8":"first","9":"instock","10":"shipping-taxable","11":"purchasable","12":"product-type-simple","13":"add-to-wishlist-after_add_to_cart"},"aioseo_notices":[],"_links":{"self":[{"href":"https:\/\/pararepublique.com\/index.php\/wp-json\/wp\/v2\/product\/15189","targetHints":{"allow":["GET"]}}],"collection":[{"href":"https:\/\/pararepublique.com\/index.php\/wp-json\/wp\/v2\/product"}],"about":[{"href":"https:\/\/pararepublique.com\/index.php\/wp-json\/wp\/v2\/types\/product"}],"replies":[{"embeddable":true,"href":"https:\/\/pararepublique.com\/index.php\/wp-json\/wp\/v2\/comments?post=15189"}],"version-history":[{"count":1,"href":"https:\/\/pararepublique.com\/index.php\/wp-json\/wp\/v2\/product\/15189\/revisions"}],"predecessor-version":[{"id":15191,"href":"https:\/\/pararepublique.com\/index.php\/wp-json\/wp\/v2\/product\/15189\/revisions\/15191"}],"wp:featuredmedia":[{"embeddable":true,"href":"https:\/\/pararepublique.com\/index.php\/wp-json\/wp\/v2\/media\/15190"}],"wp:attachment":[{"href":"https:\/\/pararepublique.com\/index.php\/wp-json\/wp\/v2\/media?parent=15189"}],"wp:term":[{"taxonomy":"product_cat","embeddable":true,"href":"https:\/\/pararepublique.com\/index.php\/wp-json\/wp\/v2\/product_cat?post=15189"},{"taxonomy":"product_tag","embeddable":true,"href":"https:\/\/pararepublique.com\/index.php\/wp-json\/wp\/v2\/product_tag?post=15189"}],"curies":[{"name":"wp","href":"https:\/\/api.w.org\/{rel}","templated":true}]}}