{"id":15192,"date":"2024-12-22T20:21:57","date_gmt":"2024-12-22T20:21:57","guid":{"rendered":"https:\/\/pararepublique.com\/?post_type=product&#038;p=15192"},"modified":"2024-12-22T20:21:57","modified_gmt":"2024-12-22T20:21:57","slug":"parfum-aqua-allegoria-rose","status":"publish","type":"product","link":"https:\/\/pararepublique.com\/index.php\/product\/parfum-aqua-allegoria-rose\/","title":{"rendered":"PARFUM AQUA ALLEGORIA ROSE"},"content":{"rendered":"<p>Rose Amira est un hommage nocturne \u00e0 la reine des fleurs, ic\u00f4ne incontournable de la parfumerie. Dans ce voyage au c\u0153ur d\u2019un jardin persan, la rose r\u00e9v\u00e8le sa fragrance la plus sensuelle. Travers\u00e9e des volutes sacr\u00e9es de l\u2019encens et de la chaleur du patchouli, la fleur majestueuse se d\u00e9ploie avec force et douceur m\u00eal\u00e9es dans un halo de muscs.<br \/>\nAbsolus Allegoria, la collection de parfums absolus, est un voyage envo\u00fbtant et myst\u00e9rieux au c\u0153ur des merveilles du monde une fois la nuit tomb\u00e9e : des sillages c\u00e9l\u00e9brant une nature profonde et puissante, r\u00e9v\u00e9l\u00e9s par des contrastes saisissants au clair de lune.<\/p>\n","protected":false},"excerpt":{"rendered":"<p>Rose Amira est un hommage nocturne \u00e0 la reine des fleurs, ic\u00f4ne incontournable de la parfumerie.<\/p>\n","protected":false},"featured_media":15193,"comment_status":"open","ping_status":"closed","template":"","meta":{"inline_featured_image":false,"_monsterinsights_skip_tracking":false,"_monsterinsights_sitenote_active":false,"_monsterinsights_sitenote_note":"","_monsterinsights_sitenote_category":0,"_joinchat":[]},"product_cat":[106],"product_tag":[],"class_list":{"0":"post-15192","1":"product","2":"type-product","3":"status-publish","4":"has-post-thumbnail","6":"product_cat-parfumerie","8":"first","9":"instock","10":"shipping-taxable","11":"purchasable","12":"product-type-simple","13":"add-to-wishlist-after_add_to_cart"},"aioseo_notices":[],"_links":{"self":[{"href":"https:\/\/pararepublique.com\/index.php\/wp-json\/wp\/v2\/product\/15192","targetHints":{"allow":["GET"]}}],"collection":[{"href":"https:\/\/pararepublique.com\/index.php\/wp-json\/wp\/v2\/product"}],"about":[{"href":"https:\/\/pararepublique.com\/index.php\/wp-json\/wp\/v2\/types\/product"}],"replies":[{"embeddable":true,"href":"https:\/\/pararepublique.com\/index.php\/wp-json\/wp\/v2\/comments?post=15192"}],"version-history":[{"count":2,"href":"https:\/\/pararepublique.com\/index.php\/wp-json\/wp\/v2\/product\/15192\/revisions"}],"predecessor-version":[{"id":15195,"href":"https:\/\/pararepublique.com\/index.php\/wp-json\/wp\/v2\/product\/15192\/revisions\/15195"}],"wp:featuredmedia":[{"embeddable":true,"href":"https:\/\/pararepublique.com\/index.php\/wp-json\/wp\/v2\/media\/15193"}],"wp:attachment":[{"href":"https:\/\/pararepublique.com\/index.php\/wp-json\/wp\/v2\/media?parent=15192"}],"wp:term":[{"taxonomy":"product_cat","embeddable":true,"href":"https:\/\/pararepublique.com\/index.php\/wp-json\/wp\/v2\/product_cat?post=15192"},{"taxonomy":"product_tag","embeddable":true,"href":"https:\/\/pararepublique.com\/index.php\/wp-json\/wp\/v2\/product_tag?post=15192"}],"curies":[{"name":"wp","href":"https:\/\/api.w.org\/{rel}","templated":true}]}}