{"id":15196,"date":"2024-12-22T20:28:36","date_gmt":"2024-12-22T20:28:36","guid":{"rendered":"https:\/\/pararepublique.com\/?post_type=product&#038;p=15196"},"modified":"2024-12-22T20:28:37","modified_gmt":"2024-12-22T20:28:37","slug":"parfum-aqua-di-gio-parfum-120ml-giorgio","status":"publish","type":"product","link":"https:\/\/pararepublique.com\/index.php\/product\/parfum-aqua-di-gio-parfum-120ml-giorgio\/","title":{"rendered":"PARFUM AQUA DI GIO PARFUM 120ML GIORGIO"},"content":{"rendered":"<p>L&rsquo;eau de parfum Acqua di Gi\u00f2 est une eau de Cologne longue dur\u00e9e pour homme o\u00f9 les notes marines se m\u00e9langent avec la mandarine, la sauge, le v\u00e9tiver et le patchouli. Ce parfum est parfait pour les amateurs de l&rsquo;olfaction classique Acqua di Gi\u00f2 qui recherchent quelque chose de plus intense et de plus durable. L&rsquo;\u00e9l\u00e9gant flacon transparent et rechargeable est surmont\u00e9 d&rsquo;un bouchon en bois fonc\u00e9, \u00e9voquant l&rsquo;\u00e9quilibre entre architecture et nature du design.<\/p>\n","protected":false},"excerpt":{"rendered":"<ul>\n<li class=\"a-spacing-mini\"><span class=\"a-list-item\"> Ce parfum aquatique aromatique a un m\u00e9lange d&rsquo;alberto morillas, annick menardo, christian dussoulier, citron vert, citron, bergamote, jasmin, orange, mandarine et n\u00e9roli <\/span><\/li>\n<li class=\"a-spacing-mini\"><span class=\"a-list-item\"> Il est recommand\u00e9 pour une tenue romantique. <\/span><\/li>\n<\/ul>\n","protected":false},"featured_media":15197,"comment_status":"open","ping_status":"closed","template":"","meta":{"inline_featured_image":false,"_monsterinsights_skip_tracking":false,"_monsterinsights_sitenote_active":false,"_monsterinsights_sitenote_note":"","_monsterinsights_sitenote_category":0,"_joinchat":[]},"product_cat":[106],"product_tag":[],"class_list":{"0":"post-15196","1":"product","2":"type-product","3":"status-publish","4":"has-post-thumbnail","6":"product_cat-parfumerie","8":"first","9":"instock","10":"shipping-taxable","11":"purchasable","12":"product-type-simple","13":"add-to-wishlist-after_add_to_cart"},"aioseo_notices":[],"_links":{"self":[{"href":"https:\/\/pararepublique.com\/index.php\/wp-json\/wp\/v2\/product\/15196","targetHints":{"allow":["GET"]}}],"collection":[{"href":"https:\/\/pararepublique.com\/index.php\/wp-json\/wp\/v2\/product"}],"about":[{"href":"https:\/\/pararepublique.com\/index.php\/wp-json\/wp\/v2\/types\/product"}],"replies":[{"embeddable":true,"href":"https:\/\/pararepublique.com\/index.php\/wp-json\/wp\/v2\/comments?post=15196"}],"version-history":[{"count":1,"href":"https:\/\/pararepublique.com\/index.php\/wp-json\/wp\/v2\/product\/15196\/revisions"}],"predecessor-version":[{"id":15198,"href":"https:\/\/pararepublique.com\/index.php\/wp-json\/wp\/v2\/product\/15196\/revisions\/15198"}],"wp:featuredmedia":[{"embeddable":true,"href":"https:\/\/pararepublique.com\/index.php\/wp-json\/wp\/v2\/media\/15197"}],"wp:attachment":[{"href":"https:\/\/pararepublique.com\/index.php\/wp-json\/wp\/v2\/media?parent=15196"}],"wp:term":[{"taxonomy":"product_cat","embeddable":true,"href":"https:\/\/pararepublique.com\/index.php\/wp-json\/wp\/v2\/product_cat?post=15196"},{"taxonomy":"product_tag","embeddable":true,"href":"https:\/\/pararepublique.com\/index.php\/wp-json\/wp\/v2\/product_tag?post=15196"}],"curies":[{"name":"wp","href":"https:\/\/api.w.org\/{rel}","templated":true}]}}