{"id":15199,"date":"2024-12-22T20:32:47","date_gmt":"2024-12-22T20:32:47","guid":{"rendered":"https:\/\/pararepublique.com\/?post_type=product&#038;p=15199"},"modified":"2024-12-22T20:32:47","modified_gmt":"2024-12-22T20:32:47","slug":"parfum-armani-prive-rouge-malachit","status":"publish","type":"product","link":"https:\/\/pararepublique.com\/index.php\/product\/parfum-armani-prive-rouge-malachit\/","title":{"rendered":"PARFUM ARMANI PRIVE ROUGE MALACHIT"},"content":{"rendered":"<p>L&rsquo;eau de parfum pour femme Armani Priv\u00e9 Rouge Malachite rend hommage \u00e0 la beaut\u00e9 et au temp\u00e9rament des femmes russes. Au c\u0153ur de ce parfum oriental et fleuri, la tub\u00e9reuse opulente d\u00e9voile un sillage sensuel et enveloppant. Avec Rouge Malachite, Giorgio Armani nous conte son go\u00fbt pour le voyage. Le parfum nous transporte vers une Russie myst\u00e9rieuse et forte, une terre de culture, d&rsquo;\u00e9motions et de contrastes qui palpite au rythme de la passion et inspire le cr\u00e9ateur autant qu&rsquo;elle le fascine. En notes de t\u00eate, le parfum Rouge Malachite de Giorgio Armani associe la tub\u00e9reuse \u00e0 des accords de poivre rose et de sauge sclar\u00e9e pour une entr\u00e9e en mati\u00e8re singuli\u00e8re et en relief. En note de c\u0153ur, les absolus de tub\u00e9reuse oscillent entre d\u00e9licate sensualit\u00e9 et opulence cr\u00e9meuse. L&rsquo;essence d&rsquo;ylang, la fleur d&rsquo;oranger et le jasmin se joignent \u00e0 cette danse olfactive imp\u00e9tueuse. En notes de fond, la tub\u00e9reuse, m\u00eal\u00e9e \u00e0 L&rsquo;AmberXtreme (IFF), continue de rayonner pendant des heures. Le sillage enivrant qui en r\u00e9sulte est \u00e0 l&rsquo;image des femmes russes et de la Russie tout enti\u00e8re : puissant, contrast\u00e9, irr\u00e9sistible. Le parfum Armani Priv\u00e9 Rouge Malachite d&rsquo;Armani est renferm\u00e9 dans un flacon couleur passion, comme sculpt\u00e9 \u00e0 m\u00eame la mati\u00e8re de cette pierre rouge imaginaire. Brut et d\u00e9licat \u00e0 la fois, il symbolise la force et la finesse propre \u00e0 l&rsquo;\u00e2me russe.<\/p>\n","protected":false},"excerpt":{"rendered":"<p>L&rsquo;eau de parfum pour femme Armani Priv\u00e9 Rouge Malachite rend hommage \u00e0 la beaut\u00e9 et au temp\u00e9rament des femmes russes. Au c\u0153ur de ce parfum oriental et fleuri, la tub\u00e9reuse opulente d\u00e9voile un sillage sensuel et enveloppant.<\/p>\n","protected":false},"featured_media":15200,"comment_status":"open","ping_status":"closed","template":"","meta":{"inline_featured_image":false,"_monsterinsights_skip_tracking":false,"_monsterinsights_sitenote_active":false,"_monsterinsights_sitenote_note":"","_monsterinsights_sitenote_category":0,"_joinchat":[]},"product_cat":[106],"product_tag":[],"class_list":{"0":"post-15199","1":"product","2":"type-product","3":"status-publish","4":"has-post-thumbnail","6":"product_cat-parfumerie","8":"first","9":"instock","10":"shipping-taxable","11":"purchasable","12":"product-type-simple","13":"add-to-wishlist-after_add_to_cart"},"aioseo_notices":[],"_links":{"self":[{"href":"https:\/\/pararepublique.com\/index.php\/wp-json\/wp\/v2\/product\/15199","targetHints":{"allow":["GET"]}}],"collection":[{"href":"https:\/\/pararepublique.com\/index.php\/wp-json\/wp\/v2\/product"}],"about":[{"href":"https:\/\/pararepublique.com\/index.php\/wp-json\/wp\/v2\/types\/product"}],"replies":[{"embeddable":true,"href":"https:\/\/pararepublique.com\/index.php\/wp-json\/wp\/v2\/comments?post=15199"}],"version-history":[{"count":1,"href":"https:\/\/pararepublique.com\/index.php\/wp-json\/wp\/v2\/product\/15199\/revisions"}],"predecessor-version":[{"id":15201,"href":"https:\/\/pararepublique.com\/index.php\/wp-json\/wp\/v2\/product\/15199\/revisions\/15201"}],"wp:featuredmedia":[{"embeddable":true,"href":"https:\/\/pararepublique.com\/index.php\/wp-json\/wp\/v2\/media\/15200"}],"wp:attachment":[{"href":"https:\/\/pararepublique.com\/index.php\/wp-json\/wp\/v2\/media?parent=15199"}],"wp:term":[{"taxonomy":"product_cat","embeddable":true,"href":"https:\/\/pararepublique.com\/index.php\/wp-json\/wp\/v2\/product_cat?post=15199"},{"taxonomy":"product_tag","embeddable":true,"href":"https:\/\/pararepublique.com\/index.php\/wp-json\/wp\/v2\/product_tag?post=15199"}],"curies":[{"name":"wp","href":"https:\/\/api.w.org\/{rel}","templated":true}]}}