{"id":15202,"date":"2024-12-22T20:52:22","date_gmt":"2024-12-22T20:52:22","guid":{"rendered":"https:\/\/pararepublique.com\/?post_type=product&#038;p=15202"},"modified":"2024-12-22T20:52:22","modified_gmt":"2024-12-22T20:52:22","slug":"parfum-arrogance-femme","status":"publish","type":"product","link":"https:\/\/pararepublique.com\/index.php\/product\/parfum-arrogance-femme\/","title":{"rendered":"PARFUM ARROGANCE FEMME"},"content":{"rendered":"<p>Informations g\u00e9n\u00e9rales sur le produit<br \/>\nMarque ARROGANCE<br \/>\nNom du produit ARROGANCE Pour Femme Femme Eau Parfum\u00e9 100 ml Parfum<br \/>\nCat\u00e9gorie EAU DE PARFUM<br \/>\nR\u00e9f\u00e9rence COLONARROGFEM1<\/p>\n","protected":false},"excerpt":{"rendered":"<p>Les meilleurs parfums et produits parfums de la marque Arrogance de la beaut\u00e9 et la cat\u00e9gorie sant\u00e9<\/p>\n","protected":false},"featured_media":15203,"comment_status":"open","ping_status":"closed","template":"","meta":{"inline_featured_image":false,"_monsterinsights_skip_tracking":false,"_monsterinsights_sitenote_active":false,"_monsterinsights_sitenote_note":"","_monsterinsights_sitenote_category":0,"_joinchat":[]},"product_cat":[106],"product_tag":[],"class_list":{"0":"post-15202","1":"product","2":"type-product","3":"status-publish","4":"has-post-thumbnail","6":"product_cat-parfumerie","8":"first","9":"instock","10":"shipping-taxable","11":"purchasable","12":"product-type-simple","13":"add-to-wishlist-after_add_to_cart"},"aioseo_notices":[],"_links":{"self":[{"href":"https:\/\/pararepublique.com\/index.php\/wp-json\/wp\/v2\/product\/15202","targetHints":{"allow":["GET"]}}],"collection":[{"href":"https:\/\/pararepublique.com\/index.php\/wp-json\/wp\/v2\/product"}],"about":[{"href":"https:\/\/pararepublique.com\/index.php\/wp-json\/wp\/v2\/types\/product"}],"replies":[{"embeddable":true,"href":"https:\/\/pararepublique.com\/index.php\/wp-json\/wp\/v2\/comments?post=15202"}],"version-history":[{"count":1,"href":"https:\/\/pararepublique.com\/index.php\/wp-json\/wp\/v2\/product\/15202\/revisions"}],"predecessor-version":[{"id":15204,"href":"https:\/\/pararepublique.com\/index.php\/wp-json\/wp\/v2\/product\/15202\/revisions\/15204"}],"wp:featuredmedia":[{"embeddable":true,"href":"https:\/\/pararepublique.com\/index.php\/wp-json\/wp\/v2\/media\/15203"}],"wp:attachment":[{"href":"https:\/\/pararepublique.com\/index.php\/wp-json\/wp\/v2\/media?parent=15202"}],"wp:term":[{"taxonomy":"product_cat","embeddable":true,"href":"https:\/\/pararepublique.com\/index.php\/wp-json\/wp\/v2\/product_cat?post=15202"},{"taxonomy":"product_tag","embeddable":true,"href":"https:\/\/pararepublique.com\/index.php\/wp-json\/wp\/v2\/product_tag?post=15202"}],"curies":[{"name":"wp","href":"https:\/\/api.w.org\/{rel}","templated":true}]}}