{"id":15209,"date":"2024-12-22T21:01:33","date_gmt":"2024-12-22T21:01:33","guid":{"rendered":"https:\/\/pararepublique.com\/?post_type=product&#038;p=15209"},"modified":"2024-12-22T21:01:33","modified_gmt":"2024-12-22T21:01:33","slug":"parfum-azzaro-now-woman-80ml","status":"publish","type":"product","link":"https:\/\/pararepublique.com\/index.php\/product\/parfum-azzaro-now-woman-80ml\/","title":{"rendered":"PARFUM AZZARO NOW WOMAN 80ML"},"content":{"rendered":"<div class=\"elementor-element elementor-element-4b871bf wd-single-short-desc text-left elementor-widget elementor-widget-wd_single_product_short_description\" data-id=\"4b871bf\" data-element_type=\"widget\" data-widget_type=\"wd_single_product_short_description.default\">\n<div class=\"elementor-widget-container\">\n<div class=\"woocommerce-product-details__short-description\">\n<p>Un parfum pour vivre \u00e0 deux l\u2019instant pr\u00e9sent. Ici et maintenant.<br \/>\nPour elle, un parfum sensuel et rassurant, une touche enivrante et tr\u00e8s sensuelle dans un flacon tactile \u00e0 la fois magn\u00e9tique et sensuel.<br \/>\nUn parfum de la famille des frais floraux soyeux, v\u00e9ritable osmose de deux bulles olfactives.<br \/>\nFrais Floral<\/p>\n<\/div>\n<\/div>\n<\/div>\n","protected":false},"excerpt":{"rendered":"<p>Parfum Now Women de Azzaro eau de toilette pour femme<\/p>\n","protected":false},"featured_media":15210,"comment_status":"open","ping_status":"closed","template":"","meta":{"inline_featured_image":false,"_monsterinsights_skip_tracking":false,"_monsterinsights_sitenote_active":false,"_monsterinsights_sitenote_note":"","_monsterinsights_sitenote_category":0,"_joinchat":[]},"product_cat":[106],"product_tag":[],"class_list":{"0":"post-15209","1":"product","2":"type-product","3":"status-publish","4":"has-post-thumbnail","6":"product_cat-parfumerie","8":"first","9":"instock","10":"shipping-taxable","11":"purchasable","12":"product-type-simple","13":"add-to-wishlist-after_add_to_cart"},"aioseo_notices":[],"_links":{"self":[{"href":"https:\/\/pararepublique.com\/index.php\/wp-json\/wp\/v2\/product\/15209","targetHints":{"allow":["GET"]}}],"collection":[{"href":"https:\/\/pararepublique.com\/index.php\/wp-json\/wp\/v2\/product"}],"about":[{"href":"https:\/\/pararepublique.com\/index.php\/wp-json\/wp\/v2\/types\/product"}],"replies":[{"embeddable":true,"href":"https:\/\/pararepublique.com\/index.php\/wp-json\/wp\/v2\/comments?post=15209"}],"version-history":[{"count":2,"href":"https:\/\/pararepublique.com\/index.php\/wp-json\/wp\/v2\/product\/15209\/revisions"}],"predecessor-version":[{"id":15212,"href":"https:\/\/pararepublique.com\/index.php\/wp-json\/wp\/v2\/product\/15209\/revisions\/15212"}],"wp:featuredmedia":[{"embeddable":true,"href":"https:\/\/pararepublique.com\/index.php\/wp-json\/wp\/v2\/media\/15210"}],"wp:attachment":[{"href":"https:\/\/pararepublique.com\/index.php\/wp-json\/wp\/v2\/media?parent=15209"}],"wp:term":[{"taxonomy":"product_cat","embeddable":true,"href":"https:\/\/pararepublique.com\/index.php\/wp-json\/wp\/v2\/product_cat?post=15209"},{"taxonomy":"product_tag","embeddable":true,"href":"https:\/\/pararepublique.com\/index.php\/wp-json\/wp\/v2\/product_tag?post=15209"}],"curies":[{"name":"wp","href":"https:\/\/api.w.org\/{rel}","templated":true}]}}