{"id":15216,"date":"2024-12-22T21:45:09","date_gmt":"2024-12-22T21:45:09","guid":{"rendered":"https:\/\/pararepublique.com\/?post_type=product&#038;p=15216"},"modified":"2024-12-22T21:45:09","modified_gmt":"2024-12-22T21:45:09","slug":"parfum-azzaro-limited","status":"publish","type":"product","link":"https:\/\/pararepublique.com\/index.php\/product\/parfum-azzaro-limited\/","title":{"rendered":"PARFUM AZZARO LIMITED"},"content":{"rendered":"<div class=\"column medium-10 medium-offset-1\">\n<p>C\u00f4t\u00e9 flacon, Azzaro pour Homme Naughty Leather reprend l&rsquo;esth\u00e9tique du tout premier Azzaro pour Homme de 1978. Sa forme reste inchang\u00e9e et s&rsquo;adapte parfaitement \u00e0 la gestuelle masculine. Son bouchon imposant noir mat est toujours de la partie. En revanche, sa teinte ambr\u00e9e a disparu au profit d&rsquo;un d\u00e9grad\u00e9 bleu nuit intense et intrigant. Azzaro pour Homme Naughty Leather poss\u00e8de un design tr\u00e8s contemporain et brut. Il gagne en profondeur et nous dessine cette fois le reflet d&rsquo;un d\u00e9sir charnel.<\/p>\n<\/div>\n","protected":false},"excerpt":{"rendered":"<p>Azzaro pour Homme Naughty Leather est un parfum in\u00e9dit mais reprend la m\u00eame philosophie que ses pr\u00e9d\u00e9cesseurs. Son but ? S&rsquo;adresser \u00e0 tous les hommes s\u00e9ducteurs et virils de notre \u00e9poque. Avec lui, tout n&rsquo;est que myst\u00e8re et sensualit\u00e9. Il laisse derri\u00e8re lui un parfum intrigant qui ne laisse personne indiff\u00e9rent. Azzaro pour Homme Naughty Leather est le parfum d&rsquo;un homme qui ne s&rsquo;oublie pas. Intr\u00e9pide, insaisissable, intense et 100 % masculin, il ne manque pourtant pas de raffinement et d&rsquo;\u00e9l\u00e9gance. En d&rsquo;autres termes, Azzaro pour Homme Naughty Leather est l&rsquo;expression parfaite de Loris Azzaro lui-m\u00eame. Il laisse une empreinte ind\u00e9l\u00e9bile dans la m\u00e9moire. Parfaitement ancr\u00e9 dans l&rsquo;air du temps, il poss\u00e8de juste ce qu&rsquo;il faut de modernit\u00e9 et d\u2019\u00e9clat.<\/p>\n","protected":false},"featured_media":15217,"comment_status":"open","ping_status":"closed","template":"","meta":{"inline_featured_image":false,"_monsterinsights_skip_tracking":false,"_monsterinsights_sitenote_active":false,"_monsterinsights_sitenote_note":"","_monsterinsights_sitenote_category":0,"_joinchat":[]},"product_cat":[106],"product_tag":[],"class_list":{"0":"post-15216","1":"product","2":"type-product","3":"status-publish","4":"has-post-thumbnail","6":"product_cat-parfumerie","8":"first","9":"instock","10":"shipping-taxable","11":"purchasable","12":"product-type-simple","13":"add-to-wishlist-after_add_to_cart"},"aioseo_notices":[],"_links":{"self":[{"href":"https:\/\/pararepublique.com\/index.php\/wp-json\/wp\/v2\/product\/15216","targetHints":{"allow":["GET"]}}],"collection":[{"href":"https:\/\/pararepublique.com\/index.php\/wp-json\/wp\/v2\/product"}],"about":[{"href":"https:\/\/pararepublique.com\/index.php\/wp-json\/wp\/v2\/types\/product"}],"replies":[{"embeddable":true,"href":"https:\/\/pararepublique.com\/index.php\/wp-json\/wp\/v2\/comments?post=15216"}],"version-history":[{"count":2,"href":"https:\/\/pararepublique.com\/index.php\/wp-json\/wp\/v2\/product\/15216\/revisions"}],"predecessor-version":[{"id":15219,"href":"https:\/\/pararepublique.com\/index.php\/wp-json\/wp\/v2\/product\/15216\/revisions\/15219"}],"wp:featuredmedia":[{"embeddable":true,"href":"https:\/\/pararepublique.com\/index.php\/wp-json\/wp\/v2\/media\/15217"}],"wp:attachment":[{"href":"https:\/\/pararepublique.com\/index.php\/wp-json\/wp\/v2\/media?parent=15216"}],"wp:term":[{"taxonomy":"product_cat","embeddable":true,"href":"https:\/\/pararepublique.com\/index.php\/wp-json\/wp\/v2\/product_cat?post=15216"},{"taxonomy":"product_tag","embeddable":true,"href":"https:\/\/pararepublique.com\/index.php\/wp-json\/wp\/v2\/product_tag?post=15216"}],"curies":[{"name":"wp","href":"https:\/\/api.w.org\/{rel}","templated":true}]}}