{"id":15220,"date":"2024-12-22T21:51:11","date_gmt":"2024-12-22T21:51:11","guid":{"rendered":"https:\/\/pararepublique.com\/?post_type=product&#038;p=15220"},"modified":"2024-12-22T21:51:11","modified_gmt":"2024-12-22T21:51:11","slug":"parfum-azzaro-limited-edition","status":"publish","type":"product","link":"https:\/\/pararepublique.com\/index.php\/product\/parfum-azzaro-limited-edition\/","title":{"rendered":"PARFUM AZZARO LIMITED EDITION"},"content":{"rendered":"<p><strong>Description g\u00e9n\u00e9rale :<\/strong><\/p>\n<p>D\u00e9couvrez l&rsquo;\u00e9l\u00e9gance intemporelle d&rsquo;<strong>Azzaro Pour Homme<\/strong>, revisit\u00e9 en 2014 dans une \u00e9dition limit\u00e9e. Cette fragrance aromatique iconique s\u00e9duit par son charme sophistiqu\u00e9 et masculin. <strong>Azzaro Pour Homme \u00c9dition Limit\u00e9e 2014<\/strong> est une Eau de Toilette offrant un sillage vibrant et durable, id\u00e9al pour l&rsquo;homme moderne. Domin\u00e9e par un accord ambr\u00e9, elle d\u00e9gage une chaleur et une profondeur qui la rendent v\u00e9ritablement inoubliable. Cette \u00e9dition sp\u00e9ciale repr\u00e9sente une occasion unique de poss\u00e9der un morceau de l&rsquo;histoire d&rsquo;Azzaro.<\/p>\n<p><strong>Senteur et notes :<\/strong><\/p>\n<p>Bien que les d\u00e9tails sp\u00e9cifiques des notes des \u00e9ditions limit\u00e9es soient parfois rares, <strong>Azzaro Pour Homme \u00c9dition Limit\u00e9e 2014<\/strong> s&rsquo;appuie sur les bases classiques du parfum original <strong>Azzaro Pour Homme<\/strong>. Attendez-vous \u00e0 une composition aromatique captivante, centr\u00e9e autour d\u2019un accord riche et chaleureux d\u2019ambre.<\/p>\n<p>Cet accord ambr\u00e9 est probablement soutenu par les \u00e9l\u00e9ments foug\u00e8res traditionnels de l&rsquo;original : un m\u00e9lange de notes fra\u00eeches et herbac\u00e9es comme la <strong>lavande<\/strong> et le <strong>romarin<\/strong>, offrant une ouverture vive et revigorante. Le c\u0153ur pourrait \u00e9galement inclure des nuances subtilement \u00e9pic\u00e9es, ajoutant une touche de complexit\u00e9 et de chaleur.<\/p>\n<p>La base est ancr\u00e9e par l\u2019ambre pr\u00e9dominant, probablement rehauss\u00e9 par des notes bois\u00e9es telles que le <strong>santal<\/strong> ou le <strong>c\u00e8dre<\/strong>, offrant un fini doux et sensuel. L\u2019ensemble cr\u00e9e un parfum sophistiqu\u00e9, \u00e0 la fois \u00e9nergisant et r\u00e9confortant, parfait pour toutes les occasions.<\/p>\n<p>L&rsquo;\u00e9dition 2014 propose sans doute une interpr\u00e9tation l\u00e9g\u00e8rement plus intense ou nuanc\u00e9e de l&rsquo;original, mettant l&rsquo;accent sur l\u2019ambre de mani\u00e8re plus prononc\u00e9e.<\/p>\n","protected":false},"excerpt":{"rendered":"<p><b>Azzaro Pour Homme Limited Edition 2014<\/b> de <b>Azzaro<\/b> est un parfum Aromatique pour homme. <b>Azzaro Pour Homme Limited Edition 2014<\/b> a \u00e9t\u00e9 lanc\u00e9 en 2014.<\/p>\n","protected":false},"featured_media":15221,"comment_status":"open","ping_status":"closed","template":"","meta":{"inline_featured_image":false,"_monsterinsights_skip_tracking":false,"_monsterinsights_sitenote_active":false,"_monsterinsights_sitenote_note":"","_monsterinsights_sitenote_category":0,"_joinchat":[]},"product_cat":[106],"product_tag":[],"class_list":{"0":"post-15220","1":"product","2":"type-product","3":"status-publish","4":"has-post-thumbnail","6":"product_cat-parfumerie","8":"first","9":"instock","10":"shipping-taxable","11":"purchasable","12":"product-type-simple","13":"add-to-wishlist-after_add_to_cart"},"aioseo_notices":[],"_links":{"self":[{"href":"https:\/\/pararepublique.com\/index.php\/wp-json\/wp\/v2\/product\/15220","targetHints":{"allow":["GET"]}}],"collection":[{"href":"https:\/\/pararepublique.com\/index.php\/wp-json\/wp\/v2\/product"}],"about":[{"href":"https:\/\/pararepublique.com\/index.php\/wp-json\/wp\/v2\/types\/product"}],"replies":[{"embeddable":true,"href":"https:\/\/pararepublique.com\/index.php\/wp-json\/wp\/v2\/comments?post=15220"}],"version-history":[{"count":2,"href":"https:\/\/pararepublique.com\/index.php\/wp-json\/wp\/v2\/product\/15220\/revisions"}],"predecessor-version":[{"id":15223,"href":"https:\/\/pararepublique.com\/index.php\/wp-json\/wp\/v2\/product\/15220\/revisions\/15223"}],"wp:featuredmedia":[{"embeddable":true,"href":"https:\/\/pararepublique.com\/index.php\/wp-json\/wp\/v2\/media\/15221"}],"wp:attachment":[{"href":"https:\/\/pararepublique.com\/index.php\/wp-json\/wp\/v2\/media?parent=15220"}],"wp:term":[{"taxonomy":"product_cat","embeddable":true,"href":"https:\/\/pararepublique.com\/index.php\/wp-json\/wp\/v2\/product_cat?post=15220"},{"taxonomy":"product_tag","embeddable":true,"href":"https:\/\/pararepublique.com\/index.php\/wp-json\/wp\/v2\/product_tag?post=15220"}],"curies":[{"name":"wp","href":"https:\/\/api.w.org\/{rel}","templated":true}]}}