{"id":15241,"date":"2024-12-22T22:15:14","date_gmt":"2024-12-22T22:15:14","guid":{"rendered":"https:\/\/pararepublique.com\/?post_type=product&#038;p=15241"},"modified":"2024-12-22T22:15:14","modified_gmt":"2024-12-22T22:15:14","slug":"parfum-arabian-oud-rosewood-edp","status":"publish","type":"product","link":"https:\/\/pararepublique.com\/index.php\/product\/parfum-arabian-oud-rosewood-edp\/","title":{"rendered":"PARFUM ARABIAN OUD ROSEWOOD EDP"},"content":{"rendered":"<p>Rosewood d\u2019Arabian Oud \u2013 La rose dans toute sa gloire<\/p>\n<p>Avec l\u2019oud du Cambodge en note de t\u00eate, on pourrait presque s\u2019attendre \u00e0 ce que Rosewood soit une senteur quelque peu agressive. Mais, \u00e0 l\u2019image de la rose dont les \u00e9pines r\u00e9haussent la beaut\u00e9, l\u2019oud renforce l\u2019omnipr\u00e9sence des senteurs de rose en note de c\u0153ur, des notes qui sont coupl\u00e9es \u00e0 la vanille pour cr\u00e9er un v\u00e9ritable duvet des sens. Enfin, en note de fond, c\u2019est l\u2019encens d\u2019oliban qui s\u2019harmonise avec les muscs blancs pour compl\u00e9ter ce majestueux tableau.<\/p>\n<p>Une beaut\u00e9 qui se r\u00e9invente et se red\u00e9couvre continuellement.<\/p>\n<p>Rosewood est un parfum aux tons orientaux et bois\u00e9s. Il dispose d\u2019une tenue extraordinaire sur la peau et sur les v\u00eatements. La rose qui en constitue le v\u00e9ritable c\u0153ur, est progressivement coupl\u00e9e aux diff\u00e9rentes senteurs de cette fragrance. M\u00eame sous les pointes d\u2019Oud du Cambodge, reposant sur l\u2019agr\u00e9able chaleur de la vanille, ou sublim\u00e9e par l\u2019encens et les muscs blancs, la rose se d\u00e9voile \u00e0 chaque nouvelle inspiration. \u00c0 l\u2019image de la fleur qui d\u00e9voile toute sa beaut\u00e9, p\u00e9tale apr\u00e8s p\u00e9tale, Rosewood continue de s\u00e9duire du d\u00e9but \u00e0 la fin.<\/p>\n<p>Un v\u00e9ritable tr\u00e9sor, digne de deux mondes<\/p>\n<p class=\"st-po\">Rosewood d\u2019Arabian Oud fait r\u00e9f\u00e9rence au bois de rose. Cette senteur pourrait aussi bien se tenir dans la cat\u00e9gorie des parfums bois\u00e9s que parmi les parfums fleuris. Ce n\u2019est pas que cette senteur ne r\u00e9pond pas enti\u00e8rement aux crit\u00e8res de l\u2019un ou de l\u2019autre, mais plut\u00f4t qu\u2019elle les \u00e9pouse pleinement et s\u2019en r\u00e9clame fi\u00e8rement. Ainsi, elle devient une fragrance unisexe qui sublimera la beaut\u00e9 des unes, et \u00e9veillera la sensualit\u00e9 des autres.<\/p>\n","protected":false},"excerpt":{"rendered":"<div class=\"woocommerce-product-details__short-description\">\n<p class=\"st-po\"><strong>Pyramide Olfactive :<\/strong><\/p>\n<ul class=\"st-no\">\n<li><strong>Notes de t\u00eate :<\/strong> Bergamote, framboise, fraise<\/li>\n<li><b>Notes de c\u0153ur :<\/b> Rose, ambre<\/li>\n<li><strong>Notes de fond :<\/strong> Vanille, musc, cois de c\u00e8dre<\/li>\n<\/ul>\n<\/div>\n","protected":false},"featured_media":15242,"comment_status":"open","ping_status":"closed","template":"","meta":{"inline_featured_image":false,"_monsterinsights_skip_tracking":false,"_monsterinsights_sitenote_active":false,"_monsterinsights_sitenote_note":"","_monsterinsights_sitenote_category":0,"_joinchat":[]},"product_cat":[106],"product_tag":[],"class_list":{"0":"post-15241","1":"product","2":"type-product","3":"status-publish","4":"has-post-thumbnail","6":"product_cat-parfumerie","8":"first","9":"instock","10":"shipping-taxable","11":"purchasable","12":"product-type-simple","13":"add-to-wishlist-after_add_to_cart"},"aioseo_notices":[],"_links":{"self":[{"href":"https:\/\/pararepublique.com\/index.php\/wp-json\/wp\/v2\/product\/15241","targetHints":{"allow":["GET"]}}],"collection":[{"href":"https:\/\/pararepublique.com\/index.php\/wp-json\/wp\/v2\/product"}],"about":[{"href":"https:\/\/pararepublique.com\/index.php\/wp-json\/wp\/v2\/types\/product"}],"replies":[{"embeddable":true,"href":"https:\/\/pararepublique.com\/index.php\/wp-json\/wp\/v2\/comments?post=15241"}],"version-history":[{"count":2,"href":"https:\/\/pararepublique.com\/index.php\/wp-json\/wp\/v2\/product\/15241\/revisions"}],"predecessor-version":[{"id":15244,"href":"https:\/\/pararepublique.com\/index.php\/wp-json\/wp\/v2\/product\/15241\/revisions\/15244"}],"wp:featuredmedia":[{"embeddable":true,"href":"https:\/\/pararepublique.com\/index.php\/wp-json\/wp\/v2\/media\/15242"}],"wp:attachment":[{"href":"https:\/\/pararepublique.com\/index.php\/wp-json\/wp\/v2\/media?parent=15241"}],"wp:term":[{"taxonomy":"product_cat","embeddable":true,"href":"https:\/\/pararepublique.com\/index.php\/wp-json\/wp\/v2\/product_cat?post=15241"},{"taxonomy":"product_tag","embeddable":true,"href":"https:\/\/pararepublique.com\/index.php\/wp-json\/wp\/v2\/product_tag?post=15241"}],"curies":[{"name":"wp","href":"https:\/\/api.w.org\/{rel}","templated":true}]}}