{"id":15245,"date":"2024-12-22T22:17:15","date_gmt":"2024-12-22T22:17:15","guid":{"rendered":"https:\/\/pararepublique.com\/?post_type=product&#038;p=15245"},"modified":"2024-12-22T22:17:15","modified_gmt":"2024-12-22T22:17:15","slug":"parfum-black-pop","status":"publish","type":"product","link":"https:\/\/pararepublique.com\/index.php\/product\/parfum-black-pop\/","title":{"rendered":"PARFUM BLACK POP"},"content":{"rendered":"<h3 class=\"prodf-titre\">Black XS Be A Legend Iggy Pop Eau de toilette Paco Rabanne<\/h3>\n<div class=\"prodf-desc\">\n<div>Apr\u00e8s 10 ans de passion et de musique, vient le temps de la cons\u00e9cration. La rock star Black XS entre aujourd&rsquo;hui dans la l\u00e9gende. A cette occasion, l&rsquo;\u00e9ternelle ic\u00f4ne du rock, Iggy Pop, s&rsquo;associe pour la plus impertinente et excessive des c\u00e9l\u00e9brations.<\/div>\n<div>\n<p><strong>Notes olfactives<\/strong><\/p>\n<p>T\u00eate : Citron, Cannelle<br \/>\nCoeur : Miel, Fleur d&rsquo;oranger<br \/>\nFond : Cuir, Huile essentielle de cypriol, Ciste<\/p>\n<\/div>\n<\/div>\n","protected":false},"excerpt":{"rendered":"<p><b>Black XS Be a Legend Iggy Pop<\/b> de <b>Rabanne<\/b> est un parfum Orientale bois\u00e9 pour homme. <b>Black XS Be a Legend Iggy Pop<\/b> a \u00e9t\u00e9 lanc\u00e9 en 2014. Black XS Be a Legend Iggy Pop a \u00e9t\u00e9 cr\u00e9\u00e9 par Fabrice Pellegrin et Olivier Cresp. Les notes de t\u00eate sont Citron et Cannelle; les notes de coeur sont Miel et Fleur d&rsquo;oranger; les notes de fond sont Cuir, Huile essentielle de cypriol et Ciste.<\/p>\n","protected":false},"featured_media":15246,"comment_status":"open","ping_status":"closed","template":"","meta":{"inline_featured_image":false,"_monsterinsights_skip_tracking":false,"_monsterinsights_sitenote_active":false,"_monsterinsights_sitenote_note":"","_monsterinsights_sitenote_category":0,"_joinchat":[]},"product_cat":[106],"product_tag":[],"class_list":{"0":"post-15245","1":"product","2":"type-product","3":"status-publish","4":"has-post-thumbnail","6":"product_cat-parfumerie","8":"first","9":"instock","10":"shipping-taxable","11":"purchasable","12":"product-type-simple","13":"add-to-wishlist-after_add_to_cart"},"aioseo_notices":[],"_links":{"self":[{"href":"https:\/\/pararepublique.com\/index.php\/wp-json\/wp\/v2\/product\/15245","targetHints":{"allow":["GET"]}}],"collection":[{"href":"https:\/\/pararepublique.com\/index.php\/wp-json\/wp\/v2\/product"}],"about":[{"href":"https:\/\/pararepublique.com\/index.php\/wp-json\/wp\/v2\/types\/product"}],"replies":[{"embeddable":true,"href":"https:\/\/pararepublique.com\/index.php\/wp-json\/wp\/v2\/comments?post=15245"}],"version-history":[{"count":2,"href":"https:\/\/pararepublique.com\/index.php\/wp-json\/wp\/v2\/product\/15245\/revisions"}],"predecessor-version":[{"id":15248,"href":"https:\/\/pararepublique.com\/index.php\/wp-json\/wp\/v2\/product\/15245\/revisions\/15248"}],"wp:featuredmedia":[{"embeddable":true,"href":"https:\/\/pararepublique.com\/index.php\/wp-json\/wp\/v2\/media\/15246"}],"wp:attachment":[{"href":"https:\/\/pararepublique.com\/index.php\/wp-json\/wp\/v2\/media?parent=15245"}],"wp:term":[{"taxonomy":"product_cat","embeddable":true,"href":"https:\/\/pararepublique.com\/index.php\/wp-json\/wp\/v2\/product_cat?post=15245"},{"taxonomy":"product_tag","embeddable":true,"href":"https:\/\/pararepublique.com\/index.php\/wp-json\/wp\/v2\/product_tag?post=15245"}],"curies":[{"name":"wp","href":"https:\/\/api.w.org\/{rel}","templated":true}]}}