{"id":15252,"date":"2024-12-22T22:22:16","date_gmt":"2024-12-22T22:22:16","guid":{"rendered":"https:\/\/pararepublique.com\/?post_type=product&#038;p=15252"},"modified":"2024-12-22T22:22:16","modified_gmt":"2024-12-22T22:22:16","slug":"parfum-burberry-brit","status":"publish","type":"product","link":"https:\/\/pararepublique.com\/index.php\/product\/parfum-burberry-brit\/","title":{"rendered":"PARFUM BURBERRY BRIT"},"content":{"rendered":"<p>Un parfum gourmand floral, sensuel et addictif.<br \/>\nDes touches de poire givr\u00e9e et d&rsquo;amande caram\u00e9lis\u00e9e, compl\u00e9t\u00e9es par une vanille intense.<\/p>\n","protected":false},"excerpt":{"rendered":"<p>Eau de parfum BURBERRY BRIT FEMME 100ml<\/p>\n<p>&nbsp;<\/p>\n","protected":false},"featured_media":15253,"comment_status":"open","ping_status":"closed","template":"","meta":{"inline_featured_image":false,"_monsterinsights_skip_tracking":false,"_monsterinsights_sitenote_active":false,"_monsterinsights_sitenote_note":"","_monsterinsights_sitenote_category":0,"_joinchat":[]},"product_cat":[106],"product_tag":[],"class_list":{"0":"post-15252","1":"product","2":"type-product","3":"status-publish","4":"has-post-thumbnail","6":"product_cat-parfumerie","8":"first","9":"instock","10":"shipping-taxable","11":"purchasable","12":"product-type-simple","13":"add-to-wishlist-after_add_to_cart"},"aioseo_notices":[],"_links":{"self":[{"href":"https:\/\/pararepublique.com\/index.php\/wp-json\/wp\/v2\/product\/15252","targetHints":{"allow":["GET"]}}],"collection":[{"href":"https:\/\/pararepublique.com\/index.php\/wp-json\/wp\/v2\/product"}],"about":[{"href":"https:\/\/pararepublique.com\/index.php\/wp-json\/wp\/v2\/types\/product"}],"replies":[{"embeddable":true,"href":"https:\/\/pararepublique.com\/index.php\/wp-json\/wp\/v2\/comments?post=15252"}],"version-history":[{"count":1,"href":"https:\/\/pararepublique.com\/index.php\/wp-json\/wp\/v2\/product\/15252\/revisions"}],"predecessor-version":[{"id":15254,"href":"https:\/\/pararepublique.com\/index.php\/wp-json\/wp\/v2\/product\/15252\/revisions\/15254"}],"wp:featuredmedia":[{"embeddable":true,"href":"https:\/\/pararepublique.com\/index.php\/wp-json\/wp\/v2\/media\/15253"}],"wp:attachment":[{"href":"https:\/\/pararepublique.com\/index.php\/wp-json\/wp\/v2\/media?parent=15252"}],"wp:term":[{"taxonomy":"product_cat","embeddable":true,"href":"https:\/\/pararepublique.com\/index.php\/wp-json\/wp\/v2\/product_cat?post=15252"},{"taxonomy":"product_tag","embeddable":true,"href":"https:\/\/pararepublique.com\/index.php\/wp-json\/wp\/v2\/product_tag?post=15252"}],"curies":[{"name":"wp","href":"https:\/\/api.w.org\/{rel}","templated":true}]}}