{"id":15255,"date":"2024-12-22T22:26:44","date_gmt":"2024-12-22T22:26:44","guid":{"rendered":"https:\/\/pararepublique.com\/?post_type=product&#038;p=15255"},"modified":"2024-12-22T22:26:44","modified_gmt":"2024-12-22T22:26:44","slug":"dina-french-style-bleu-40ml","status":"publish","type":"product","link":"https:\/\/pararepublique.com\/index.php\/product\/dina-french-style-bleu-40ml\/","title":{"rendered":"DINA FRENCH STYLE BLEU 40ML"},"content":{"rendered":"<p><strong>Description g\u00e9n\u00e9rale de French Style Blue Dream Eau de Parfum<\/strong><\/p>\n<p>Plongez dans l\u2019\u00e9l\u00e9gance \u00e9th\u00e9r\u00e9e de <strong>French Style Blue Dream Eau de Parfum<\/strong> de Dina Cosmetics, une fragrance captivante m\u00ealant des notes florales, bois\u00e9es et musqu\u00e9es pour femmes. Cette luxueuse Eau de Parfum pr\u00e9sente un accord poudr\u00e9 sophistiqu\u00e9 qui vous enveloppe dans un nuage de f\u00e9minit\u00e9 raffin\u00e9e. D\u00e9couvrez le charme intemporel de la parfumerie fran\u00e7aise classique avec une touche de modernit\u00e9, faisant de <strong>French Style Blue Dream<\/strong> le parfum id\u00e9al pour la femme confiante et \u00e9l\u00e9gante. Sa formule longue tenue garantit que vous resterez d\u00e9licatement parfum\u00e9e tout au long de la journ\u00e9e.<\/p>\n<p><strong>Description des senteurs et des notes<\/strong><\/p>\n<p><strong>French Style Blue Dream<\/strong> s\u2019ouvre sur un souffle d\u00e9licat de fleurs fra\u00eeches et perl\u00e9es de ros\u00e9e. Le c\u0153ur de la fragrance r\u00e9v\u00e8le un somptueux bouquet de notes poudr\u00e9es, cr\u00e9ant une aura douce et romantique. Imaginez la douceur subtile de la <strong>violette<\/strong>, la caresse d\u00e9licate de l\u2019<strong>iris<\/strong> et la gr\u00e2ce a\u00e9rienne de la <strong>mimosa<\/strong>, toutes entrelac\u00e9es pour former un c\u0153ur v\u00e9ritablement enchanteur.<\/p>\n<p>Ces floraux poudr\u00e9s \u00e9voluent harmonieusement vers une base chaleureuse et sensuelle compos\u00e9e de <strong>bois de santal cr\u00e9meux<\/strong>, de <strong>c\u00e8dre doux<\/strong> et d\u2019une touche de <strong>muscs captivants<\/strong>. Le r\u00e9sultat est un parfum \u00e0 la fois \u00e9l\u00e9gant et accueillant, \u00e9quilibrant parfaitement la douceur florale et la profondeur bois\u00e9e musqu\u00e9e. Il laisse une impression durable de sophistication intemporelle.<\/p>\n","protected":false},"excerpt":{"rendered":"<p>Plongez dans l\u2019\u00e9l\u00e9gance \u00e9th\u00e9r\u00e9e de <strong>French Style Blue Dream Eau de Parfum<\/strong> de Dina Cosmetics, une fragrance captivante m\u00ealant des notes florales, bois\u00e9es et musqu\u00e9es pour femmes. Cette luxueuse Eau de Parfum pr\u00e9sente un accord poudr\u00e9 sophistiqu\u00e9 qui vous enveloppe dans un nuage de f\u00e9minit\u00e9 raffin\u00e9e.<\/p>\n","protected":false},"featured_media":15256,"comment_status":"open","ping_status":"closed","template":"","meta":{"inline_featured_image":false,"_monsterinsights_skip_tracking":false,"_monsterinsights_sitenote_active":false,"_monsterinsights_sitenote_note":"","_monsterinsights_sitenote_category":0,"_joinchat":[]},"product_cat":[106],"product_tag":[],"class_list":{"0":"post-15255","1":"product","2":"type-product","3":"status-publish","4":"has-post-thumbnail","6":"product_cat-parfumerie","8":"first","9":"instock","10":"shipping-taxable","11":"purchasable","12":"product-type-simple","13":"add-to-wishlist-after_add_to_cart"},"aioseo_notices":[],"_links":{"self":[{"href":"https:\/\/pararepublique.com\/index.php\/wp-json\/wp\/v2\/product\/15255","targetHints":{"allow":["GET"]}}],"collection":[{"href":"https:\/\/pararepublique.com\/index.php\/wp-json\/wp\/v2\/product"}],"about":[{"href":"https:\/\/pararepublique.com\/index.php\/wp-json\/wp\/v2\/types\/product"}],"replies":[{"embeddable":true,"href":"https:\/\/pararepublique.com\/index.php\/wp-json\/wp\/v2\/comments?post=15255"}],"version-history":[{"count":1,"href":"https:\/\/pararepublique.com\/index.php\/wp-json\/wp\/v2\/product\/15255\/revisions"}],"predecessor-version":[{"id":15257,"href":"https:\/\/pararepublique.com\/index.php\/wp-json\/wp\/v2\/product\/15255\/revisions\/15257"}],"wp:featuredmedia":[{"embeddable":true,"href":"https:\/\/pararepublique.com\/index.php\/wp-json\/wp\/v2\/media\/15256"}],"wp:attachment":[{"href":"https:\/\/pararepublique.com\/index.php\/wp-json\/wp\/v2\/media?parent=15255"}],"wp:term":[{"taxonomy":"product_cat","embeddable":true,"href":"https:\/\/pararepublique.com\/index.php\/wp-json\/wp\/v2\/product_cat?post=15255"},{"taxonomy":"product_tag","embeddable":true,"href":"https:\/\/pararepublique.com\/index.php\/wp-json\/wp\/v2\/product_tag?post=15255"}],"curies":[{"name":"wp","href":"https:\/\/api.w.org\/{rel}","templated":true}]}}