{"id":15262,"date":"2024-12-22T22:33:41","date_gmt":"2024-12-22T22:33:41","guid":{"rendered":"https:\/\/pararepublique.com\/?post_type=product&#038;p=15262"},"modified":"2024-12-22T22:33:41","modified_gmt":"2024-12-22T22:33:41","slug":"corine-de-farme-edt-princesse-30ml","status":"publish","type":"product","link":"https:\/\/pararepublique.com\/index.php\/product\/corine-de-farme-edt-princesse-30ml\/","title":{"rendered":"CORINE DE FARME EDT PRINCESSE 30ML"},"content":{"rendered":"<p>La note initiale de la composition du parfum est encapsul\u00e9e dans une explosion de baies de cassis. Le c\u0153ur du parfum r\u00e9sonne avec la m\u00fbre m\u00fbre, tandis que la note de fond est pr\u00e9sent\u00e9e avec des passages floraux de rose velout\u00e9e. L&rsquo;eau de toilette enveloppera la jeune fille dans le plus fin manteau de fragrance, tiss\u00e9 de nuances pr\u00e9cieuses. Vivez avec \u00e9clat avec Corine de Farme !<\/p>\n<p><strong>Marque:<\/strong> Corine De Farme<br \/>\n<strong>Gamme:<\/strong> princess<br \/>\n<strong>Type de produits:<\/strong> eaux de toilette<br \/>\n<strong>Classification:<\/strong> mass market<br \/>\n<strong>Country TM:<\/strong> France<br \/>\n<strong>Fabriqu\u00e9 en:<\/strong> France<br \/>\n<strong>Pour qui:<\/strong> filles<br \/>\n<strong>Famille Olfactive:<\/strong> fruit\u00e9e<br \/>\n<strong>Notes de t\u00eate:<\/strong> Cassis<br \/>\n<strong>Notes de c\u0153ur:<\/strong> M\u00fbre<br \/>\n<strong>Notes de fond:<\/strong> Rose<\/p>\n","protected":false},"excerpt":{"rendered":"<p>Faites plaisir \u00e0 votre petite demoiselle avec une acquisition aussi agr\u00e9able que l&rsquo;Eau de Toilette Princesse de la marque fran\u00e7aise Corine de Farme ! Un flacon \u00e9l\u00e9gant orn\u00e9 d&rsquo;un imprim\u00e9 vibrant de princesse Disney et coiff\u00e9 d&rsquo;un bouchon en forme de couronne deviendra un v\u00e9ritable ornement sur la coiffeuse d&rsquo;un enfant, tandis que son raffin\u00e9 parfum fruit\u00e9 \u00e9l\u00e8vera le moral de votre petite \u00e0 chaque utilisation. L&rsquo;eau de toilette mettra en valeur le style unique de votre fille, l&rsquo;aidant \u00e0 exprimer son individualit\u00e9.<\/p>\n","protected":false},"featured_media":15263,"comment_status":"open","ping_status":"closed","template":"","meta":{"inline_featured_image":false,"_monsterinsights_skip_tracking":false,"_monsterinsights_sitenote_active":false,"_monsterinsights_sitenote_note":"","_monsterinsights_sitenote_category":0,"_joinchat":[]},"product_cat":[106],"product_tag":[],"class_list":{"0":"post-15262","1":"product","2":"type-product","3":"status-publish","4":"has-post-thumbnail","6":"product_cat-parfumerie","8":"first","9":"instock","10":"shipping-taxable","11":"purchasable","12":"product-type-simple","13":"add-to-wishlist-after_add_to_cart"},"aioseo_notices":[],"_links":{"self":[{"href":"https:\/\/pararepublique.com\/index.php\/wp-json\/wp\/v2\/product\/15262","targetHints":{"allow":["GET"]}}],"collection":[{"href":"https:\/\/pararepublique.com\/index.php\/wp-json\/wp\/v2\/product"}],"about":[{"href":"https:\/\/pararepublique.com\/index.php\/wp-json\/wp\/v2\/types\/product"}],"replies":[{"embeddable":true,"href":"https:\/\/pararepublique.com\/index.php\/wp-json\/wp\/v2\/comments?post=15262"}],"version-history":[{"count":1,"href":"https:\/\/pararepublique.com\/index.php\/wp-json\/wp\/v2\/product\/15262\/revisions"}],"predecessor-version":[{"id":15264,"href":"https:\/\/pararepublique.com\/index.php\/wp-json\/wp\/v2\/product\/15262\/revisions\/15264"}],"wp:featuredmedia":[{"embeddable":true,"href":"https:\/\/pararepublique.com\/index.php\/wp-json\/wp\/v2\/media\/15263"}],"wp:attachment":[{"href":"https:\/\/pararepublique.com\/index.php\/wp-json\/wp\/v2\/media?parent=15262"}],"wp:term":[{"taxonomy":"product_cat","embeddable":true,"href":"https:\/\/pararepublique.com\/index.php\/wp-json\/wp\/v2\/product_cat?post=15262"},{"taxonomy":"product_tag","embeddable":true,"href":"https:\/\/pararepublique.com\/index.php\/wp-json\/wp\/v2\/product_tag?post=15262"}],"curies":[{"name":"wp","href":"https:\/\/api.w.org\/{rel}","templated":true}]}}