{"id":15277,"date":"2024-12-23T10:33:12","date_gmt":"2024-12-23T10:33:12","guid":{"rendered":"https:\/\/pararepublique.com\/?post_type=product&#038;p=15277"},"modified":"2024-12-23T10:33:12","modified_gmt":"2024-12-23T10:33:12","slug":"black-xs-deodorant-250ml","status":"publish","type":"product","link":"https:\/\/pararepublique.com\/index.php\/product\/black-xs-deodorant-250ml\/","title":{"rendered":"BLACK XS DEODORANT 250ML"},"content":{"rendered":"<p><strong>Le d\u00e9odorant spray Black XS de Paco Rabanne offre un agr\u00e9able parfum masculin tout en prot\u00e9geant la peau<\/strong><\/p>\n<p>Avec un m\u00e9lange de notes bois\u00e9es et la fra\u00eecheur du citron et de la sauge, le d\u00e9odorant spray de Paco Rabanne souligne le c\u00f4t\u00e9 masculin et donne aux hommes un effet rafra\u00eechissant. Un m\u00e9lange irr\u00e9sistible de menthe poivr\u00e9e, de mandarine et de pamplemousse d\u00e9termine la note de t\u00eate et conduit au c\u0153ur avec des notes de cannelle et de rose. Avec des ar\u00f4mes de baume tolu, de cardamome noire, de bois de palissandre, d&rsquo;ambre et de patchouli, le parfum Black XS met la raison hors jeu \u00e0 la base, de sorte que seules les \u00e9motions d\u00e9cident.<\/p>\n","protected":false},"excerpt":{"rendered":"<p>Le <strong>D\u00e9odorant Spray Black XS de Paco Rabanne<\/strong> souligne la partie masculine d&rsquo;un homme et en m\u00eame temps ses c\u00f4t\u00e9s d\u00e9licats. Avec son caract\u00e8re sensuel, le parfum promet une protection fiable tout au long de la journ\u00e9e et procure une sensation de douceur velout\u00e9e sur la peau. La formule l\u00e9g\u00e8re du d\u00e9odorant spray Black XS prot\u00e8ge la peau sensible sous les bras, minimise la transpiration et enveloppe agr\u00e9ablement la peau d&rsquo;un parfum oriental et bois\u00e9. Il rappelle aux amateurs de parfums Paco Rabanne l&rsquo;eau de toilette cr\u00e9\u00e9e de mani\u00e8re similaire. Le d\u00e9odorant est conditionn\u00e9 dans un vaporisateur qui permet de r\u00e9partir le spray finement et uniform\u00e9ment sur la peau.<\/p>\n","protected":false},"featured_media":15278,"comment_status":"open","ping_status":"closed","template":"","meta":{"inline_featured_image":false,"_monsterinsights_skip_tracking":false,"_monsterinsights_sitenote_active":false,"_monsterinsights_sitenote_note":"","_monsterinsights_sitenote_category":0,"_joinchat":[]},"product_cat":[106],"product_tag":[],"class_list":{"0":"post-15277","1":"product","2":"type-product","3":"status-publish","4":"has-post-thumbnail","6":"product_cat-parfumerie","8":"first","9":"instock","10":"shipping-taxable","11":"purchasable","12":"product-type-simple","13":"add-to-wishlist-after_add_to_cart"},"aioseo_notices":[],"_links":{"self":[{"href":"https:\/\/pararepublique.com\/index.php\/wp-json\/wp\/v2\/product\/15277","targetHints":{"allow":["GET"]}}],"collection":[{"href":"https:\/\/pararepublique.com\/index.php\/wp-json\/wp\/v2\/product"}],"about":[{"href":"https:\/\/pararepublique.com\/index.php\/wp-json\/wp\/v2\/types\/product"}],"replies":[{"embeddable":true,"href":"https:\/\/pararepublique.com\/index.php\/wp-json\/wp\/v2\/comments?post=15277"}],"version-history":[{"count":1,"href":"https:\/\/pararepublique.com\/index.php\/wp-json\/wp\/v2\/product\/15277\/revisions"}],"predecessor-version":[{"id":15279,"href":"https:\/\/pararepublique.com\/index.php\/wp-json\/wp\/v2\/product\/15277\/revisions\/15279"}],"wp:featuredmedia":[{"embeddable":true,"href":"https:\/\/pararepublique.com\/index.php\/wp-json\/wp\/v2\/media\/15278"}],"wp:attachment":[{"href":"https:\/\/pararepublique.com\/index.php\/wp-json\/wp\/v2\/media?parent=15277"}],"wp:term":[{"taxonomy":"product_cat","embeddable":true,"href":"https:\/\/pararepublique.com\/index.php\/wp-json\/wp\/v2\/product_cat?post=15277"},{"taxonomy":"product_tag","embeddable":true,"href":"https:\/\/pararepublique.com\/index.php\/wp-json\/wp\/v2\/product_tag?post=15277"}],"curies":[{"name":"wp","href":"https:\/\/api.w.org\/{rel}","templated":true}]}}