{"id":15283,"date":"2024-12-23T10:44:40","date_gmt":"2024-12-23T10:44:40","guid":{"rendered":"https:\/\/pararepublique.com\/?post_type=product&#038;p=15283"},"modified":"2024-12-23T10:44:40","modified_gmt":"2024-12-23T10:44:40","slug":"parfum-burberry-sport-50ml","status":"publish","type":"product","link":"https:\/\/pararepublique.com\/index.php\/product\/parfum-burberry-sport-50ml\/","title":{"rendered":"PARFUM BURBERRY SPORT 50ML"},"content":{"rendered":"<p><strong>Sport Burberry pour femme<\/strong> a \u00e9t\u00e9 lanc\u00e9 en 2010. Ce parfum a \u00e9t\u00e9 cr\u00e9\u00e9 par Olivier Polge et B\u00e9atrice Piquet.<\/p>\n<ul>\n<li><strong>Notes de t\u00eate<\/strong> : mandarine, sel et gingembre.<\/li>\n<li><strong>Notes de c\u0153ur<\/strong> : petit-grain, ch\u00e8vrefeuille et magnolia.<\/li>\n<li><strong>Notes de base<\/strong> : musc et c\u00e8dre de Virginie.<\/li>\n<\/ul>\n<h3>\u00c0 propos de Burberry<\/h3>\n<p>Burberry a \u00e9t\u00e9 fond\u00e9e en 1856 par Thomas Burberry, alors \u00e2g\u00e9 de 21 ans, \u00e0 Basingstoke, dans le Hampshire, en Angleterre. D\u00e8s 1870, l\u2019entreprise s\u2019est distingu\u00e9e comme une source r\u00e9put\u00e9e de v\u00eatements de qualit\u00e9.<\/p>\n<p>En 1880, Thomas Burberry inventa le <strong>gabardine<\/strong>, un tissu r\u00e9sistant \u00e0 l\u2019eau, qu\u2019il breveta en 1888. En 1891, il ouvrit un magasin \u00e0 Haymarket, Londres, qui est aujourd\u2019hui le si\u00e8ge de la soci\u00e9t\u00e9 <strong>Burberry Corporation<\/strong>.<\/p>\n<p>Le c\u00e9l\u00e8bre logo \u00e9questre de Burberry fut cr\u00e9\u00e9 en 1904. En 1914, le Bureau de la Guerre britannique chargea Burberry de concevoir des uniformes pour les officiers, ce qui donna naissance \u00e0 l\u2019iconique trench-coat.<\/p>\n<p>Dans les ann\u00e9es 1920, Burberry introduisit son fameux tissu \u00e0 carreaux, utilis\u00e9 dans ses trench-coats. Ce motif fut ensuite d\u00e9clin\u00e9 dans des accessoires tels que des foulards, des parapluies et des sacs \u00e0 main d\u00e8s 1967.<\/p>\n<p>En 1997, lorsque Rose Marie Bravo devint directrice g\u00e9n\u00e9rale, elle revitalisa la marque en modernisant son image. Kate Moss fut choisie comme \u00e9g\u00e9rie pour les campagnes publicitaires, tandis que de nouveaux produits au design innovant furent lanc\u00e9s.<\/p>\n<p>Aujourd\u2019hui, Burberry poss\u00e8de des magasins et franchises dans de nombreux pays \u00e0 travers le monde. La reine Elizabeth II et le prince de Galles ont tous deux accord\u00e9 \u00e0 Burberry un mandat royal. Les produits phares de la marque incluent les sacs \u00e0 main et les parfums.<\/p>\n<p>En f\u00e9vrier 1999, Burberry organisa son premier d\u00e9fil\u00e9 lors de la London Fashion Week et re\u00e7ut le prix de la <strong>British Classic Design Collection of the Year<\/strong>. La marque fut \u00e0 nouveau r\u00e9compens\u00e9e par le <strong>British Fashion Council<\/strong> en 2000 et 2001, \u00e0 la fois dans les cat\u00e9gories de la mode classique et contemporaine.<\/p>\n<p>Depuis, Burberry continue de se diversifier, de cro\u00eetre et de fid\u00e9liser un public toujours plus large, conquis par son style intemporel et innovant.<\/p>\n","protected":false},"excerpt":{"rendered":"<p><strong>Sport Burberry pour femme<\/strong> est un parfum floral destin\u00e9 aux femmes, gr\u00e2ce \u00e0 sa composition aromatique qui met en avant des notes de ch\u00e8vrefeuille, de magnolia et de gard\u00e9nia. Il contient \u00e9galement des touches fruit\u00e9es de mandarine, agr\u00e9ment\u00e9es de nuances sal\u00e9es. En notes de base, on retrouve du musc et du c\u00e8dre de Virginie.<\/p>\n","protected":false},"featured_media":15284,"comment_status":"open","ping_status":"closed","template":"","meta":{"inline_featured_image":false,"_monsterinsights_skip_tracking":false,"_monsterinsights_sitenote_active":false,"_monsterinsights_sitenote_note":"","_monsterinsights_sitenote_category":0,"_joinchat":[]},"product_cat":[106],"product_tag":[],"class_list":{"0":"post-15283","1":"product","2":"type-product","3":"status-publish","4":"has-post-thumbnail","6":"product_cat-parfumerie","8":"first","9":"instock","10":"shipping-taxable","11":"purchasable","12":"product-type-simple","13":"add-to-wishlist-after_add_to_cart"},"aioseo_notices":[],"_links":{"self":[{"href":"https:\/\/pararepublique.com\/index.php\/wp-json\/wp\/v2\/product\/15283","targetHints":{"allow":["GET"]}}],"collection":[{"href":"https:\/\/pararepublique.com\/index.php\/wp-json\/wp\/v2\/product"}],"about":[{"href":"https:\/\/pararepublique.com\/index.php\/wp-json\/wp\/v2\/types\/product"}],"replies":[{"embeddable":true,"href":"https:\/\/pararepublique.com\/index.php\/wp-json\/wp\/v2\/comments?post=15283"}],"version-history":[{"count":2,"href":"https:\/\/pararepublique.com\/index.php\/wp-json\/wp\/v2\/product\/15283\/revisions"}],"predecessor-version":[{"id":15286,"href":"https:\/\/pararepublique.com\/index.php\/wp-json\/wp\/v2\/product\/15283\/revisions\/15286"}],"wp:featuredmedia":[{"embeddable":true,"href":"https:\/\/pararepublique.com\/index.php\/wp-json\/wp\/v2\/media\/15284"}],"wp:attachment":[{"href":"https:\/\/pararepublique.com\/index.php\/wp-json\/wp\/v2\/media?parent=15283"}],"wp:term":[{"taxonomy":"product_cat","embeddable":true,"href":"https:\/\/pararepublique.com\/index.php\/wp-json\/wp\/v2\/product_cat?post=15283"},{"taxonomy":"product_tag","embeddable":true,"href":"https:\/\/pararepublique.com\/index.php\/wp-json\/wp\/v2\/product_tag?post=15283"}],"curies":[{"name":"wp","href":"https:\/\/api.w.org\/{rel}","templated":true}]}}