{"id":15287,"date":"2024-12-23T10:49:11","date_gmt":"2024-12-23T10:49:11","guid":{"rendered":"https:\/\/pararepublique.com\/?post_type=product&#038;p=15287"},"modified":"2024-12-23T10:49:12","modified_gmt":"2024-12-23T10:49:12","slug":"parfum-burberry-the-beat-men-edt","status":"publish","type":"product","link":"https:\/\/pararepublique.com\/index.php\/product\/parfum-burberry-the-beat-men-edt\/","title":{"rendered":"PARFUM BURBERRY THE BEAT MEN EDT"},"content":{"rendered":"<div class=\"electro-description clearfix\">\n<p>Laissez le <strong>Parfum Homme 100% original Burberry EDT The Beat For Men (100 ml)<\/strong> vous surprendre et de\u0301finir votre personnalite\u0301 en utilisant ce <strong>parfum masculin<\/strong> exclusif avec un parfum unique et personnel. De\u0301couvrez les <strong>produits Burberry 100 % originaux<\/strong> !<\/p>\n<ul>\n<li>Sexe : hommes<\/li>\n<li>Capacite\u0301 : 100 ml<\/li>\n<li>Type : EDT (Eau de Toilette)<\/li>\n<li>Nom du parfum :\n<ul>\n<li>Le rythme pour les hommes<\/li>\n<li>Le rythme<\/li>\n<\/ul>\n<\/li>\n<\/ul>\n<\/div>\n","protected":false},"excerpt":{"rendered":"<p>Parfum Homme Burberry EDT The Beat For Men (100 ml). D\u00e9sormais disponible \u00e0 Dakar \u2013 S\u00e9n\u00e9gal \u00e0 un prix extraordinaire qui d\u00e9fie toute attente. \u00c9levez votre style de vie, red\u00e9finissez vos normes et plongez dans un monde de qualit\u00e9 sup\u00e9rieure<\/p>\n","protected":false},"featured_media":15288,"comment_status":"open","ping_status":"closed","template":"","meta":{"inline_featured_image":false,"_monsterinsights_skip_tracking":false,"_monsterinsights_sitenote_active":false,"_monsterinsights_sitenote_note":"","_monsterinsights_sitenote_category":0,"_joinchat":[]},"product_cat":[106],"product_tag":[],"class_list":{"0":"post-15287","1":"product","2":"type-product","3":"status-publish","4":"has-post-thumbnail","6":"product_cat-parfumerie","8":"first","9":"instock","10":"shipping-taxable","11":"purchasable","12":"product-type-simple","13":"add-to-wishlist-after_add_to_cart"},"aioseo_notices":[],"_links":{"self":[{"href":"https:\/\/pararepublique.com\/index.php\/wp-json\/wp\/v2\/product\/15287","targetHints":{"allow":["GET"]}}],"collection":[{"href":"https:\/\/pararepublique.com\/index.php\/wp-json\/wp\/v2\/product"}],"about":[{"href":"https:\/\/pararepublique.com\/index.php\/wp-json\/wp\/v2\/types\/product"}],"replies":[{"embeddable":true,"href":"https:\/\/pararepublique.com\/index.php\/wp-json\/wp\/v2\/comments?post=15287"}],"version-history":[{"count":1,"href":"https:\/\/pararepublique.com\/index.php\/wp-json\/wp\/v2\/product\/15287\/revisions"}],"predecessor-version":[{"id":15289,"href":"https:\/\/pararepublique.com\/index.php\/wp-json\/wp\/v2\/product\/15287\/revisions\/15289"}],"wp:featuredmedia":[{"embeddable":true,"href":"https:\/\/pararepublique.com\/index.php\/wp-json\/wp\/v2\/media\/15288"}],"wp:attachment":[{"href":"https:\/\/pararepublique.com\/index.php\/wp-json\/wp\/v2\/media?parent=15287"}],"wp:term":[{"taxonomy":"product_cat","embeddable":true,"href":"https:\/\/pararepublique.com\/index.php\/wp-json\/wp\/v2\/product_cat?post=15287"},{"taxonomy":"product_tag","embeddable":true,"href":"https:\/\/pararepublique.com\/index.php\/wp-json\/wp\/v2\/product_tag?post=15287"}],"curies":[{"name":"wp","href":"https:\/\/api.w.org\/{rel}","templated":true}]}}