{"id":15297,"date":"2024-12-23T10:59:43","date_gmt":"2024-12-23T10:59:43","guid":{"rendered":"https:\/\/pararepublique.com\/?post_type=product&#038;p=15297"},"modified":"2024-12-23T10:59:44","modified_gmt":"2024-12-23T10:59:44","slug":"parfum-essence-note-cardam-embrun","status":"publish","type":"product","link":"https:\/\/pararepublique.com\/index.php\/product\/parfum-essence-note-cardam-embrun\/","title":{"rendered":"PARFUM ESSENCE NOTE CARDAM\/EMBRUN"},"content":{"rendered":"<p>EAU DE PARFUM BIEN-\u00caTRE AUX HUILES ESSENTIELLES<\/p>\n<p>Harmonie : en composant cet accord, les ma\u00eetres parfumeurs l&rsquo;Essence des Notes ont souhait\u00e9 offrir une eau de parfum marine qui r\u00e9gule l\u2019\u00e9quilibre \u00e9motionnel.<\/p>\n<p>&#8211; Le mariage r\u00e9ussi d&rsquo;un Accord marin tonique, rehauss\u00e9 de notes naturellement \u00e9pic\u00e9es de la Cardamome.<\/p>\n<p>&#8211; Assemblage de 4 huiles essentielles aux propri\u00e9t\u00e9s relaxantes, tonifiantes, calmantes et revigorante.<\/p>\n","protected":false},"excerpt":{"rendered":"<p>Harmonie : en composant cet accord, les ma\u00eetres parfumeurs l&rsquo;Essence des Notes ont souhait\u00e9 offrir une eau de parfum marine qui r\u00e9gule l\u2019\u00e9quilibre \u00e9motionnel.<\/p>\n","protected":false},"featured_media":15298,"comment_status":"open","ping_status":"closed","template":"","meta":{"inline_featured_image":false,"_monsterinsights_skip_tracking":false,"_monsterinsights_sitenote_active":false,"_monsterinsights_sitenote_note":"","_monsterinsights_sitenote_category":0,"_joinchat":[]},"product_cat":[106],"product_tag":[],"class_list":{"0":"post-15297","1":"product","2":"type-product","3":"status-publish","4":"has-post-thumbnail","6":"product_cat-parfumerie","8":"first","9":"instock","10":"shipping-taxable","11":"product-type-simple","12":"add-to-wishlist-after_add_to_cart"},"aioseo_notices":[],"_links":{"self":[{"href":"https:\/\/pararepublique.com\/index.php\/wp-json\/wp\/v2\/product\/15297","targetHints":{"allow":["GET"]}}],"collection":[{"href":"https:\/\/pararepublique.com\/index.php\/wp-json\/wp\/v2\/product"}],"about":[{"href":"https:\/\/pararepublique.com\/index.php\/wp-json\/wp\/v2\/types\/product"}],"replies":[{"embeddable":true,"href":"https:\/\/pararepublique.com\/index.php\/wp-json\/wp\/v2\/comments?post=15297"}],"version-history":[{"count":1,"href":"https:\/\/pararepublique.com\/index.php\/wp-json\/wp\/v2\/product\/15297\/revisions"}],"predecessor-version":[{"id":15299,"href":"https:\/\/pararepublique.com\/index.php\/wp-json\/wp\/v2\/product\/15297\/revisions\/15299"}],"wp:featuredmedia":[{"embeddable":true,"href":"https:\/\/pararepublique.com\/index.php\/wp-json\/wp\/v2\/media\/15298"}],"wp:attachment":[{"href":"https:\/\/pararepublique.com\/index.php\/wp-json\/wp\/v2\/media?parent=15297"}],"wp:term":[{"taxonomy":"product_cat","embeddable":true,"href":"https:\/\/pararepublique.com\/index.php\/wp-json\/wp\/v2\/product_cat?post=15297"},{"taxonomy":"product_tag","embeddable":true,"href":"https:\/\/pararepublique.com\/index.php\/wp-json\/wp\/v2\/product_tag?post=15297"}],"curies":[{"name":"wp","href":"https:\/\/api.w.org\/{rel}","templated":true}]}}