{"id":15300,"date":"2024-12-23T11:03:19","date_gmt":"2024-12-23T11:03:19","guid":{"rendered":"https:\/\/pararepublique.com\/?post_type=product&#038;p=15300"},"modified":"2024-12-23T11:03:19","modified_gmt":"2024-12-23T11:03:19","slug":"parfum-essence-note-citron-petit-100ml","status":"publish","type":"product","link":"https:\/\/pararepublique.com\/index.php\/product\/parfum-essence-note-citron-petit-100ml\/","title":{"rendered":"PARFUM ESSENCE NOTE CITRON\/PETIT 100ML"},"content":{"rendered":"<p>C\u2019est une conception digne des plus grandes maisons que la cr\u00e9atrice Huong Mangin met en avant aujourd\u2019hui : \u00ab L\u2019Essence des Notes est un concept audacieux, innovant, alliant l\u2019introduction de la parfumerie en pharmacie. J\u2019ai imagin\u00e9 ce concept en collaboration avec les parfumeurs de la soci\u00e9t\u00e9 Mane, bas\u00e9e \u00e0 Grasse, et qui n\u2019est autre que le berceau de la haute parfumerie fran\u00e7aise \u00bb. Chacun peut trouver sa propre signature olfactive avec l\u2019Essence des Notes !<\/p>\n","protected":false},"excerpt":{"rendered":"<p>L\u2019Essence des Notes est la premi\u00e8re marque de parfums vendue en pharmacie et compos\u00e9e principalement d\u2019essences naturelles s\u2019adressant \u00e0 la fois aux femmes et aux hommes. Vous d\u00e9couvrirez une gamme d\u2019eau de parfum exceptionnelle, allant des senteurs fra\u00eeches et p\u00e9tillantes aux senteurs bois\u00e9es et orientales\u2026L\u2019Essence des Notes vous propose des fragrances sublim\u00e9es par la puret\u00e9, la transparence, l\u2019\u00e9l\u00e9gance et la naturalit\u00e9.<\/p>\n","protected":false},"featured_media":15301,"comment_status":"open","ping_status":"closed","template":"","meta":{"inline_featured_image":false,"_monsterinsights_skip_tracking":false,"_monsterinsights_sitenote_active":false,"_monsterinsights_sitenote_note":"","_monsterinsights_sitenote_category":0,"_joinchat":[]},"product_cat":[106],"product_tag":[],"class_list":{"0":"post-15300","1":"product","2":"type-product","3":"status-publish","4":"has-post-thumbnail","6":"product_cat-parfumerie","8":"first","9":"instock","10":"shipping-taxable","11":"purchasable","12":"product-type-simple","13":"add-to-wishlist-after_add_to_cart"},"aioseo_notices":[],"_links":{"self":[{"href":"https:\/\/pararepublique.com\/index.php\/wp-json\/wp\/v2\/product\/15300","targetHints":{"allow":["GET"]}}],"collection":[{"href":"https:\/\/pararepublique.com\/index.php\/wp-json\/wp\/v2\/product"}],"about":[{"href":"https:\/\/pararepublique.com\/index.php\/wp-json\/wp\/v2\/types\/product"}],"replies":[{"embeddable":true,"href":"https:\/\/pararepublique.com\/index.php\/wp-json\/wp\/v2\/comments?post=15300"}],"version-history":[{"count":2,"href":"https:\/\/pararepublique.com\/index.php\/wp-json\/wp\/v2\/product\/15300\/revisions"}],"predecessor-version":[{"id":15303,"href":"https:\/\/pararepublique.com\/index.php\/wp-json\/wp\/v2\/product\/15300\/revisions\/15303"}],"wp:featuredmedia":[{"embeddable":true,"href":"https:\/\/pararepublique.com\/index.php\/wp-json\/wp\/v2\/media\/15301"}],"wp:attachment":[{"href":"https:\/\/pararepublique.com\/index.php\/wp-json\/wp\/v2\/media?parent=15300"}],"wp:term":[{"taxonomy":"product_cat","embeddable":true,"href":"https:\/\/pararepublique.com\/index.php\/wp-json\/wp\/v2\/product_cat?post=15300"},{"taxonomy":"product_tag","embeddable":true,"href":"https:\/\/pararepublique.com\/index.php\/wp-json\/wp\/v2\/product_tag?post=15300"}],"curies":[{"name":"wp","href":"https:\/\/api.w.org\/{rel}","templated":true}]}}