{"id":15304,"date":"2024-12-23T11:07:05","date_gmt":"2024-12-23T11:07:05","guid":{"rendered":"https:\/\/pararepublique.com\/?post_type=product&#038;p=15304"},"modified":"2024-12-23T11:07:05","modified_gmt":"2024-12-23T11:07:05","slug":"parfum-essence-note-coriand-cedre-50ml","status":"publish","type":"product","link":"https:\/\/pararepublique.com\/index.php\/product\/parfum-essence-note-coriand-cedre-50ml\/","title":{"rendered":"PARFUM ESSENCE NOTE CORIAND\/CEDRE 50ML"},"content":{"rendered":"<p>Accord \u00e9l\u00e9gant et naturel des notes orientales l\u00e9g\u00e8res de la Coriandre et du bois de C\u00e8dre de l&rsquo;Atlas.<br \/>\nAssemblage de 4 huiles essentielles aux propri\u00e9t\u00e9s calmantes, tonifiantes, stimulantes et relaxantes.<br \/>\nEau de parfum artisanale 100% confectionn\u00e9e \u00e0 Grasse.<\/p>\n","protected":false},"excerpt":{"rendered":"<p>En composant cet accord, nos ma\u00eetres parfumeurs ont souhait\u00e9 offrir une eau de parfum stimulante et chaleureuse.<\/p>\n","protected":false},"featured_media":15305,"comment_status":"open","ping_status":"closed","template":"","meta":{"inline_featured_image":false,"_monsterinsights_skip_tracking":false,"_monsterinsights_sitenote_active":false,"_monsterinsights_sitenote_note":"","_monsterinsights_sitenote_category":0,"_joinchat":[]},"product_cat":[106],"product_tag":[],"class_list":{"0":"post-15304","1":"product","2":"type-product","3":"status-publish","4":"has-post-thumbnail","6":"product_cat-parfumerie","8":"first","9":"instock","10":"shipping-taxable","11":"purchasable","12":"product-type-simple","13":"add-to-wishlist-after_add_to_cart"},"aioseo_notices":[],"_links":{"self":[{"href":"https:\/\/pararepublique.com\/index.php\/wp-json\/wp\/v2\/product\/15304","targetHints":{"allow":["GET"]}}],"collection":[{"href":"https:\/\/pararepublique.com\/index.php\/wp-json\/wp\/v2\/product"}],"about":[{"href":"https:\/\/pararepublique.com\/index.php\/wp-json\/wp\/v2\/types\/product"}],"replies":[{"embeddable":true,"href":"https:\/\/pararepublique.com\/index.php\/wp-json\/wp\/v2\/comments?post=15304"}],"version-history":[{"count":1,"href":"https:\/\/pararepublique.com\/index.php\/wp-json\/wp\/v2\/product\/15304\/revisions"}],"predecessor-version":[{"id":15306,"href":"https:\/\/pararepublique.com\/index.php\/wp-json\/wp\/v2\/product\/15304\/revisions\/15306"}],"wp:featuredmedia":[{"embeddable":true,"href":"https:\/\/pararepublique.com\/index.php\/wp-json\/wp\/v2\/media\/15305"}],"wp:attachment":[{"href":"https:\/\/pararepublique.com\/index.php\/wp-json\/wp\/v2\/media?parent=15304"}],"wp:term":[{"taxonomy":"product_cat","embeddable":true,"href":"https:\/\/pararepublique.com\/index.php\/wp-json\/wp\/v2\/product_cat?post=15304"},{"taxonomy":"product_tag","embeddable":true,"href":"https:\/\/pararepublique.com\/index.php\/wp-json\/wp\/v2\/product_tag?post=15304"}],"curies":[{"name":"wp","href":"https:\/\/api.w.org\/{rel}","templated":true}]}}