{"id":15307,"date":"2024-12-23T11:12:35","date_gmt":"2024-12-23T11:12:35","guid":{"rendered":"https:\/\/pararepublique.com\/?post_type=product&#038;p=15307"},"modified":"2024-12-23T11:12:35","modified_gmt":"2024-12-23T11:12:35","slug":"parfum-essence-note-lavand-romar-50ml","status":"publish","type":"product","link":"https:\/\/pararepublique.com\/index.php\/product\/parfum-essence-note-lavand-romar-50ml\/","title":{"rendered":"PARFUM ESSENCE NOTE LAVAND\/ROMAR 50ML"},"content":{"rendered":"<p>Une composition naturelle du duo m\u00e9diterran\u00e9en o\u00f9 la douceur apaisante de la Lavande fra\u00eechement coup\u00e9e se marie aux senteurs aromatiques du Romarin. Une promenade odorante et ensoleill\u00e9e en Provence.<\/p>\n<p>fragrance (parfum), water (aqua), linalool, BHT, butyl methoxydibenzoylmethane, ethylexyl methoxycinnamate, ethylhexyl salicylate, blue 1 (CI 42090), red 33 (CI 17200), citral, coumarin, eugenol, geraniol, limonene<\/p>\n<p>Marque L&rsquo;Essence des Notes<br \/>\nForme de l&rsquo;article Liquide<br \/>\nVolume de l&rsquo;article 50 Millilitres<br \/>\nParfum Lavande\/Romarin<\/p>\n<p>&nbsp;<\/p>\n","protected":false},"excerpt":{"rendered":"<p>Une composition naturelle du duo m\u00e9diterran\u00e9en o\u00f9 la douceur apaisante de la Lavande fra\u00eechement coup\u00e9e se marie aux senteurs aromatiques du Romarin. Une promenade odorante et ensoleill\u00e9e en Provence.<\/p>\n","protected":false},"featured_media":15308,"comment_status":"open","ping_status":"closed","template":"","meta":{"inline_featured_image":false,"_monsterinsights_skip_tracking":false,"_monsterinsights_sitenote_active":false,"_monsterinsights_sitenote_note":"","_monsterinsights_sitenote_category":0,"_joinchat":[]},"product_cat":[106],"product_tag":[],"class_list":{"0":"post-15307","1":"product","2":"type-product","3":"status-publish","4":"has-post-thumbnail","6":"product_cat-parfumerie","8":"first","9":"instock","10":"shipping-taxable","11":"purchasable","12":"product-type-simple","13":"add-to-wishlist-after_add_to_cart"},"aioseo_notices":[],"_links":{"self":[{"href":"https:\/\/pararepublique.com\/index.php\/wp-json\/wp\/v2\/product\/15307","targetHints":{"allow":["GET"]}}],"collection":[{"href":"https:\/\/pararepublique.com\/index.php\/wp-json\/wp\/v2\/product"}],"about":[{"href":"https:\/\/pararepublique.com\/index.php\/wp-json\/wp\/v2\/types\/product"}],"replies":[{"embeddable":true,"href":"https:\/\/pararepublique.com\/index.php\/wp-json\/wp\/v2\/comments?post=15307"}],"version-history":[{"count":1,"href":"https:\/\/pararepublique.com\/index.php\/wp-json\/wp\/v2\/product\/15307\/revisions"}],"predecessor-version":[{"id":15309,"href":"https:\/\/pararepublique.com\/index.php\/wp-json\/wp\/v2\/product\/15307\/revisions\/15309"}],"wp:featuredmedia":[{"embeddable":true,"href":"https:\/\/pararepublique.com\/index.php\/wp-json\/wp\/v2\/media\/15308"}],"wp:attachment":[{"href":"https:\/\/pararepublique.com\/index.php\/wp-json\/wp\/v2\/media?parent=15307"}],"wp:term":[{"taxonomy":"product_cat","embeddable":true,"href":"https:\/\/pararepublique.com\/index.php\/wp-json\/wp\/v2\/product_cat?post=15307"},{"taxonomy":"product_tag","embeddable":true,"href":"https:\/\/pararepublique.com\/index.php\/wp-json\/wp\/v2\/product_tag?post=15307"}],"curies":[{"name":"wp","href":"https:\/\/api.w.org\/{rel}","templated":true}]}}