{"id":15310,"date":"2024-12-23T11:18:39","date_gmt":"2024-12-23T11:18:39","guid":{"rendered":"https:\/\/pararepublique.com\/?post_type=product&#038;p=15310"},"modified":"2024-12-23T11:18:40","modified_gmt":"2024-12-23T11:18:40","slug":"parfum-essence-note-neroli-gaiac-vap-100ml","status":"publish","type":"product","link":"https:\/\/pararepublique.com\/index.php\/product\/parfum-essence-note-neroli-gaiac-vap-100ml\/","title":{"rendered":"PARFUM ESSENCE NOTE NEROLI\/GAIAC VAP 100ml"},"content":{"rendered":"<p>Une expression compos\u00e9e des mati\u00e8res naturelles nobles o\u00f9 la sensualit\u00e9 orientale du N\u00e9roli se marie \u00e0 la noblesse du Bois de Ga\u00efac. Une \u00e9vasion dans un voyage des sens.<\/p>\n<p>fragrance (parfum), water (aqua), BHT, butyl methoxydibenzoylmethane, ethylexyl methoxycinnamate, ethylhexyl salicylate, red 33 (CI 17200), yellow 5 (CI 19140), citral, citronellol, coumarin, geraniol, hexyl cinnamal, limonene, linalool.<\/p>\n","protected":false},"excerpt":{"rendered":"<p><b>Neroli&amp;Bois de Gaiac<\/b> de <b>L&rsquo;Essence des Notes<\/b> est un parfum Bois\u00e9 \u00c9pic\u00e9 pour femme. Les notes de t\u00eate sont Bergamote, Thym et Poivre; les notes de coeur sont Fleur d&rsquo;oranger, Lavande et Noix de muscade; les notes de fond sont N\u00e9roli, Ga\u00efac et Mousse de ch\u00eane.<\/p>\n","protected":false},"featured_media":15311,"comment_status":"open","ping_status":"closed","template":"","meta":{"inline_featured_image":false,"_monsterinsights_skip_tracking":false,"_monsterinsights_sitenote_active":false,"_monsterinsights_sitenote_note":"","_monsterinsights_sitenote_category":0,"_joinchat":[]},"product_cat":[106],"product_tag":[],"class_list":{"0":"post-15310","1":"product","2":"type-product","3":"status-publish","4":"has-post-thumbnail","6":"product_cat-parfumerie","8":"first","9":"instock","10":"shipping-taxable","11":"purchasable","12":"product-type-simple","13":"add-to-wishlist-after_add_to_cart"},"aioseo_notices":[],"_links":{"self":[{"href":"https:\/\/pararepublique.com\/index.php\/wp-json\/wp\/v2\/product\/15310","targetHints":{"allow":["GET"]}}],"collection":[{"href":"https:\/\/pararepublique.com\/index.php\/wp-json\/wp\/v2\/product"}],"about":[{"href":"https:\/\/pararepublique.com\/index.php\/wp-json\/wp\/v2\/types\/product"}],"replies":[{"embeddable":true,"href":"https:\/\/pararepublique.com\/index.php\/wp-json\/wp\/v2\/comments?post=15310"}],"version-history":[{"count":1,"href":"https:\/\/pararepublique.com\/index.php\/wp-json\/wp\/v2\/product\/15310\/revisions"}],"predecessor-version":[{"id":15312,"href":"https:\/\/pararepublique.com\/index.php\/wp-json\/wp\/v2\/product\/15310\/revisions\/15312"}],"wp:featuredmedia":[{"embeddable":true,"href":"https:\/\/pararepublique.com\/index.php\/wp-json\/wp\/v2\/media\/15311"}],"wp:attachment":[{"href":"https:\/\/pararepublique.com\/index.php\/wp-json\/wp\/v2\/media?parent=15310"}],"wp:term":[{"taxonomy":"product_cat","embeddable":true,"href":"https:\/\/pararepublique.com\/index.php\/wp-json\/wp\/v2\/product_cat?post=15310"},{"taxonomy":"product_tag","embeddable":true,"href":"https:\/\/pararepublique.com\/index.php\/wp-json\/wp\/v2\/product_tag?post=15310"}],"curies":[{"name":"wp","href":"https:\/\/api.w.org\/{rel}","templated":true}]}}