{"id":15313,"date":"2024-12-23T11:21:52","date_gmt":"2024-12-23T11:21:52","guid":{"rendered":"https:\/\/pararepublique.com\/?post_type=product&#038;p=15313"},"modified":"2024-12-23T11:21:52","modified_gmt":"2024-12-23T11:21:52","slug":"parfum-essence-note-myrte-bergam-vap-100ml","status":"publish","type":"product","link":"https:\/\/pararepublique.com\/index.php\/product\/parfum-essence-note-myrte-bergam-vap-100ml\/","title":{"rendered":"PARFUM ESSENCE NOTE MYRTE\/BERGAM VAP 100ml"},"content":{"rendered":"<p>L\u2019essence naturelle de Myrte et ses fleurs aromatiques alli\u00e9s \u00e0 la douceur de la Bergamote Corse. La sensualit\u00e9 du N\u00e9roli et du Jasmin de Grasse apporte un bouquet fleuri \u00e0 l\u2019ensemble de la composition.<\/p>\n<p>fragrance (parfum), water (aqua), limonene, BHT, butyl methoxydibenzoylmethane, ethylexyl methoxycinnamate, ethylhexyl salicylate, red 33 (CI 17200), alpha-isomethyl ionone, benzyl alcohol, benzyl benzoate, cinnamyl alcohol, citral, citronellol, coumarin, eugenol, geraniol, hydroxycitronellal, linalool.<\/p>\n","protected":false},"excerpt":{"rendered":"<p>L\u2019essence naturelle de Myrte et ses fleurs aromatiques alli\u00e9s \u00e0 la douceur de la Bergamote Corse. La sensualit\u00e9 du N\u00e9roli et du Jasmin de Grasse apporte un bouquet fleuri \u00e0 l\u2019ensemble de la composition.<\/p>\n","protected":false},"featured_media":15314,"comment_status":"open","ping_status":"closed","template":"","meta":{"inline_featured_image":false,"_monsterinsights_skip_tracking":false,"_monsterinsights_sitenote_active":false,"_monsterinsights_sitenote_note":"","_monsterinsights_sitenote_category":0,"_joinchat":[]},"product_cat":[106],"product_tag":[],"class_list":{"0":"post-15313","1":"product","2":"type-product","3":"status-publish","4":"has-post-thumbnail","6":"product_cat-parfumerie","8":"first","9":"instock","10":"shipping-taxable","11":"purchasable","12":"product-type-simple","13":"add-to-wishlist-after_add_to_cart"},"aioseo_notices":[],"_links":{"self":[{"href":"https:\/\/pararepublique.com\/index.php\/wp-json\/wp\/v2\/product\/15313","targetHints":{"allow":["GET"]}}],"collection":[{"href":"https:\/\/pararepublique.com\/index.php\/wp-json\/wp\/v2\/product"}],"about":[{"href":"https:\/\/pararepublique.com\/index.php\/wp-json\/wp\/v2\/types\/product"}],"replies":[{"embeddable":true,"href":"https:\/\/pararepublique.com\/index.php\/wp-json\/wp\/v2\/comments?post=15313"}],"version-history":[{"count":1,"href":"https:\/\/pararepublique.com\/index.php\/wp-json\/wp\/v2\/product\/15313\/revisions"}],"predecessor-version":[{"id":15315,"href":"https:\/\/pararepublique.com\/index.php\/wp-json\/wp\/v2\/product\/15313\/revisions\/15315"}],"wp:featuredmedia":[{"embeddable":true,"href":"https:\/\/pararepublique.com\/index.php\/wp-json\/wp\/v2\/media\/15314"}],"wp:attachment":[{"href":"https:\/\/pararepublique.com\/index.php\/wp-json\/wp\/v2\/media?parent=15313"}],"wp:term":[{"taxonomy":"product_cat","embeddable":true,"href":"https:\/\/pararepublique.com\/index.php\/wp-json\/wp\/v2\/product_cat?post=15313"},{"taxonomy":"product_tag","embeddable":true,"href":"https:\/\/pararepublique.com\/index.php\/wp-json\/wp\/v2\/product_tag?post=15313"}],"curies":[{"name":"wp","href":"https:\/\/api.w.org\/{rel}","templated":true}]}}