{"id":15316,"date":"2024-12-23T11:26:05","date_gmt":"2024-12-23T11:26:05","guid":{"rendered":"https:\/\/pararepublique.com\/?post_type=product&#038;p=15316"},"modified":"2024-12-23T11:26:05","modified_gmt":"2024-12-23T11:26:05","slug":"parfum-essence-note-orange-litsee-100ml","status":"publish","type":"product","link":"https:\/\/pararepublique.com\/index.php\/product\/parfum-essence-note-orange-litsee-100ml\/","title":{"rendered":"PARFUM ESSENCE NOTE ORANGE LITSEE 100ML"},"content":{"rendered":"<p>Une fragrance intemporelle et subtile o\u00f9 la douceur de l\u2019Orange se marie \u00e0 la fra\u00eecheur tonique de la Lits\u00e9e l\u00e9g\u00e8rement poudr\u00e9e. Ce parfum original aux essences naturelles vous transporte dans une orangeraie ensoleill\u00e9e des Milles et Une Nuits.<\/p>\n","protected":false},"excerpt":{"rendered":"<p><b>Orange&amp;Litsee<\/b> de <b>L&rsquo;Essence des Notes<\/b> est un parfum Hesp\u00e9rid\u00e9 pour homme et femme. Les notes de t\u00eate sont Citron, Orange et Bergamote; les notes de coeur sont Marjolaine, Armoise et Cardamome; les notes de fond sont Basilic et V\u00e9tiver.<\/p>\n","protected":false},"featured_media":15317,"comment_status":"open","ping_status":"closed","template":"","meta":{"inline_featured_image":false,"_monsterinsights_skip_tracking":false,"_monsterinsights_sitenote_active":false,"_monsterinsights_sitenote_note":"","_monsterinsights_sitenote_category":0,"_joinchat":[]},"product_cat":[106],"product_tag":[],"class_list":{"0":"post-15316","1":"product","2":"type-product","3":"status-publish","4":"has-post-thumbnail","6":"product_cat-parfumerie","8":"first","9":"instock","10":"shipping-taxable","11":"purchasable","12":"product-type-simple","13":"add-to-wishlist-after_add_to_cart"},"aioseo_notices":[],"_links":{"self":[{"href":"https:\/\/pararepublique.com\/index.php\/wp-json\/wp\/v2\/product\/15316","targetHints":{"allow":["GET"]}}],"collection":[{"href":"https:\/\/pararepublique.com\/index.php\/wp-json\/wp\/v2\/product"}],"about":[{"href":"https:\/\/pararepublique.com\/index.php\/wp-json\/wp\/v2\/types\/product"}],"replies":[{"embeddable":true,"href":"https:\/\/pararepublique.com\/index.php\/wp-json\/wp\/v2\/comments?post=15316"}],"version-history":[{"count":2,"href":"https:\/\/pararepublique.com\/index.php\/wp-json\/wp\/v2\/product\/15316\/revisions"}],"predecessor-version":[{"id":15319,"href":"https:\/\/pararepublique.com\/index.php\/wp-json\/wp\/v2\/product\/15316\/revisions\/15319"}],"wp:featuredmedia":[{"embeddable":true,"href":"https:\/\/pararepublique.com\/index.php\/wp-json\/wp\/v2\/media\/15317"}],"wp:attachment":[{"href":"https:\/\/pararepublique.com\/index.php\/wp-json\/wp\/v2\/media?parent=15316"}],"wp:term":[{"taxonomy":"product_cat","embeddable":true,"href":"https:\/\/pararepublique.com\/index.php\/wp-json\/wp\/v2\/product_cat?post=15316"},{"taxonomy":"product_tag","embeddable":true,"href":"https:\/\/pararepublique.com\/index.php\/wp-json\/wp\/v2\/product_tag?post=15316"}],"curies":[{"name":"wp","href":"https:\/\/api.w.org\/{rel}","templated":true}]}}