{"id":15324,"date":"2024-12-23T11:33:23","date_gmt":"2024-12-23T11:33:23","guid":{"rendered":"https:\/\/pararepublique.com\/?post_type=product&#038;p=15324"},"modified":"2024-12-23T11:33:24","modified_gmt":"2024-12-23T11:33:24","slug":"parfum-essence-note-pamplemousse","status":"publish","type":"product","link":"https:\/\/pararepublique.com\/index.php\/product\/parfum-essence-note-pamplemousse\/","title":{"rendered":"PARFUM ESSENCE NOTE PAMPLEMOUSSE"},"content":{"rendered":"<p>Depuis 2009, Pamplemousse Basilic est le best seller de la marque L\u2019Essence des Notes. Une fragrance o\u00f9 se m\u00eale la fra\u00eecheur du pamplemousse et le c\u00f4t\u00e9 vivifiant du basilic. Un bonheur a partag\u00e9 entre homme et femme.<\/p>\n<div class=\"productDescription_contentProperties productDescription_contentProperties_list openAccordions\" data-item-content=\"\">\n<div class=\"productDescription_synopsisContent\">\n<p>A d\u00e9couvrir les 11 fragrances mixtes, f\u00e9minines et masculines o\u00f9 toutes les familles olfactives sont repr\u00e9sent\u00e9es.<\/p>\n<p>Ingr\u00e9dients :<\/p>\n<div class=\"productDescription_contentProperties productDescription_contentProperties_list openAccordions\" data-item-content=\"\">\n<div class=\"productDescription_synopsisContent\">ALCOHOL DENAT., FRAGRANCE (PARFUM), WATER (AQUA), LIMONENE, BHT, BUTYLMETHOXYDIBENZOYLMETHANE, ETHYLHEXYL METHOXYCINNAMATE, ETHYLHEXYLSALICYLATE, BLUE 1 (CI 42090), YELLOW 5 (CI 19140), CITRAL, CITRONELLOL,GERANIOL, HEXYL CINNAMAL, HYDROXYCITRONELLAL, LINALOOL.<\/div>\n<\/div>\n<\/div>\n<\/div>\n","protected":false},"excerpt":{"rendered":"<p>Une composition p\u00e9tillante aux essences naturelles, \u00e9gay\u00e9e par le Pamplemousse associ\u00e9e \u00e0 la fra\u00eecheur aromatique du Basilic. Un hymne \u00e0 la joie et \u00e0 la bonne humeur.<\/p>\n","protected":false},"featured_media":15325,"comment_status":"open","ping_status":"closed","template":"","meta":{"inline_featured_image":false,"_monsterinsights_skip_tracking":false,"_monsterinsights_sitenote_active":false,"_monsterinsights_sitenote_note":"","_monsterinsights_sitenote_category":0,"_joinchat":[]},"product_cat":[106],"product_tag":[],"class_list":{"0":"post-15324","1":"product","2":"type-product","3":"status-publish","4":"has-post-thumbnail","6":"product_cat-parfumerie","8":"first","9":"instock","10":"shipping-taxable","11":"purchasable","12":"product-type-simple","13":"add-to-wishlist-after_add_to_cart"},"aioseo_notices":[],"_links":{"self":[{"href":"https:\/\/pararepublique.com\/index.php\/wp-json\/wp\/v2\/product\/15324","targetHints":{"allow":["GET"]}}],"collection":[{"href":"https:\/\/pararepublique.com\/index.php\/wp-json\/wp\/v2\/product"}],"about":[{"href":"https:\/\/pararepublique.com\/index.php\/wp-json\/wp\/v2\/types\/product"}],"replies":[{"embeddable":true,"href":"https:\/\/pararepublique.com\/index.php\/wp-json\/wp\/v2\/comments?post=15324"}],"version-history":[{"count":2,"href":"https:\/\/pararepublique.com\/index.php\/wp-json\/wp\/v2\/product\/15324\/revisions"}],"predecessor-version":[{"id":15327,"href":"https:\/\/pararepublique.com\/index.php\/wp-json\/wp\/v2\/product\/15324\/revisions\/15327"}],"wp:featuredmedia":[{"embeddable":true,"href":"https:\/\/pararepublique.com\/index.php\/wp-json\/wp\/v2\/media\/15325"}],"wp:attachment":[{"href":"https:\/\/pararepublique.com\/index.php\/wp-json\/wp\/v2\/media?parent=15324"}],"wp:term":[{"taxonomy":"product_cat","embeddable":true,"href":"https:\/\/pararepublique.com\/index.php\/wp-json\/wp\/v2\/product_cat?post=15324"},{"taxonomy":"product_tag","embeddable":true,"href":"https:\/\/pararepublique.com\/index.php\/wp-json\/wp\/v2\/product_tag?post=15324"}],"curies":[{"name":"wp","href":"https:\/\/api.w.org\/{rel}","templated":true}]}}