{"id":15328,"date":"2024-12-23T11:35:38","date_gmt":"2024-12-23T11:35:38","guid":{"rendered":"https:\/\/pararepublique.com\/?post_type=product&#038;p=15328"},"modified":"2024-12-23T11:35:39","modified_gmt":"2024-12-23T11:35:39","slug":"parfum-essence-note-premium-rose-de-kelaa","status":"publish","type":"product","link":"https:\/\/pararepublique.com\/index.php\/product\/parfum-essence-note-premium-rose-de-kelaa\/","title":{"rendered":"PARFUM ESSENCE NOTE PREMIUM ROSE DE KELAA"},"content":{"rendered":"<p><b>Rose de Kelaa<\/b> de <b>L&rsquo;Essence des Notes<\/b> est un parfum Floral pour femme. Les notes de t\u00eate sont F\u00e9rule gommeuse, Citron et Basilic; les notes de coeur sont Rose de Damas, Prune et Jasmin; les notes de fond sont Mousse de ch\u00eane, Patchouli et V\u00e9tiver.<\/p>\n","protected":false},"excerpt":{"rendered":"<p>Un accord parfait de la Rose Damascena et du jasmin de Grasse associ\u00e9s aux notes chaleureuses du patchouli de Madagascar. Une ode \u00e0 la beaut\u00e9 et \u00e0 la vie en rose.<\/p>\n","protected":false},"featured_media":15329,"comment_status":"open","ping_status":"closed","template":"","meta":{"inline_featured_image":false,"_monsterinsights_skip_tracking":false,"_monsterinsights_sitenote_active":false,"_monsterinsights_sitenote_note":"","_monsterinsights_sitenote_category":0,"_joinchat":[]},"product_cat":[106],"product_tag":[],"class_list":{"0":"post-15328","1":"product","2":"type-product","3":"status-publish","4":"has-post-thumbnail","6":"product_cat-parfumerie","8":"first","9":"instock","10":"shipping-taxable","11":"purchasable","12":"product-type-simple","13":"add-to-wishlist-after_add_to_cart"},"aioseo_notices":[],"_links":{"self":[{"href":"https:\/\/pararepublique.com\/index.php\/wp-json\/wp\/v2\/product\/15328","targetHints":{"allow":["GET"]}}],"collection":[{"href":"https:\/\/pararepublique.com\/index.php\/wp-json\/wp\/v2\/product"}],"about":[{"href":"https:\/\/pararepublique.com\/index.php\/wp-json\/wp\/v2\/types\/product"}],"replies":[{"embeddable":true,"href":"https:\/\/pararepublique.com\/index.php\/wp-json\/wp\/v2\/comments?post=15328"}],"version-history":[{"count":2,"href":"https:\/\/pararepublique.com\/index.php\/wp-json\/wp\/v2\/product\/15328\/revisions"}],"predecessor-version":[{"id":15331,"href":"https:\/\/pararepublique.com\/index.php\/wp-json\/wp\/v2\/product\/15328\/revisions\/15331"}],"wp:featuredmedia":[{"embeddable":true,"href":"https:\/\/pararepublique.com\/index.php\/wp-json\/wp\/v2\/media\/15329"}],"wp:attachment":[{"href":"https:\/\/pararepublique.com\/index.php\/wp-json\/wp\/v2\/media?parent=15328"}],"wp:term":[{"taxonomy":"product_cat","embeddable":true,"href":"https:\/\/pararepublique.com\/index.php\/wp-json\/wp\/v2\/product_cat?post=15328"},{"taxonomy":"product_tag","embeddable":true,"href":"https:\/\/pararepublique.com\/index.php\/wp-json\/wp\/v2\/product_tag?post=15328"}],"curies":[{"name":"wp","href":"https:\/\/api.w.org\/{rel}","templated":true}]}}