{"id":15338,"date":"2024-12-23T11:44:42","date_gmt":"2024-12-23T11:44:42","guid":{"rendered":"https:\/\/pararepublique.com\/?post_type=product&#038;p=15338"},"modified":"2024-12-23T11:44:42","modified_gmt":"2024-12-23T11:44:42","slug":"parfum-estee-lauder-modern-muse-50ml","status":"publish","type":"product","link":"https:\/\/pararepublique.com\/index.php\/product\/parfum-estee-lauder-modern-muse-50ml\/","title":{"rendered":"PARFUM ESTEE LAUDER MODERN MUSE 50ML"},"content":{"rendered":"<div class=\"spp-product__details-description\">\n<p><strong><em>Inspirez les autres. <\/em><\/strong><\/p>\n<p>D\u00e9couvrez une fragrance qui capture votre \u00e9l\u00e9gance, votre assurance et votre esprit cr\u00e9atif. Un d\u00e9licieux contraste entre un c\u00f4t\u00e9 floral p\u00e9tillant et des notes bois\u00e9es sensuelles et \u00e9l\u00e9gantes.<\/p>\n<p>Une dualit\u00e9 fascinante symbolis\u00e9e par deux accords diff\u00e9rents\u00a0: un accord p\u00e9tillant de jasmin et un accord bois\u00e9 volupt\u00e9. Une v\u00e9ritable innovation dans la composition des parfums, aussi complexe et fascinante que la femme qui l&rsquo;inspire.<\/p>\n<\/div>\n<div class=\"spp-product__details-attribute\">\n<h3 class=\"spp-product__details-attribute__label\">L&rsquo;inspiration<\/h3>\n<p>Modern Muse s&rsquo;inspire de la fascinante dualit\u00e9 de la femme d&rsquo;aujourd&rsquo;hui, et des contrastes dynamiques entre sa vie et sa personnalit\u00e9. Son \u00e9nergie cr\u00e9ative et sa f\u00e9minit\u00e9 magn\u00e9tique se r\u00e9v\u00e8lent dans cette fragrance florale et p\u00e9tillante aux multiples facettes. Son \u00e9l\u00e9gance, sa force et sa sensualit\u00e9, dans son c\u00f4t\u00e9 bois\u00e9.<\/p>\n<p>\u00cates-vous une Modern Muse ? Une femme s\u00fbre d&rsquo;elle et ind\u00e9pendante, douce et forte, f\u00e9minine et dynamique. \u00c9l\u00e9gante et originale, elle est une v\u00e9ritable inspiration pour les autres, sans prononcer un seul mot.<\/p>\n<\/div>\n","protected":false},"excerpt":{"rendered":"<p>D\u00e9couvrez une fragrance qui capture votre \u00e9l\u00e9gance, votre assurance et votre esprit cr\u00e9atif. Un d\u00e9licieux contraste entre un c\u00f4t\u00e9 floral p\u00e9tillant et des notes bois\u00e9es sensuelles et \u00e9l\u00e9gantes.<\/p>\n","protected":false},"featured_media":15339,"comment_status":"open","ping_status":"closed","template":"","meta":{"inline_featured_image":false,"_monsterinsights_skip_tracking":false,"_monsterinsights_sitenote_active":false,"_monsterinsights_sitenote_note":"","_monsterinsights_sitenote_category":0,"_joinchat":[]},"product_cat":[106],"product_tag":[],"class_list":{"0":"post-15338","1":"product","2":"type-product","3":"status-publish","4":"has-post-thumbnail","6":"product_cat-parfumerie","8":"first","9":"instock","10":"shipping-taxable","11":"purchasable","12":"product-type-simple","13":"add-to-wishlist-after_add_to_cart"},"aioseo_notices":[],"_links":{"self":[{"href":"https:\/\/pararepublique.com\/index.php\/wp-json\/wp\/v2\/product\/15338","targetHints":{"allow":["GET"]}}],"collection":[{"href":"https:\/\/pararepublique.com\/index.php\/wp-json\/wp\/v2\/product"}],"about":[{"href":"https:\/\/pararepublique.com\/index.php\/wp-json\/wp\/v2\/types\/product"}],"replies":[{"embeddable":true,"href":"https:\/\/pararepublique.com\/index.php\/wp-json\/wp\/v2\/comments?post=15338"}],"version-history":[{"count":1,"href":"https:\/\/pararepublique.com\/index.php\/wp-json\/wp\/v2\/product\/15338\/revisions"}],"predecessor-version":[{"id":15341,"href":"https:\/\/pararepublique.com\/index.php\/wp-json\/wp\/v2\/product\/15338\/revisions\/15341"}],"wp:featuredmedia":[{"embeddable":true,"href":"https:\/\/pararepublique.com\/index.php\/wp-json\/wp\/v2\/media\/15339"}],"wp:attachment":[{"href":"https:\/\/pararepublique.com\/index.php\/wp-json\/wp\/v2\/media?parent=15338"}],"wp:term":[{"taxonomy":"product_cat","embeddable":true,"href":"https:\/\/pararepublique.com\/index.php\/wp-json\/wp\/v2\/product_cat?post=15338"},{"taxonomy":"product_tag","embeddable":true,"href":"https:\/\/pararepublique.com\/index.php\/wp-json\/wp\/v2\/product_tag?post=15338"}],"curies":[{"name":"wp","href":"https:\/\/api.w.org\/{rel}","templated":true}]}}