{"id":15350,"date":"2024-12-23T11:57:45","date_gmt":"2024-12-23T11:57:45","guid":{"rendered":"https:\/\/pararepublique.com\/?post_type=product&#038;p=15350"},"modified":"2024-12-23T11:58:18","modified_gmt":"2024-12-23T11:58:18","slug":"15350","status":"publish","type":"product","link":"https:\/\/pararepublique.com\/index.php\/product\/15350\/","title":{"rendered":"PARFUM ETERNITY FEMME"},"content":{"rendered":"<p>Une expression moderne de l&rsquo;amour \u00e9ternel, <strong>ETERNITY Eau Fresh pour elle<\/strong> est une fragrance florale romantique qui \u00e9voque des sentiments d&rsquo;intimit\u00e9 et de connexion. Inspir\u00e9e par un jardin fleuri, le flacon rose et son parfum c\u00e9l\u00e8brent le romantisme, la spontan\u00e9it\u00e9 et l&rsquo;\u00e9ternit\u00e9.<\/p>\n","protected":false},"excerpt":{"rendered":"<p>Inspir\u00e9e par un jardin fleuri, le flacon rose et son parfum c\u00e9l\u00e8brent le romantisme, la spontan\u00e9it\u00e9 et l&rsquo;\u00e9ternit\u00e9.<\/p>\n","protected":false},"featured_media":15351,"comment_status":"open","ping_status":"closed","template":"","meta":{"inline_featured_image":false,"_monsterinsights_skip_tracking":false,"_monsterinsights_sitenote_active":false,"_monsterinsights_sitenote_note":"","_monsterinsights_sitenote_category":0,"_joinchat":[]},"product_cat":[106],"product_tag":[],"class_list":{"0":"post-15350","1":"product","2":"type-product","3":"status-publish","4":"has-post-thumbnail","6":"product_cat-parfumerie","8":"first","9":"instock","10":"shipping-taxable","11":"purchasable","12":"product-type-simple","13":"add-to-wishlist-after_add_to_cart"},"aioseo_notices":[],"_links":{"self":[{"href":"https:\/\/pararepublique.com\/index.php\/wp-json\/wp\/v2\/product\/15350","targetHints":{"allow":["GET"]}}],"collection":[{"href":"https:\/\/pararepublique.com\/index.php\/wp-json\/wp\/v2\/product"}],"about":[{"href":"https:\/\/pararepublique.com\/index.php\/wp-json\/wp\/v2\/types\/product"}],"replies":[{"embeddable":true,"href":"https:\/\/pararepublique.com\/index.php\/wp-json\/wp\/v2\/comments?post=15350"}],"version-history":[{"count":3,"href":"https:\/\/pararepublique.com\/index.php\/wp-json\/wp\/v2\/product\/15350\/revisions"}],"predecessor-version":[{"id":15354,"href":"https:\/\/pararepublique.com\/index.php\/wp-json\/wp\/v2\/product\/15350\/revisions\/15354"}],"wp:featuredmedia":[{"embeddable":true,"href":"https:\/\/pararepublique.com\/index.php\/wp-json\/wp\/v2\/media\/15351"}],"wp:attachment":[{"href":"https:\/\/pararepublique.com\/index.php\/wp-json\/wp\/v2\/media?parent=15350"}],"wp:term":[{"taxonomy":"product_cat","embeddable":true,"href":"https:\/\/pararepublique.com\/index.php\/wp-json\/wp\/v2\/product_cat?post=15350"},{"taxonomy":"product_tag","embeddable":true,"href":"https:\/\/pararepublique.com\/index.php\/wp-json\/wp\/v2\/product_tag?post=15350"}],"curies":[{"name":"wp","href":"https:\/\/api.w.org\/{rel}","templated":true}]}}