{"id":15355,"date":"2024-12-23T12:01:21","date_gmt":"2024-12-23T12:01:21","guid":{"rendered":"https:\/\/pararepublique.com\/?post_type=product&#038;p=15355"},"modified":"2024-12-23T12:01:21","modified_gmt":"2024-12-23T12:01:21","slug":"parfum-euphoria-100ml","status":"publish","type":"product","link":"https:\/\/pararepublique.com\/index.php\/product\/parfum-euphoria-100ml\/","title":{"rendered":"PARFUM EUPHORIA 100ML"},"content":{"rendered":"<p>Le souffle floral et fruit\u00e9 du parfum Calvin Klein Euphoria<\/p>\n<ul>\n<li>sa pyramide olfactive d\u00e9bute sur un vibrant et saisissant d\u00e9part, fait de grenade<\/li>\n<li>le coeur se d\u00e9veloppe gr\u00e2ce \u00e0 l&rsquo;\u00e9tonnante union entre des essences de fleur de lotus rose et d&rsquo;orchid\u00e9e<\/li>\n<li>s&rsquo;ach\u00e8ve sur un fond onctueux et sensuel regorgeant de violette noire, d&rsquo;ambre, de musc et d&rsquo;acajou<\/li>\n<li>c&rsquo;est un parfum <strong>irr\u00e9sistiblement s\u00e9duisant et tr\u00e8s f\u00e9minin<\/strong><\/li>\n<\/ul>\n<p>L\u2019euphorie d\u00e9signe une sensation intense de bonheur<\/p>\n<p><strong>Calvin Klein Euphoria<\/strong> poss\u00e8de une aura qui ensorcelle non seulement celle qui le porte,\u00a0mais\u00a0tous\u00a0ceux\u00a0qui\u00a0l&rsquo;entourent, et la transforme\u00a0en reine de la nuit. Gr\u00e2ce \u00e0 ses notes olfactives authentiques, il r\u00e9veille la s\u00e9ductrice qui r\u00e8gne en vous et devient un complice imparable des celles qui d\u00e9sirent se d\u00e9marquer. Votre pouvoir d&rsquo;attraction ne laissera personne indiff\u00e9rent. Intense et chaude,<em> l&rsquo;eau de parfum Calvin Klein Euphoria<\/em> est une fragrance originale, sophistiqu\u00e9e et puissante qui saura vous accompagner durant l&rsquo;hiver. Comment vivre une sensation de bien-\u00eatre pleine de tendresse, d&rsquo;amour et de joie qui rendra votre journ\u00e9e plus agr\u00e9able ? Essayez l&rsquo;eau de parfum <strong>Calvin Klein Euphoria<\/strong>.<\/p>\n","protected":false},"excerpt":{"rendered":"<p>Le parfum <strong>Calvin Klein Euphoria Eau de Parfum<\/strong>, qui s&rsquo;est rapidement impos\u00e9 sur le march\u00e9 des parfums f\u00e9minins depuis son lancement en 2005, <strong>unit des notes de fleurs et de fruits exotiques \u00e0 des accords bois\u00e9s et orientals envo\u00fbtants<\/strong>. Il est empreint d\u2019\u00e9l\u00e9gance et de sensualit\u00e9. Calvin Klein Euphoria d\u00e9voile un monde \u00e9trange o\u00f9 le myst\u00e8re d&rsquo;un univers inexplor\u00e9 des fleurs exotiques surprend par son \u00e9nergie sans pr\u00e9c\u00e9dent et son attraction sensuelle.<\/p>\n","protected":false},"featured_media":15356,"comment_status":"open","ping_status":"closed","template":"","meta":{"inline_featured_image":false,"_monsterinsights_skip_tracking":false,"_monsterinsights_sitenote_active":false,"_monsterinsights_sitenote_note":"","_monsterinsights_sitenote_category":0,"_joinchat":[]},"product_cat":[106],"product_tag":[],"class_list":{"0":"post-15355","1":"product","2":"type-product","3":"status-publish","4":"has-post-thumbnail","6":"product_cat-parfumerie","8":"first","9":"instock","10":"shipping-taxable","11":"purchasable","12":"product-type-simple","13":"add-to-wishlist-after_add_to_cart"},"aioseo_notices":[],"_links":{"self":[{"href":"https:\/\/pararepublique.com\/index.php\/wp-json\/wp\/v2\/product\/15355","targetHints":{"allow":["GET"]}}],"collection":[{"href":"https:\/\/pararepublique.com\/index.php\/wp-json\/wp\/v2\/product"}],"about":[{"href":"https:\/\/pararepublique.com\/index.php\/wp-json\/wp\/v2\/types\/product"}],"replies":[{"embeddable":true,"href":"https:\/\/pararepublique.com\/index.php\/wp-json\/wp\/v2\/comments?post=15355"}],"version-history":[{"count":2,"href":"https:\/\/pararepublique.com\/index.php\/wp-json\/wp\/v2\/product\/15355\/revisions"}],"predecessor-version":[{"id":15358,"href":"https:\/\/pararepublique.com\/index.php\/wp-json\/wp\/v2\/product\/15355\/revisions\/15358"}],"wp:featuredmedia":[{"embeddable":true,"href":"https:\/\/pararepublique.com\/index.php\/wp-json\/wp\/v2\/media\/15356"}],"wp:attachment":[{"href":"https:\/\/pararepublique.com\/index.php\/wp-json\/wp\/v2\/media?parent=15355"}],"wp:term":[{"taxonomy":"product_cat","embeddable":true,"href":"https:\/\/pararepublique.com\/index.php\/wp-json\/wp\/v2\/product_cat?post=15355"},{"taxonomy":"product_tag","embeddable":true,"href":"https:\/\/pararepublique.com\/index.php\/wp-json\/wp\/v2\/product_tag?post=15355"}],"curies":[{"name":"wp","href":"https:\/\/api.w.org\/{rel}","templated":true}]}}