{"id":15359,"date":"2024-12-23T12:04:30","date_gmt":"2024-12-23T12:04:30","guid":{"rendered":"https:\/\/pararepublique.com\/?post_type=product&#038;p=15359"},"modified":"2024-12-23T12:04:31","modified_gmt":"2024-12-23T12:04:31","slug":"parfum-euphoria-eau-de-parfum","status":"publish","type":"product","link":"https:\/\/pararepublique.com\/index.php\/product\/parfum-euphoria-eau-de-parfum\/","title":{"rendered":"PARFUM EUPHORIA EAU DE PARFUM"},"content":{"rendered":"<p>Euphoria ou le myst\u00e8re d&rsquo;un univers inexplor\u00e9\u2026Une fragrance v\u00e9cue tel un r\u00eave absolu: l&rsquo;abandon ultime au plaisir. F\u00e9minit\u00e9 troublante, s&rsquo;adonnant au d\u00e9licieux danger de la tentation\u2026Euphoria ou l&rsquo;ivresse des sens\u2026Un parfum oriental envo\u00fbtant o\u00f9 l&rsquo;orchid\u00e9e rehauss\u00e9e de notes fruit\u00e9es exotiques fait \u00e9cho au sillage riche et cr\u00e9meux. Une promesse sensuelle qui r\u00e9v\u00e8le la beaut\u00e9 myst\u00e9rieuse de la femme.<\/p>\n<p>Note de tete : Grenade, Kaki, Notes Vertes Hesp\u00e9rid\u00e9es<br \/>\nNote de c\u0153ur : Orchid\u00e9e Noire, Fleur de Champaca, Fleur de Lotus<br \/>\nNote de fond : Bois d&rsquo;acajou, Notes Onctueuses, Violette Noire, Ambre Liquide<\/p>\n","protected":false},"excerpt":{"rendered":"<p>Calvin Klein Euphoria Eau de Parfum. EUPHORIA, LE PARFUM SYMBOLE DE LIBERT\u00c9 SIGN\u00c9 CALVIN KLEIN. Euphoria est un parfum qui a \u00e9t\u00e9 \u00e9labor\u00e9 par Calvin Klein en 2005 et dont l&rsquo;enseigne livre cette simple description : \u00ab Euphoria est un voyage vers l&rsquo;infini. Inspir\u00e9 par la libert\u00e9 de vivre son r\u00eave.<\/p>\n","protected":false},"featured_media":15360,"comment_status":"open","ping_status":"closed","template":"","meta":{"inline_featured_image":false,"_monsterinsights_skip_tracking":false,"_monsterinsights_sitenote_active":false,"_monsterinsights_sitenote_note":"","_monsterinsights_sitenote_category":0,"_joinchat":[]},"product_cat":[106],"product_tag":[],"class_list":{"0":"post-15359","1":"product","2":"type-product","3":"status-publish","4":"has-post-thumbnail","6":"product_cat-parfumerie","8":"first","9":"instock","10":"shipping-taxable","11":"purchasable","12":"product-type-simple","13":"add-to-wishlist-after_add_to_cart"},"aioseo_notices":[],"_links":{"self":[{"href":"https:\/\/pararepublique.com\/index.php\/wp-json\/wp\/v2\/product\/15359","targetHints":{"allow":["GET"]}}],"collection":[{"href":"https:\/\/pararepublique.com\/index.php\/wp-json\/wp\/v2\/product"}],"about":[{"href":"https:\/\/pararepublique.com\/index.php\/wp-json\/wp\/v2\/types\/product"}],"replies":[{"embeddable":true,"href":"https:\/\/pararepublique.com\/index.php\/wp-json\/wp\/v2\/comments?post=15359"}],"version-history":[{"count":2,"href":"https:\/\/pararepublique.com\/index.php\/wp-json\/wp\/v2\/product\/15359\/revisions"}],"predecessor-version":[{"id":15362,"href":"https:\/\/pararepublique.com\/index.php\/wp-json\/wp\/v2\/product\/15359\/revisions\/15362"}],"wp:featuredmedia":[{"embeddable":true,"href":"https:\/\/pararepublique.com\/index.php\/wp-json\/wp\/v2\/media\/15360"}],"wp:attachment":[{"href":"https:\/\/pararepublique.com\/index.php\/wp-json\/wp\/v2\/media?parent=15359"}],"wp:term":[{"taxonomy":"product_cat","embeddable":true,"href":"https:\/\/pararepublique.com\/index.php\/wp-json\/wp\/v2\/product_cat?post=15359"},{"taxonomy":"product_tag","embeddable":true,"href":"https:\/\/pararepublique.com\/index.php\/wp-json\/wp\/v2\/product_tag?post=15359"}],"curies":[{"name":"wp","href":"https:\/\/api.w.org\/{rel}","templated":true}]}}