{"id":15363,"date":"2024-12-23T12:08:01","date_gmt":"2024-12-23T12:08:01","guid":{"rendered":"https:\/\/pararepublique.com\/?post_type=product&#038;p=15363"},"modified":"2024-12-23T12:08:01","modified_gmt":"2024-12-23T12:08:01","slug":"parfum-euphoria-endless","status":"publish","type":"product","link":"https:\/\/pararepublique.com\/index.php\/product\/parfum-euphoria-endless\/","title":{"rendered":"PARFUM EUPHORIA ENDLESS"},"content":{"rendered":"<p>Endless Euphoria de Calvin Klein, cr\u00e9\u00e9 par Bruno Jovanovic, donne un parfum fruit\u00e9 rafra\u00eechissant avec la composition de fleurs de cerisier, de mandarine et de bergamote. Rose pastel et violettes forment un r\u00eave de jour. La composition est d\u00e9licatement et sensuellement arrondie avec du bambou, du bois de santal et du musc.<\/p>\n","protected":false},"excerpt":{"rendered":"<p><b>Endless Euphoria<\/b> de <b>Calvin Klein<\/b> est un parfum Floral fruit\u00e9 pour femme. <b>Endless Euphoria<\/b> a \u00e9t\u00e9 lanc\u00e9 en 2014. Le nez derri\u00e8re ce parfum est Bruno Jovanovic. Les notes de t\u00eate sont Fleur de cerisier, Mandarine et Bergamote; les notes de coeur sont Rose, Violette et Syringa; les notes de fond sont Bambou, Musc et Bois de santal.<\/p>\n","protected":false},"featured_media":15364,"comment_status":"open","ping_status":"closed","template":"","meta":{"inline_featured_image":false,"_monsterinsights_skip_tracking":false,"_monsterinsights_sitenote_active":false,"_monsterinsights_sitenote_note":"","_monsterinsights_sitenote_category":0,"_joinchat":[]},"product_cat":[106],"product_tag":[],"class_list":{"0":"post-15363","1":"product","2":"type-product","3":"status-publish","4":"has-post-thumbnail","6":"product_cat-parfumerie","8":"first","9":"instock","10":"shipping-taxable","11":"purchasable","12":"product-type-simple","13":"add-to-wishlist-after_add_to_cart"},"aioseo_notices":[],"_links":{"self":[{"href":"https:\/\/pararepublique.com\/index.php\/wp-json\/wp\/v2\/product\/15363","targetHints":{"allow":["GET"]}}],"collection":[{"href":"https:\/\/pararepublique.com\/index.php\/wp-json\/wp\/v2\/product"}],"about":[{"href":"https:\/\/pararepublique.com\/index.php\/wp-json\/wp\/v2\/types\/product"}],"replies":[{"embeddable":true,"href":"https:\/\/pararepublique.com\/index.php\/wp-json\/wp\/v2\/comments?post=15363"}],"version-history":[{"count":1,"href":"https:\/\/pararepublique.com\/index.php\/wp-json\/wp\/v2\/product\/15363\/revisions"}],"predecessor-version":[{"id":15365,"href":"https:\/\/pararepublique.com\/index.php\/wp-json\/wp\/v2\/product\/15363\/revisions\/15365"}],"wp:featuredmedia":[{"embeddable":true,"href":"https:\/\/pararepublique.com\/index.php\/wp-json\/wp\/v2\/media\/15364"}],"wp:attachment":[{"href":"https:\/\/pararepublique.com\/index.php\/wp-json\/wp\/v2\/media?parent=15363"}],"wp:term":[{"taxonomy":"product_cat","embeddable":true,"href":"https:\/\/pararepublique.com\/index.php\/wp-json\/wp\/v2\/product_cat?post=15363"},{"taxonomy":"product_tag","embeddable":true,"href":"https:\/\/pararepublique.com\/index.php\/wp-json\/wp\/v2\/product_tag?post=15363"}],"curies":[{"name":"wp","href":"https:\/\/api.w.org\/{rel}","templated":true}]}}