{"id":15366,"date":"2024-12-23T12:10:16","date_gmt":"2024-12-23T12:10:16","guid":{"rendered":"https:\/\/pararepublique.com\/?post_type=product&#038;p=15366"},"modified":"2024-12-23T12:10:16","modified_gmt":"2024-12-23T12:10:16","slug":"parfum-euphoria-forbidden-femme","status":"publish","type":"product","link":"https:\/\/pararepublique.com\/index.php\/product\/parfum-euphoria-forbidden-femme\/","title":{"rendered":"PARFUM EUPHORIA FORBIDDEN FEMME"},"content":{"rendered":"<div class=\"product-tabs__tab-item-content rte\">Forbidden Euphoria de Calvin Klein Parfum. <span id=\"product-read-more-text-mq1\" class=\"\">Partagez vos secrets les plus profonds avec juste une touche de Forbidden Euphoria, le nouveau parfum f\u00e9minin sensuel de Calvin Klein. L&rsquo;une des formules les plus intrigantes de Calvin Klein, elle est parfaite pour les tenues de soir\u00e9e et les occasions romantiques. Forbidden Euphoria ravit les sens avec des notes \u00e9lev\u00e9es de mandarines et de fleur de p\u00eacher. Les notes sucr\u00e9es de fruit de la passion et de framboise sont intrigantes et irr\u00e9sistibles. Ce parfum 2011 se termine par une touche de pivoine rose pour un<\/span>\u00a0<span id=\"product-read-more-text\" class=\"mq1dnone\">un souvenir de plaisir qui dure longtemps.<\/span><\/div>\n","protected":false},"excerpt":{"rendered":"<p><b>Forbidden Euphoria<\/b> de <b>Calvin Klein<\/b> est un parfum Floral fruit\u00e9 pour femme. <b>Forbidden Euphoria<\/b> a \u00e9t\u00e9 lanc\u00e9 en 2011. Les notes de t\u00eate sont Framboise, Fleur de p\u00e9cher et Mandarine; les notes de coeur sont Orchid\u00e9e, Pivoine et Jasmin; les notes de fond sont Patchouli, Bois de cachemire et Musc.<\/p>\n","protected":false},"featured_media":15367,"comment_status":"open","ping_status":"closed","template":"","meta":{"inline_featured_image":false,"_monsterinsights_skip_tracking":false,"_monsterinsights_sitenote_active":false,"_monsterinsights_sitenote_note":"","_monsterinsights_sitenote_category":0,"_joinchat":[]},"product_cat":[106],"product_tag":[],"class_list":{"0":"post-15366","1":"product","2":"type-product","3":"status-publish","4":"has-post-thumbnail","6":"product_cat-parfumerie","8":"first","9":"instock","10":"shipping-taxable","11":"purchasable","12":"product-type-simple","13":"add-to-wishlist-after_add_to_cart"},"aioseo_notices":[],"_links":{"self":[{"href":"https:\/\/pararepublique.com\/index.php\/wp-json\/wp\/v2\/product\/15366","targetHints":{"allow":["GET"]}}],"collection":[{"href":"https:\/\/pararepublique.com\/index.php\/wp-json\/wp\/v2\/product"}],"about":[{"href":"https:\/\/pararepublique.com\/index.php\/wp-json\/wp\/v2\/types\/product"}],"replies":[{"embeddable":true,"href":"https:\/\/pararepublique.com\/index.php\/wp-json\/wp\/v2\/comments?post=15366"}],"version-history":[{"count":2,"href":"https:\/\/pararepublique.com\/index.php\/wp-json\/wp\/v2\/product\/15366\/revisions"}],"predecessor-version":[{"id":15369,"href":"https:\/\/pararepublique.com\/index.php\/wp-json\/wp\/v2\/product\/15366\/revisions\/15369"}],"wp:featuredmedia":[{"embeddable":true,"href":"https:\/\/pararepublique.com\/index.php\/wp-json\/wp\/v2\/media\/15367"}],"wp:attachment":[{"href":"https:\/\/pararepublique.com\/index.php\/wp-json\/wp\/v2\/media?parent=15366"}],"wp:term":[{"taxonomy":"product_cat","embeddable":true,"href":"https:\/\/pararepublique.com\/index.php\/wp-json\/wp\/v2\/product_cat?post=15366"},{"taxonomy":"product_tag","embeddable":true,"href":"https:\/\/pararepublique.com\/index.php\/wp-json\/wp\/v2\/product_tag?post=15366"}],"curies":[{"name":"wp","href":"https:\/\/api.w.org\/{rel}","templated":true}]}}