{"id":15373,"date":"2024-12-23T12:16:32","date_gmt":"2024-12-23T12:16:32","guid":{"rendered":"https:\/\/pararepublique.com\/?post_type=product&#038;p=15373"},"modified":"2024-12-23T12:16:32","modified_gmt":"2024-12-23T12:16:32","slug":"parfum-givenchy-coffret","status":"publish","type":"product","link":"https:\/\/pararepublique.com\/index.php\/product\/parfum-givenchy-coffret\/","title":{"rendered":"PARFUM GIVENCHY COFFRET"},"content":{"rendered":"<p>D\u00e9couvrez Givenchy Gentleman R\u00e9serve Priv\u00e9e Eau de Parfum, une fragrance bois\u00e9e florale ambr\u00e9e unique inspir\u00e9e du raffinement ultime d&rsquo;un whisky doux et aromatique.<\/p>\n<p>Co-cr\u00e9\u00e9e par des ma\u00eetres distillateurs et des ma\u00eetres parfumeurs, elle conjugue le savoir-faire de deux univers olfactifs pour donner vie \u00e0 une fragrance intense pour les gentlemen exceptionnels et sophistiqu\u00e9s.<\/p>\n<p>Expression d\u2019une dualit\u00e9 captivante, Givenchy Gentleman R\u00e9serve Priv\u00e9e m\u00eale profondeurs bois\u00e9es et notes florales d\u00e9licates \u00e0 travers un contraste subtil et envo\u00fbtant d\u2019iris et de bois ambr\u00e9s. L\u2019absolu de whisky, \u00e9labor\u00e9 \u00e0 Grasse \u00e0 partir de l&rsquo;orge d&rsquo;une distillerie \u00e9cossaise raffin\u00e9e, impr\u00e8gne cette Eau de Parfum pour homme d&rsquo;une \u00e9l\u00e9gance pure et intemporelle.<\/p>\n","protected":false},"excerpt":{"rendered":"<div class=\"rah-static rah-static--height-auto\" aria-hidden=\"false\">\n<div>\n<div class=\"ulKuLk QfrfFD cell\">\n<div class=\"zp8uy2\" data-hook=\"info-section-description\">\n<p>Coffret parfum pour homme contenant:<\/p>\n<p>L&rsquo;Eau de Parfum R\u00e9serve Priv\u00e9e 100ml<\/p>\n<p>Le\u00a0Gel douche 75ml<\/p>\n<p>Le Vaporisateur de Voyage 12,5ml<\/p>\n<p>produit authentique<\/p>\n<\/div>\n<\/div>\n<\/div>\n<\/div>\n","protected":false},"featured_media":15374,"comment_status":"open","ping_status":"closed","template":"","meta":{"inline_featured_image":false,"_monsterinsights_skip_tracking":false,"_monsterinsights_sitenote_active":false,"_monsterinsights_sitenote_note":"","_monsterinsights_sitenote_category":0,"_joinchat":[]},"product_cat":[106],"product_tag":[],"class_list":{"0":"post-15373","1":"product","2":"type-product","3":"status-publish","4":"has-post-thumbnail","6":"product_cat-parfumerie","8":"first","9":"instock","10":"shipping-taxable","11":"purchasable","12":"product-type-simple","13":"add-to-wishlist-after_add_to_cart"},"aioseo_notices":[],"_links":{"self":[{"href":"https:\/\/pararepublique.com\/index.php\/wp-json\/wp\/v2\/product\/15373","targetHints":{"allow":["GET"]}}],"collection":[{"href":"https:\/\/pararepublique.com\/index.php\/wp-json\/wp\/v2\/product"}],"about":[{"href":"https:\/\/pararepublique.com\/index.php\/wp-json\/wp\/v2\/types\/product"}],"replies":[{"embeddable":true,"href":"https:\/\/pararepublique.com\/index.php\/wp-json\/wp\/v2\/comments?post=15373"}],"version-history":[{"count":2,"href":"https:\/\/pararepublique.com\/index.php\/wp-json\/wp\/v2\/product\/15373\/revisions"}],"predecessor-version":[{"id":15376,"href":"https:\/\/pararepublique.com\/index.php\/wp-json\/wp\/v2\/product\/15373\/revisions\/15376"}],"wp:featuredmedia":[{"embeddable":true,"href":"https:\/\/pararepublique.com\/index.php\/wp-json\/wp\/v2\/media\/15374"}],"wp:attachment":[{"href":"https:\/\/pararepublique.com\/index.php\/wp-json\/wp\/v2\/media?parent=15373"}],"wp:term":[{"taxonomy":"product_cat","embeddable":true,"href":"https:\/\/pararepublique.com\/index.php\/wp-json\/wp\/v2\/product_cat?post=15373"},{"taxonomy":"product_tag","embeddable":true,"href":"https:\/\/pararepublique.com\/index.php\/wp-json\/wp\/v2\/product_tag?post=15373"}],"curies":[{"name":"wp","href":"https:\/\/api.w.org\/{rel}","templated":true}]}}