{"id":15385,"date":"2024-12-23T12:24:40","date_gmt":"2024-12-23T12:24:40","guid":{"rendered":"https:\/\/pararepublique.com\/?post_type=product&#038;p=15385"},"modified":"2024-12-23T12:24:40","modified_gmt":"2024-12-23T12:24:40","slug":"parfum-givenchy-play-in-the-city-50ml","status":"publish","type":"product","link":"https:\/\/pararepublique.com\/index.php\/product\/parfum-givenchy-play-in-the-city-50ml\/","title":{"rendered":"PARFUM GIVENCHY PLAY IN THE CITY 50ML"},"content":{"rendered":"<p>Givenchy pr\u00e9sente deux nouvelles versions des parfums originaux Play de 2008 et Play for Her de 2010. Il s&rsquo;agit d&rsquo;\u00e9ditions limit\u00e9es baptis\u00e9es Givenchy Play in the City (pour lui et pour elle). Ces deux parfums hypnotiques et irr\u00e9sistibles sont enrichis d&rsquo;accords s\u00e9duisants d&rsquo;iris et de r\u00e9glisse.<\/p>\n<p>Play in the City for Her, d\u00e9crit comme une composition p\u00e9tillante et audacieuse, d\u00e9bute par un doux m\u00e9lange de fruits rouges et de r\u00e9glisse. Le c\u0153ur reprend la note signature de la ligne Play, le bois d&rsquo;amyris, ainsi que la fleur de tiar\u00e9 et l&rsquo;iris. La base se compose de bois de santal, de musc et de vanille.<\/p>\n<p>Disponible en Eau de Parfum de 50 ml.<\/p>\n","protected":false},"excerpt":{"rendered":"<p><b>Jouez dans la ville pour elle<\/b>\u00a0par\u00a0<b>Givenchy<\/b>\u00a0est un parfum Ambre Floral pour femme.\u00a0<b>Jouez dans la ville pour elle<\/b>\u00a0a \u00e9t\u00e9 lanc\u00e9 en 2013. Les notes de t\u00eate sont Fruits rouges et R\u00e9glisse; les notes de coeur sont Amyris, Fleur de tiar\u00e9 et Iris; les notes de fond sont Vanille, Musc et Bois de santal.<\/p>\n","protected":false},"featured_media":15386,"comment_status":"open","ping_status":"closed","template":"","meta":{"inline_featured_image":false,"_monsterinsights_skip_tracking":false,"_monsterinsights_sitenote_active":false,"_monsterinsights_sitenote_note":"","_monsterinsights_sitenote_category":0,"_joinchat":[]},"product_cat":[106],"product_tag":[],"class_list":{"0":"post-15385","1":"product","2":"type-product","3":"status-publish","4":"has-post-thumbnail","6":"product_cat-parfumerie","8":"first","9":"instock","10":"shipping-taxable","11":"purchasable","12":"product-type-simple","13":"add-to-wishlist-after_add_to_cart"},"aioseo_notices":[],"_links":{"self":[{"href":"https:\/\/pararepublique.com\/index.php\/wp-json\/wp\/v2\/product\/15385","targetHints":{"allow":["GET"]}}],"collection":[{"href":"https:\/\/pararepublique.com\/index.php\/wp-json\/wp\/v2\/product"}],"about":[{"href":"https:\/\/pararepublique.com\/index.php\/wp-json\/wp\/v2\/types\/product"}],"replies":[{"embeddable":true,"href":"https:\/\/pararepublique.com\/index.php\/wp-json\/wp\/v2\/comments?post=15385"}],"version-history":[{"count":1,"href":"https:\/\/pararepublique.com\/index.php\/wp-json\/wp\/v2\/product\/15385\/revisions"}],"predecessor-version":[{"id":15387,"href":"https:\/\/pararepublique.com\/index.php\/wp-json\/wp\/v2\/product\/15385\/revisions\/15387"}],"wp:featuredmedia":[{"embeddable":true,"href":"https:\/\/pararepublique.com\/index.php\/wp-json\/wp\/v2\/media\/15386"}],"wp:attachment":[{"href":"https:\/\/pararepublique.com\/index.php\/wp-json\/wp\/v2\/media?parent=15385"}],"wp:term":[{"taxonomy":"product_cat","embeddable":true,"href":"https:\/\/pararepublique.com\/index.php\/wp-json\/wp\/v2\/product_cat?post=15385"},{"taxonomy":"product_tag","embeddable":true,"href":"https:\/\/pararepublique.com\/index.php\/wp-json\/wp\/v2\/product_tag?post=15385"}],"curies":[{"name":"wp","href":"https:\/\/api.w.org\/{rel}","templated":true}]}}